{"id":1004,"date":"2023-08-16T23:26:25","date_gmt":"2023-08-17T03:26:25","guid":{"rendered":"https:\/\/puntadelgallo.cl\/?page_id=1004"},"modified":"2023-08-17T13:25:03","modified_gmt":"2023-08-17T17:25:03","slug":"plantacion-con-metodo-miyawaki","status":"publish","type":"page","link":"https:\/\/puntadelgallo.cl\/index.php\/plantacion-con-metodo-miyawaki\/","title":{"rendered":"Plantaci\u00f3n con m\u00e9todo Miyawaki"},"content":{"rendered":"\n<div class=\"wp-block-columns is-layout-flex wp-container-core-columns-is-layout-9d6595d7 wp-block-columns-is-layout-flex\">\n<div class=\"wp-block-column is-layout-flow wp-block-column-is-layout-flow\">\n<figure class=\"wp-block-image size-full\"><img loading=\"lazy\" decoding=\"async\" width=\"1024\" height=\"819\" src=\"https:\/\/puntadelgallo.cl\/wp-content\/uploads\/2023\/08\/bosque-group.jpg\" alt=\"\" class=\"wp-image-1005\" srcset=\"https:\/\/puntadelgallo.cl\/wp-content\/uploads\/2023\/08\/bosque-group.jpg 1024w, https:\/\/puntadelgallo.cl\/wp-content\/uploads\/2023\/08\/bosque-group-300x240.jpg 300w, https:\/\/puntadelgallo.cl\/wp-content\/uploads\/2023\/08\/bosque-group-768x614.jpg 768w\" sizes=\"auto, (max-width: 1024px) 100vw, 1024px\" \/><\/figure>\n<\/div>\n\n\n\n<div class=\"wp-block-column is-layout-flow wp-block-column-is-layout-flow\">\n<p>El s\u00e1bado 12 de agosto 2023, se llev\u00f3 a cabo la iniciativa propuesta por la Fundaci\u00f3n Tunqu\u00e9n Sustentable e impulsada por la OCF Punta del Gallo, que tuvo como objetivo plantar 34 \u00e1rboles de especies nativas (Quebracho, Maitene, Molle, Boldo, Litre y Corcole) en el sector de El Vado en la comunidad.<\/p>\n\n\n\n<p>La plantaci\u00f3n fue realizada considerando el m\u00e9todo Miyawaki, que acelera el crecimiento de las plantas de forma sustentable y los trabajos para preparar el terreno duraron aproximadamente 5 d\u00edas.<br>La preparaci\u00f3n consisti\u00f3 en la excavaci\u00f3n de un \u00e1rea de aproximadamente 12 metros cuadrados, con una profundidad de 50 cent\u00edmetros, para luego mezclar la tierra vegetal con compost, perlitas y arena. Posterior a la plantaci\u00f3n, se tap\u00f3 todo el sector con paja para as\u00ed evitar la evaporaci\u00f3n de los riegos.<\/p>\n\n\n\n<p>Agradecemos la colaboraci\u00f3n de Ingrid Antonijevic, como tambi\u00e9n la gentileza de la familia Cruz-Gin por facilitar el espacio para la plantaci\u00f3n.<\/p>\n\n\n\n<p>\u00a1Muchas gracias a vecinas y vecinos que participaron con mucho entusiasmo en la jornada!<\/p>\n<\/div>\n<\/div>\n\n\n<style>.wp-block-kadence-advancedgallery .kb-gallery-type-masonry.kb-gallery-id-1004_ff40a8-fb{margin:-13px;}.kb-gallery-type-masonry.kb-gallery-id-1004_ff40a8-fb .kadence-blocks-gallery-item{padding:13px;}.kb-gallery-id-1004_ff40a8-fb .kadence-blocks-gallery-item .kb-gal-image-radius, .kb-gallery-id-1004_ff40a8-fb .kb-slide-item .kb-gal-image-radius img{border-radius:0px 0px 0px 0px;;}<\/style><div class=\"kb-gallery-wrap-id-1004_ff40a8-fb alignnone wp-block-kadence-advancedgallery\"><ul class=\"kb-gallery-ul kb-gallery-non-static kb-gallery-type-masonry kb-masonry-init kb-gallery-id-1004_ff40a8-fb kb-gallery-caption-style-bottom-hover kb-gallery-filter-none\" data-image-filter=\"none\" data-item-selector=\".kadence-blocks-gallery-item\" data-lightbox-caption=\"true\" data-columns-xxl=\"3\" data-columns-xl=\"3\" data-columns-md=\"3\" data-columns-sm=\"2\" data-columns-xs=\"1\" data-columns-ss=\"1\"><li class=\"kadence-blocks-gallery-item\" tabindex=\"0\"><div class=\"kadence-blocks-gallery-item-inner\"><figure class=\"kb-gallery-figure kadence-blocks-gallery-item-hide-caption\"><div class=\"kb-gal-image-radius\" style=\"max-width:1024px;\"><div class=\"kb-gallery-image-contain kadence-blocks-gallery-intrinsic\" style=\"padding-bottom:75%;\"><img loading=\"lazy\" decoding=\"async\" src=\"https:\/\/puntadelgallo.cl\/wp-content\/uploads\/2023\/08\/WhatsApp-Image-2023-08-17-at-11.02.00-1-1024x768.jpeg\" width=\"1024\" height=\"768\" alt=\"\" data-full-image=\"https:\/\/puntadelgallo.cl\/wp-content\/uploads\/2023\/08\/WhatsApp-Image-2023-08-17-at-11.02.00-1.jpeg\" data-light-image=\"https:\/\/puntadelgallo.cl\/wp-content\/uploads\/2023\/08\/WhatsApp-Image-2023-08-17-at-11.02.00-1.jpeg\" data-id=\"1031\" class=\"wp-image-1031\" srcset=\"https:\/\/puntadelgallo.cl\/wp-content\/uploads\/2023\/08\/WhatsApp-Image-2023-08-17-at-11.02.00-1-1024x768.jpeg 1024w, https:\/\/puntadelgallo.cl\/wp-content\/uploads\/2023\/08\/WhatsApp-Image-2023-08-17-at-11.02.00-1-300x225.jpeg 300w, https:\/\/puntadelgallo.cl\/wp-content\/uploads\/2023\/08\/WhatsApp-Image-2023-08-17-at-11.02.00-1-768x576.jpeg 768w, https:\/\/puntadelgallo.cl\/wp-content\/uploads\/2023\/08\/WhatsApp-Image-2023-08-17-at-11.02.00-1-1536x1152.jpeg 1536w, https:\/\/puntadelgallo.cl\/wp-content\/uploads\/2023\/08\/WhatsApp-Image-2023-08-17-at-11.02.00-1.jpeg 1600w\" sizes=\"auto, (max-width: 1024px) 100vw, 1024px\" \/><\/div><\/div><\/figure><\/div><\/li><li class=\"kadence-blocks-gallery-item\" tabindex=\"0\"><div class=\"kadence-blocks-gallery-item-inner\"><figure class=\"kb-gallery-figure kadence-blocks-gallery-item-hide-caption\"><div class=\"kb-gal-image-radius\" style=\"max-width:1024px;\"><div class=\"kb-gallery-image-contain kadence-blocks-gallery-intrinsic\" style=\"padding-bottom:75%;\"><img loading=\"lazy\" decoding=\"async\" src=\"https:\/\/puntadelgallo.cl\/wp-content\/uploads\/2023\/08\/WhatsApp-Image-2023-08-17-at-11.01.59-1-1024x768.jpeg\" width=\"1024\" height=\"768\" alt=\"\" data-full-image=\"https:\/\/puntadelgallo.cl\/wp-content\/uploads\/2023\/08\/WhatsApp-Image-2023-08-17-at-11.01.59-1.jpeg\" data-light-image=\"https:\/\/puntadelgallo.cl\/wp-content\/uploads\/2023\/08\/WhatsApp-Image-2023-08-17-at-11.01.59-1.jpeg\" data-id=\"1032\" class=\"wp-image-1032\" srcset=\"https:\/\/puntadelgallo.cl\/wp-content\/uploads\/2023\/08\/WhatsApp-Image-2023-08-17-at-11.01.59-1-1024x768.jpeg 1024w, https:\/\/puntadelgallo.cl\/wp-content\/uploads\/2023\/08\/WhatsApp-Image-2023-08-17-at-11.01.59-1-300x225.jpeg 300w, https:\/\/puntadelgallo.cl\/wp-content\/uploads\/2023\/08\/WhatsApp-Image-2023-08-17-at-11.01.59-1-768x576.jpeg 768w, https:\/\/puntadelgallo.cl\/wp-content\/uploads\/2023\/08\/WhatsApp-Image-2023-08-17-at-11.01.59-1-1536x1152.jpeg 1536w, https:\/\/puntadelgallo.cl\/wp-content\/uploads\/2023\/08\/WhatsApp-Image-2023-08-17-at-11.01.59-1.jpeg 1600w\" sizes=\"auto, (max-width: 1024px) 100vw, 1024px\" \/><\/div><\/div><\/figure><\/div><\/li><li class=\"kadence-blocks-gallery-item\" tabindex=\"0\"><div class=\"kadence-blocks-gallery-item-inner\"><figure class=\"kb-gallery-figure kadence-blocks-gallery-item-hide-caption\"><div class=\"kb-gal-image-radius\" style=\"max-width:1024px;\"><div class=\"kb-gallery-image-contain kadence-blocks-gallery-intrinsic\" style=\"padding-bottom:75%;\"><img loading=\"lazy\" decoding=\"async\" src=\"https:\/\/puntadelgallo.cl\/wp-content\/uploads\/2023\/08\/WhatsApp-Image-2023-08-17-at-11.01.53-1-1024x768.jpeg\" width=\"1024\" height=\"768\" alt=\"\" data-full-image=\"https:\/\/puntadelgallo.cl\/wp-content\/uploads\/2023\/08\/WhatsApp-Image-2023-08-17-at-11.01.53-1.jpeg\" data-light-image=\"https:\/\/puntadelgallo.cl\/wp-content\/uploads\/2023\/08\/WhatsApp-Image-2023-08-17-at-11.01.53-1.jpeg\" data-id=\"1034\" class=\"wp-image-1034\" srcset=\"https:\/\/puntadelgallo.cl\/wp-content\/uploads\/2023\/08\/WhatsApp-Image-2023-08-17-at-11.01.53-1-1024x768.jpeg 1024w, https:\/\/puntadelgallo.cl\/wp-content\/uploads\/2023\/08\/WhatsApp-Image-2023-08-17-at-11.01.53-1-300x225.jpeg 300w, https:\/\/puntadelgallo.cl\/wp-content\/uploads\/2023\/08\/WhatsApp-Image-2023-08-17-at-11.01.53-1-768x576.jpeg 768w, https:\/\/puntadelgallo.cl\/wp-content\/uploads\/2023\/08\/WhatsApp-Image-2023-08-17-at-11.01.53-1-1536x1152.jpeg 1536w, https:\/\/puntadelgallo.cl\/wp-content\/uploads\/2023\/08\/WhatsApp-Image-2023-08-17-at-11.01.53-1.jpeg 1600w\" sizes=\"auto, (max-width: 1024px) 100vw, 1024px\" \/><\/div><\/div><\/figure><\/div><\/li><li class=\"kadence-blocks-gallery-item\" tabindex=\"0\"><div class=\"kadence-blocks-gallery-item-inner\"><figure class=\"kb-gallery-figure kadence-blocks-gallery-item-hide-caption\"><div class=\"kb-gal-image-radius\" style=\"max-width:1024px;\"><div class=\"kb-gallery-image-contain kadence-blocks-gallery-intrinsic\" style=\"padding-bottom:75%;\"><img loading=\"lazy\" decoding=\"async\" src=\"https:\/\/puntadelgallo.cl\/wp-content\/uploads\/2023\/08\/WhatsApp-Image-2023-08-17-at-11.01.521-1-1024x768.jpeg\" width=\"1024\" height=\"768\" alt=\"\" data-full-image=\"https:\/\/puntadelgallo.cl\/wp-content\/uploads\/2023\/08\/WhatsApp-Image-2023-08-17-at-11.01.521-1.jpeg\" data-light-image=\"https:\/\/puntadelgallo.cl\/wp-content\/uploads\/2023\/08\/WhatsApp-Image-2023-08-17-at-11.01.521-1.jpeg\" data-id=\"1035\" class=\"wp-image-1035\" srcset=\"https:\/\/puntadelgallo.cl\/wp-content\/uploads\/2023\/08\/WhatsApp-Image-2023-08-17-at-11.01.521-1-1024x768.jpeg 1024w, https:\/\/puntadelgallo.cl\/wp-content\/uploads\/2023\/08\/WhatsApp-Image-2023-08-17-at-11.01.521-1-300x225.jpeg 300w, https:\/\/puntadelgallo.cl\/wp-content\/uploads\/2023\/08\/WhatsApp-Image-2023-08-17-at-11.01.521-1-768x576.jpeg 768w, https:\/\/puntadelgallo.cl\/wp-content\/uploads\/2023\/08\/WhatsApp-Image-2023-08-17-at-11.01.521-1.jpeg 1280w\" sizes=\"auto, (max-width: 1024px) 100vw, 1024px\" \/><\/div><\/div><\/figure><\/div><\/li><li class=\"kadence-blocks-gallery-item\" tabindex=\"0\"><div class=\"kadence-blocks-gallery-item-inner\"><figure class=\"kb-gallery-figure kadence-blocks-gallery-item-hide-caption\"><div class=\"kb-gal-image-radius\" style=\"max-width:1024px;\"><div class=\"kb-gallery-image-contain kadence-blocks-gallery-intrinsic\" style=\"padding-bottom:75%;\"><img loading=\"lazy\" decoding=\"async\" src=\"https:\/\/puntadelgallo.cl\/wp-content\/uploads\/2023\/08\/WhatsApp-Image-2023-08-17-at-11.01.52-1-1024x768.jpeg\" width=\"1024\" height=\"768\" alt=\"\" data-full-image=\"https:\/\/puntadelgallo.cl\/wp-content\/uploads\/2023\/08\/WhatsApp-Image-2023-08-17-at-11.01.52-1.jpeg\" data-light-image=\"https:\/\/puntadelgallo.cl\/wp-content\/uploads\/2023\/08\/WhatsApp-Image-2023-08-17-at-11.01.52-1.jpeg\" data-id=\"1036\" class=\"wp-image-1036\" srcset=\"https:\/\/puntadelgallo.cl\/wp-content\/uploads\/2023\/08\/WhatsApp-Image-2023-08-17-at-11.01.52-1-1024x768.jpeg 1024w, https:\/\/puntadelgallo.cl\/wp-content\/uploads\/2023\/08\/WhatsApp-Image-2023-08-17-at-11.01.52-1-300x225.jpeg 300w, https:\/\/puntadelgallo.cl\/wp-content\/uploads\/2023\/08\/WhatsApp-Image-2023-08-17-at-11.01.52-1-768x576.jpeg 768w, https:\/\/puntadelgallo.cl\/wp-content\/uploads\/2023\/08\/WhatsApp-Image-2023-08-17-at-11.01.52-1-1536x1152.jpeg 1536w, https:\/\/puntadelgallo.cl\/wp-content\/uploads\/2023\/08\/WhatsApp-Image-2023-08-17-at-11.01.52-1.jpeg 1600w\" sizes=\"auto, (max-width: 1024px) 100vw, 1024px\" \/><\/div><\/div><\/figure><\/div><\/li><li class=\"kadence-blocks-gallery-item\" tabindex=\"0\"><div class=\"kadence-blocks-gallery-item-inner\"><figure class=\"kb-gallery-figure kadence-blocks-gallery-item-hide-caption\"><div class=\"kb-gal-image-radius\" style=\"max-width:1024px;\"><div class=\"kb-gallery-image-contain kadence-blocks-gallery-intrinsic\" style=\"padding-bottom:75%;\"><img loading=\"lazy\" decoding=\"async\" src=\"https:\/\/puntadelgallo.cl\/wp-content\/uploads\/2023\/08\/WhatsApp-Image-2023-08-17-at-11.01.51-1-1024x768.jpeg\" width=\"1024\" height=\"768\" alt=\"\" data-full-image=\"https:\/\/puntadelgallo.cl\/wp-content\/uploads\/2023\/08\/WhatsApp-Image-2023-08-17-at-11.01.51-1.jpeg\" data-light-image=\"https:\/\/puntadelgallo.cl\/wp-content\/uploads\/2023\/08\/WhatsApp-Image-2023-08-17-at-11.01.51-1.jpeg\" data-id=\"1037\" class=\"wp-image-1037\" srcset=\"https:\/\/puntadelgallo.cl\/wp-content\/uploads\/2023\/08\/WhatsApp-Image-2023-08-17-at-11.01.51-1-1024x768.jpeg 1024w, https:\/\/puntadelgallo.cl\/wp-content\/uploads\/2023\/08\/WhatsApp-Image-2023-08-17-at-11.01.51-1-300x225.jpeg 300w, https:\/\/puntadelgallo.cl\/wp-content\/uploads\/2023\/08\/WhatsApp-Image-2023-08-17-at-11.01.51-1-768x576.jpeg 768w, https:\/\/puntadelgallo.cl\/wp-content\/uploads\/2023\/08\/WhatsApp-Image-2023-08-17-at-11.01.51-1-1536x1152.jpeg 1536w, https:\/\/puntadelgallo.cl\/wp-content\/uploads\/2023\/08\/WhatsApp-Image-2023-08-17-at-11.01.51-1.jpeg 1600w\" sizes=\"auto, (max-width: 1024px) 100vw, 1024px\" \/><\/div><\/div><\/figure><\/div><\/li><li class=\"kadence-blocks-gallery-item\" tabindex=\"0\"><div class=\"kadence-blocks-gallery-item-inner\"><figure class=\"kb-gallery-figure kadence-blocks-gallery-item-hide-caption\"><div class=\"kb-gal-image-radius\" style=\"max-width:1024px;\"><div class=\"kb-gallery-image-contain kadence-blocks-gallery-intrinsic\" style=\"padding-bottom:75%;\"><img loading=\"lazy\" decoding=\"async\" src=\"https:\/\/puntadelgallo.cl\/wp-content\/uploads\/2023\/08\/WhatsApp-Image-2023-08-17-at-11.02.051-1-1024x768.jpeg\" width=\"1024\" height=\"768\" alt=\"\" data-full-image=\"https:\/\/puntadelgallo.cl\/wp-content\/uploads\/2023\/08\/WhatsApp-Image-2023-08-17-at-11.02.051-1.jpeg\" data-light-image=\"https:\/\/puntadelgallo.cl\/wp-content\/uploads\/2023\/08\/WhatsApp-Image-2023-08-17-at-11.02.051-1.jpeg\" data-id=\"1038\" class=\"wp-image-1038\" srcset=\"https:\/\/puntadelgallo.cl\/wp-content\/uploads\/2023\/08\/WhatsApp-Image-2023-08-17-at-11.02.051-1-1024x768.jpeg 1024w, https:\/\/puntadelgallo.cl\/wp-content\/uploads\/2023\/08\/WhatsApp-Image-2023-08-17-at-11.02.051-1-300x225.jpeg 300w, https:\/\/puntadelgallo.cl\/wp-content\/uploads\/2023\/08\/WhatsApp-Image-2023-08-17-at-11.02.051-1-768x576.jpeg 768w, https:\/\/puntadelgallo.cl\/wp-content\/uploads\/2023\/08\/WhatsApp-Image-2023-08-17-at-11.02.051-1-1536x1152.jpeg 1536w, https:\/\/puntadelgallo.cl\/wp-content\/uploads\/2023\/08\/WhatsApp-Image-2023-08-17-at-11.02.051-1.jpeg 1600w\" sizes=\"auto, (max-width: 1024px) 100vw, 1024px\" \/><\/div><\/div><\/figure><\/div><\/li><li class=\"kadence-blocks-gallery-item\" tabindex=\"0\"><div class=\"kadence-blocks-gallery-item-inner\"><figure class=\"kb-gallery-figure kadence-blocks-gallery-item-hide-caption\"><div class=\"kb-gal-image-radius\" style=\"max-width:1024px;\"><div class=\"kb-gallery-image-contain kadence-blocks-gallery-intrinsic\" style=\"padding-bottom:75%;\"><img loading=\"lazy\" decoding=\"async\" src=\"https:\/\/puntadelgallo.cl\/wp-content\/uploads\/2023\/08\/WhatsApp-Image-2023-08-17-at-11.02.042-1-1024x768.jpeg\" width=\"1024\" height=\"768\" alt=\"\" data-full-image=\"https:\/\/puntadelgallo.cl\/wp-content\/uploads\/2023\/08\/WhatsApp-Image-2023-08-17-at-11.02.042-1.jpeg\" data-light-image=\"https:\/\/puntadelgallo.cl\/wp-content\/uploads\/2023\/08\/WhatsApp-Image-2023-08-17-at-11.02.042-1.jpeg\" data-id=\"1041\" class=\"wp-image-1041\" srcset=\"https:\/\/puntadelgallo.cl\/wp-content\/uploads\/2023\/08\/WhatsApp-Image-2023-08-17-at-11.02.042-1-1024x768.jpeg 1024w, https:\/\/puntadelgallo.cl\/wp-content\/uploads\/2023\/08\/WhatsApp-Image-2023-08-17-at-11.02.042-1-300x225.jpeg 300w, https:\/\/puntadelgallo.cl\/wp-content\/uploads\/2023\/08\/WhatsApp-Image-2023-08-17-at-11.02.042-1-768x576.jpeg 768w, https:\/\/puntadelgallo.cl\/wp-content\/uploads\/2023\/08\/WhatsApp-Image-2023-08-17-at-11.02.042-1-1536x1152.jpeg 1536w, https:\/\/puntadelgallo.cl\/wp-content\/uploads\/2023\/08\/WhatsApp-Image-2023-08-17-at-11.02.042-1.jpeg 1600w\" sizes=\"auto, (max-width: 1024px) 100vw, 1024px\" \/><\/div><\/div><\/figure><\/div><\/li><li class=\"kadence-blocks-gallery-item\" tabindex=\"0\"><div class=\"kadence-blocks-gallery-item-inner\"><figure class=\"kb-gallery-figure kadence-blocks-gallery-item-hide-caption\"><div class=\"kb-gal-image-radius\" style=\"max-width:1024px;\"><div class=\"kb-gallery-image-contain kadence-blocks-gallery-intrinsic\" style=\"padding-bottom:75%;\"><img loading=\"lazy\" decoding=\"async\" src=\"https:\/\/puntadelgallo.cl\/wp-content\/uploads\/2023\/08\/WhatsApp-Image-2023-08-17-at-11.02.041-1-1024x768.jpeg\" width=\"1024\" height=\"768\" alt=\"\" data-full-image=\"https:\/\/puntadelgallo.cl\/wp-content\/uploads\/2023\/08\/WhatsApp-Image-2023-08-17-at-11.02.041-1.jpeg\" data-light-image=\"https:\/\/puntadelgallo.cl\/wp-content\/uploads\/2023\/08\/WhatsApp-Image-2023-08-17-at-11.02.041-1.jpeg\" data-id=\"1042\" class=\"wp-image-1042\" srcset=\"https:\/\/puntadelgallo.cl\/wp-content\/uploads\/2023\/08\/WhatsApp-Image-2023-08-17-at-11.02.041-1-1024x768.jpeg 1024w, https:\/\/puntadelgallo.cl\/wp-content\/uploads\/2023\/08\/WhatsApp-Image-2023-08-17-at-11.02.041-1-300x225.jpeg 300w, https:\/\/puntadelgallo.cl\/wp-content\/uploads\/2023\/08\/WhatsApp-Image-2023-08-17-at-11.02.041-1-768x576.jpeg 768w, https:\/\/puntadelgallo.cl\/wp-content\/uploads\/2023\/08\/WhatsApp-Image-2023-08-17-at-11.02.041-1-1536x1152.jpeg 1536w, https:\/\/puntadelgallo.cl\/wp-content\/uploads\/2023\/08\/WhatsApp-Image-2023-08-17-at-11.02.041-1.jpeg 1600w\" sizes=\"auto, (max-width: 1024px) 100vw, 1024px\" \/><\/div><\/div><\/figure><\/div><\/li><li class=\"kadence-blocks-gallery-item\" tabindex=\"0\"><div class=\"kadence-blocks-gallery-item-inner\"><figure class=\"kb-gallery-figure kadence-blocks-gallery-item-hide-caption\"><div class=\"kb-gal-image-radius\" style=\"max-width:1024px;\"><div class=\"kb-gallery-image-contain kadence-blocks-gallery-intrinsic\" style=\"padding-bottom:75%;\"><img loading=\"lazy\" decoding=\"async\" src=\"https:\/\/puntadelgallo.cl\/wp-content\/uploads\/2023\/08\/WhatsApp-Image-2023-08-17-at-11.02.04-1-1024x768.jpeg\" width=\"1024\" height=\"768\" alt=\"\" data-full-image=\"https:\/\/puntadelgallo.cl\/wp-content\/uploads\/2023\/08\/WhatsApp-Image-2023-08-17-at-11.02.04-1.jpeg\" data-light-image=\"https:\/\/puntadelgallo.cl\/wp-content\/uploads\/2023\/08\/WhatsApp-Image-2023-08-17-at-11.02.04-1.jpeg\" data-id=\"1043\" class=\"wp-image-1043\" srcset=\"https:\/\/puntadelgallo.cl\/wp-content\/uploads\/2023\/08\/WhatsApp-Image-2023-08-17-at-11.02.04-1-1024x768.jpeg 1024w, https:\/\/puntadelgallo.cl\/wp-content\/uploads\/2023\/08\/WhatsApp-Image-2023-08-17-at-11.02.04-1-300x225.jpeg 300w, https:\/\/puntadelgallo.cl\/wp-content\/uploads\/2023\/08\/WhatsApp-Image-2023-08-17-at-11.02.04-1-768x576.jpeg 768w, https:\/\/puntadelgallo.cl\/wp-content\/uploads\/2023\/08\/WhatsApp-Image-2023-08-17-at-11.02.04-1-1536x1152.jpeg 1536w, https:\/\/puntadelgallo.cl\/wp-content\/uploads\/2023\/08\/WhatsApp-Image-2023-08-17-at-11.02.04-1.jpeg 1600w\" sizes=\"auto, (max-width: 1024px) 100vw, 1024px\" \/><\/div><\/div><\/figure><\/div><\/li><li class=\"kadence-blocks-gallery-item\" tabindex=\"0\"><div class=\"kadence-blocks-gallery-item-inner\"><figure class=\"kb-gallery-figure kadence-blocks-gallery-item-hide-caption\"><div class=\"kb-gal-image-radius\" style=\"max-width:1024px;\"><div class=\"kb-gallery-image-contain kadence-blocks-gallery-intrinsic\" style=\"padding-bottom:75%;\"><img loading=\"lazy\" decoding=\"async\" src=\"https:\/\/puntadelgallo.cl\/wp-content\/uploads\/2023\/08\/WhatsApp-Image-2023-08-17-at-11.02.03-1-1024x768.jpeg\" width=\"1024\" height=\"768\" alt=\"\" data-full-image=\"https:\/\/puntadelgallo.cl\/wp-content\/uploads\/2023\/08\/WhatsApp-Image-2023-08-17-at-11.02.03-1.jpeg\" data-light-image=\"https:\/\/puntadelgallo.cl\/wp-content\/uploads\/2023\/08\/WhatsApp-Image-2023-08-17-at-11.02.03-1.jpeg\" data-id=\"1044\" class=\"wp-image-1044\" srcset=\"https:\/\/puntadelgallo.cl\/wp-content\/uploads\/2023\/08\/WhatsApp-Image-2023-08-17-at-11.02.03-1-1024x768.jpeg 1024w, https:\/\/puntadelgallo.cl\/wp-content\/uploads\/2023\/08\/WhatsApp-Image-2023-08-17-at-11.02.03-1-300x225.jpeg 300w, https:\/\/puntadelgallo.cl\/wp-content\/uploads\/2023\/08\/WhatsApp-Image-2023-08-17-at-11.02.03-1-768x576.jpeg 768w, https:\/\/puntadelgallo.cl\/wp-content\/uploads\/2023\/08\/WhatsApp-Image-2023-08-17-at-11.02.03-1-1536x1152.jpeg 1536w, https:\/\/puntadelgallo.cl\/wp-content\/uploads\/2023\/08\/WhatsApp-Image-2023-08-17-at-11.02.03-1.jpeg 1600w\" sizes=\"auto, (max-width: 1024px) 100vw, 1024px\" \/><\/div><\/div><\/figure><\/div><\/li><li class=\"kadence-blocks-gallery-item\" tabindex=\"0\"><div class=\"kadence-blocks-gallery-item-inner\"><figure class=\"kb-gallery-figure kadence-blocks-gallery-item-hide-caption\"><div class=\"kb-gal-image-radius\" style=\"max-width:1024px;\"><div class=\"kb-gallery-image-contain kadence-blocks-gallery-intrinsic\" style=\"padding-bottom:75%;\"><img loading=\"lazy\" decoding=\"async\" src=\"https:\/\/puntadelgallo.cl\/wp-content\/uploads\/2023\/08\/WhatsApp-Image-2023-08-17-at-11.02.022-1-1024x768.jpeg\" width=\"1024\" height=\"768\" alt=\"\" data-full-image=\"https:\/\/puntadelgallo.cl\/wp-content\/uploads\/2023\/08\/WhatsApp-Image-2023-08-17-at-11.02.022-1.jpeg\" data-light-image=\"https:\/\/puntadelgallo.cl\/wp-content\/uploads\/2023\/08\/WhatsApp-Image-2023-08-17-at-11.02.022-1.jpeg\" data-id=\"1045\" class=\"wp-image-1045\" srcset=\"https:\/\/puntadelgallo.cl\/wp-content\/uploads\/2023\/08\/WhatsApp-Image-2023-08-17-at-11.02.022-1-1024x768.jpeg 1024w, https:\/\/puntadelgallo.cl\/wp-content\/uploads\/2023\/08\/WhatsApp-Image-2023-08-17-at-11.02.022-1-300x225.jpeg 300w, https:\/\/puntadelgallo.cl\/wp-content\/uploads\/2023\/08\/WhatsApp-Image-2023-08-17-at-11.02.022-1-768x576.jpeg 768w, https:\/\/puntadelgallo.cl\/wp-content\/uploads\/2023\/08\/WhatsApp-Image-2023-08-17-at-11.02.022-1-1536x1152.jpeg 1536w, https:\/\/puntadelgallo.cl\/wp-content\/uploads\/2023\/08\/WhatsApp-Image-2023-08-17-at-11.02.022-1.jpeg 1600w\" sizes=\"auto, (max-width: 1024px) 100vw, 1024px\" \/><\/div><\/div><\/figure><\/div><\/li><li class=\"kadence-blocks-gallery-item\" tabindex=\"0\"><div class=\"kadence-blocks-gallery-item-inner\"><figure class=\"kb-gallery-figure kadence-blocks-gallery-item-hide-caption\"><div class=\"kb-gal-image-radius\" style=\"max-width:1024px;\"><div class=\"kb-gallery-image-contain kadence-blocks-gallery-intrinsic\" style=\"padding-bottom:75%;\"><img loading=\"lazy\" decoding=\"async\" src=\"https:\/\/puntadelgallo.cl\/wp-content\/uploads\/2023\/08\/WhatsApp-Image-2023-08-17-at-11.02.021-1-1024x768.jpeg\" width=\"1024\" height=\"768\" alt=\"\" data-full-image=\"https:\/\/puntadelgallo.cl\/wp-content\/uploads\/2023\/08\/WhatsApp-Image-2023-08-17-at-11.02.021-1.jpeg\" data-light-image=\"https:\/\/puntadelgallo.cl\/wp-content\/uploads\/2023\/08\/WhatsApp-Image-2023-08-17-at-11.02.021-1.jpeg\" data-id=\"1046\" class=\"wp-image-1046\" srcset=\"https:\/\/puntadelgallo.cl\/wp-content\/uploads\/2023\/08\/WhatsApp-Image-2023-08-17-at-11.02.021-1-1024x768.jpeg 1024w, https:\/\/puntadelgallo.cl\/wp-content\/uploads\/2023\/08\/WhatsApp-Image-2023-08-17-at-11.02.021-1-300x225.jpeg 300w, https:\/\/puntadelgallo.cl\/wp-content\/uploads\/2023\/08\/WhatsApp-Image-2023-08-17-at-11.02.021-1-768x576.jpeg 768w, https:\/\/puntadelgallo.cl\/wp-content\/uploads\/2023\/08\/WhatsApp-Image-2023-08-17-at-11.02.021-1-1536x1152.jpeg 1536w, https:\/\/puntadelgallo.cl\/wp-content\/uploads\/2023\/08\/WhatsApp-Image-2023-08-17-at-11.02.021-1.jpeg 1600w\" sizes=\"auto, (max-width: 1024px) 100vw, 1024px\" \/><\/div><\/div><\/figure><\/div><\/li><li class=\"kadence-blocks-gallery-item\" tabindex=\"0\"><div class=\"kadence-blocks-gallery-item-inner\"><figure class=\"kb-gallery-figure kadence-blocks-gallery-item-hide-caption\"><div class=\"kb-gal-image-radius\" style=\"max-width:1024px;\"><div class=\"kb-gallery-image-contain kadence-blocks-gallery-intrinsic\" style=\"padding-bottom:75%;\"><img loading=\"lazy\" decoding=\"async\" src=\"https:\/\/puntadelgallo.cl\/wp-content\/uploads\/2023\/08\/WhatsApp-Image-2023-08-17-at-11.02.02-1-1024x768.jpeg\" width=\"1024\" height=\"768\" alt=\"\" data-full-image=\"https:\/\/puntadelgallo.cl\/wp-content\/uploads\/2023\/08\/WhatsApp-Image-2023-08-17-at-11.02.02-1.jpeg\" data-light-image=\"https:\/\/puntadelgallo.cl\/wp-content\/uploads\/2023\/08\/WhatsApp-Image-2023-08-17-at-11.02.02-1.jpeg\" data-id=\"1047\" class=\"wp-image-1047\" srcset=\"https:\/\/puntadelgallo.cl\/wp-content\/uploads\/2023\/08\/WhatsApp-Image-2023-08-17-at-11.02.02-1-1024x768.jpeg 1024w, https:\/\/puntadelgallo.cl\/wp-content\/uploads\/2023\/08\/WhatsApp-Image-2023-08-17-at-11.02.02-1-300x225.jpeg 300w, https:\/\/puntadelgallo.cl\/wp-content\/uploads\/2023\/08\/WhatsApp-Image-2023-08-17-at-11.02.02-1-768x576.jpeg 768w, https:\/\/puntadelgallo.cl\/wp-content\/uploads\/2023\/08\/WhatsApp-Image-2023-08-17-at-11.02.02-1-1536x1152.jpeg 1536w, https:\/\/puntadelgallo.cl\/wp-content\/uploads\/2023\/08\/WhatsApp-Image-2023-08-17-at-11.02.02-1.jpeg 1600w\" sizes=\"auto, (max-width: 1024px) 100vw, 1024px\" \/><\/div><\/div><\/figure><\/div><\/li><\/ul><\/div>","protected":false},"excerpt":{"rendered":"<p>El s\u00e1bado 12 de agosto 2023, se llev\u00f3 a cabo la iniciativa propuesta por la Fundaci\u00f3n Tunqu\u00e9n Sustentable e impulsada por la OCF Punta del Gallo, que tuvo como objetivo plantar 34 \u00e1rboles de especies nativas (Quebracho, Maitene, Molle, Boldo, Litre y Corcole) en el sector de El Vado en la comunidad. La plantaci\u00f3n fue&#8230;<\/p>\n","protected":false},"author":2,"featured_media":0,"parent":0,"menu_order":0,"comment_status":"closed","ping_status":"closed","template":"","meta":{"_kad_post_transparent":"","_kad_post_title":"","_kad_post_layout":"","_kad_post_sidebar_id":"","_kad_post_content_style":"","_kad_post_vertical_padding":"","_kad_post_feature":"","_kad_post_feature_position":"","_kad_post_header":false,"_kad_post_footer":false,"_kad_post_classname":"","footnotes":""},"class_list":["post-1004","page","type-page","status-publish","hentry"],"_links":{"self":[{"href":"https:\/\/puntadelgallo.cl\/index.php\/wp-json\/wp\/v2\/pages\/1004","targetHints":{"allow":["GET"]}}],"collection":[{"href":"https:\/\/puntadelgallo.cl\/index.php\/wp-json\/wp\/v2\/pages"}],"about":[{"href":"https:\/\/puntadelgallo.cl\/index.php\/wp-json\/wp\/v2\/types\/page"}],"author":[{"embeddable":true,"href":"https:\/\/puntadelgallo.cl\/index.php\/wp-json\/wp\/v2\/users\/2"}],"replies":[{"embeddable":true,"href":"https:\/\/puntadelgallo.cl\/index.php\/wp-json\/wp\/v2\/comments?post=1004"}],"version-history":[{"count":5,"href":"https:\/\/puntadelgallo.cl\/index.php\/wp-json\/wp\/v2\/pages\/1004\/revisions"}],"predecessor-version":[{"id":1049,"href":"https:\/\/puntadelgallo.cl\/index.php\/wp-json\/wp\/v2\/pages\/1004\/revisions\/1049"}],"wp:attachment":[{"href":"https:\/\/puntadelgallo.cl\/index.php\/wp-json\/wp\/v2\/media?parent=1004"}],"curies":[{"name":"wp","href":"https:\/\/api.w.org\/{rel}","templated":true}]}}