{"id":1112,"date":"2023-08-24T12:57:27","date_gmt":"2023-08-24T16:57:27","guid":{"rendered":"https:\/\/puntadelgallo.cl\/?page_id=1112"},"modified":"2025-10-24T18:40:18","modified_gmt":"2025-10-24T22:40:18","slug":"control","status":"publish","type":"page","link":"https:\/\/puntadelgallo.cl\/index.php\/control\/","title":{"rendered":"Mejora en el control de acceso"},"content":{"rendered":"<style>.wp-block-kadence-advancedheading.kt-adv-heading1112_8d9cb2-bd, .wp-block-kadence-advancedheading.kt-adv-heading1112_8d9cb2-bd[data-kb-block=\"kb-adv-heading1112_8d9cb2-bd\"]{font-style:normal;}.wp-block-kadence-advancedheading.kt-adv-heading1112_8d9cb2-bd mark.kt-highlight, .wp-block-kadence-advancedheading.kt-adv-heading1112_8d9cb2-bd[data-kb-block=\"kb-adv-heading1112_8d9cb2-bd\"] mark.kt-highlight{font-style:normal;color:#f76a0c;-webkit-box-decoration-break:clone;box-decoration-break:clone;padding-top:0px;padding-right:0px;padding-bottom:0px;padding-left:0px;}.wp-block-kadence-advancedheading.kt-adv-heading1112_8d9cb2-bd img.kb-inline-image, .wp-block-kadence-advancedheading.kt-adv-heading1112_8d9cb2-bd[data-kb-block=\"kb-adv-heading1112_8d9cb2-bd\"] img.kb-inline-image{width:150px;vertical-align:baseline;}<\/style>\n<h2 class=\"kt-adv-heading1112_8d9cb2-bd wp-block-kadence-advancedheading\" data-kb-block=\"kb-adv-heading1112_8d9cb2-bd\"><strong>Desarrollo del proyecto<\/strong><\/h2>\n\n\n\n<p>Para asegurar que la inversi\u00f3n para mejorar el control de acceso sea exitosa, varios miembros de la directiva de la OCF han evaluado distintos productos y soluciones, participando en m\u00faltiples reuniones con distintos proveedores. Evaluamos presupuestos, cotizaciones y sostuvimos reuniones para analizar los pro y contra, hicimos diagramas y finalmente llegamos a esta soluci\u00f3n, en la que contrataremos dos proveedores de categor\u00eda:  una empresa de Santiago dedicada al desarrollo de software para control de acceso en edificios, como el Edificio Titanium, +250 condominios, y una alianza con la Municipalidad de Las Condes donde se controla el acceso de edificios. Esta empresa cuenta con una red de representantes en regiones. As\u00ed llegamos a una segunda empresa, ubicada en la Quinta regi\u00f3n, que nos proveer\u00e1 los equipos, har\u00e1 las instalaciones y se encargar\u00e1 de las mantenciones.<\/p>\n\n\n\n<p>Estos proveedores fueron seleccionados por ofrecer soluciones adecuadas a nuestras condiciones, precios razonables y contar con referencias favorables.<\/p>\n\n\n<style>.wp-block-kadence-advancedheading.kt-adv-heading1112_ae30bf-22, .wp-block-kadence-advancedheading.kt-adv-heading1112_ae30bf-22[data-kb-block=\"kb-adv-heading1112_ae30bf-22\"]{font-style:normal;}.wp-block-kadence-advancedheading.kt-adv-heading1112_ae30bf-22 mark.kt-highlight, .wp-block-kadence-advancedheading.kt-adv-heading1112_ae30bf-22[data-kb-block=\"kb-adv-heading1112_ae30bf-22\"] mark.kt-highlight{font-style:normal;color:#f76a0c;-webkit-box-decoration-break:clone;box-decoration-break:clone;padding-top:0px;padding-right:0px;padding-bottom:0px;padding-left:0px;}.wp-block-kadence-advancedheading.kt-adv-heading1112_ae30bf-22 img.kb-inline-image, .wp-block-kadence-advancedheading.kt-adv-heading1112_ae30bf-22[data-kb-block=\"kb-adv-heading1112_ae30bf-22\"] img.kb-inline-image{width:150px;vertical-align:baseline;}<\/style>\n<h2 class=\"kt-adv-heading1112_ae30bf-22 wp-block-kadence-advancedheading\" data-kb-block=\"kb-adv-heading1112_ae30bf-22\"><strong>\u00bfC\u00f3mo funcionar\u00e1 el nuevo sistema?<\/strong><\/h2>\n\n\n\n<p>Cerca del port\u00f3n de acceso, se instalar\u00e1 un poste a la entrada y uno a la salida, de 1 metro de altura, con un lector de c\u00f3digos QR.<\/p>\n\n\n\n<ul class=\"wp-block-list\">\n<li>Cada residente podr\u00e1 abrir el port\u00f3n acercando su carnet de identidad al lector de c\u00f3digo QR<\/li>\n\n\n\n<li>Cada residente podr\u00e1 bajar una aplicaci\u00f3n en su tel\u00e9fono, con lo que tendr\u00e1 guardado un c\u00f3digo QR en su tel\u00e9fono. Al acercar ese c\u00f3digo al lector de QR se abrir\u00e1 el port\u00f3n.<\/li>\n\n\n\n<li>Cada residente podr\u00e1 autorizar, a trav\u00e9s de la aplicaci\u00f3n, a un rut para que entre y salga, por un per\u00edodo&nbsp;que&nbsp;\u00e9l&nbsp;defina.<\/li>\n\n\n\n<li>La administraci\u00f3n va a contar con informaci\u00f3n de todos los movimientos y podr\u00e1 saber en cualquier momento qui\u00e9n est\u00e1&nbsp;dentro&nbsp;de&nbsp;PDG.<\/li>\n\n\n\n<li>Al inicio se har\u00e1 una carga masiva con el rut de todos los residentes.<\/li>\n\n\n\n<li>Por otro lado, la plataforma incluye una lista negra, donde se puede cargar los rut de personas non gratas, evitando la posibilidad que activen la barrera.<\/li>\n<\/ul>\n\n\n\n<p>Una caracter\u00edstica a destacar es que para abrir el port\u00f3n no es necesario que su tel\u00e9fono est\u00e9 conectado a la red: no es necesario tener se\u00f1al.<\/p>\n\n\n\n<p>El presupuesto incluye los costos asociados a los equipos, adem\u00e1s de las instalaciones en terreno; barreras de protecci\u00f3n y flujo de tr\u00e1nsito, nueva se\u00f1al\u00e9tica, iluminaci\u00f3n adicional, canaletas, y un respaldo el\u00e9ctrico (UPS) para que todo siga funcionando a\u00fan cuando hayan cortes de luz.<\/p>\n\n\n\n<div class=\"wp-block-columns is-layout-flex wp-container-core-columns-is-layout-9d6595d7 wp-block-columns-is-layout-flex\">\n<div class=\"wp-block-column is-layout-flow wp-block-column-is-layout-flow\">\n<p class=\"has-text-align-center\">Entrada<\/p>\n<\/div>\n\n\n\n<div class=\"wp-block-column is-layout-flow wp-block-column-is-layout-flow\">\n<p class=\"has-text-align-center\">Salida<\/p>\n<\/div>\n<\/div>\n\n\n\n<div class=\"wp-block-columns is-layout-flex wp-container-core-columns-is-layout-9d6595d7 wp-block-columns-is-layout-flex\">\n<div class=\"wp-block-column is-layout-flow wp-block-column-is-layout-flow\">\n<figure class=\"wp-block-image size-large\"><img loading=\"lazy\" decoding=\"async\" width=\"1024\" height=\"581\" src=\"https:\/\/puntadelgallo.cl\/wp-content\/uploads\/2023\/08\/Entrada-QR-1024x581.jpg\" alt=\"\" class=\"wp-image-1113\" srcset=\"https:\/\/puntadelgallo.cl\/wp-content\/uploads\/2023\/08\/Entrada-QR-1024x581.jpg 1024w, https:\/\/puntadelgallo.cl\/wp-content\/uploads\/2023\/08\/Entrada-QR-300x170.jpg 300w, https:\/\/puntadelgallo.cl\/wp-content\/uploads\/2023\/08\/Entrada-QR-768x436.jpg 768w, https:\/\/puntadelgallo.cl\/wp-content\/uploads\/2023\/08\/Entrada-QR.jpg 1277w\" sizes=\"auto, (max-width: 1024px) 100vw, 1024px\" \/><\/figure>\n<\/div>\n\n\n\n<div class=\"wp-block-column is-layout-flow wp-block-column-is-layout-flow\">\n<figure class=\"wp-block-image size-large\"><img loading=\"lazy\" decoding=\"async\" width=\"1024\" height=\"621\" src=\"https:\/\/puntadelgallo.cl\/wp-content\/uploads\/2023\/08\/Salida-QR-1024x621.jpg\" alt=\"\" class=\"wp-image-1114\" srcset=\"https:\/\/puntadelgallo.cl\/wp-content\/uploads\/2023\/08\/Salida-QR-1024x621.jpg 1024w, https:\/\/puntadelgallo.cl\/wp-content\/uploads\/2023\/08\/Salida-QR-300x182.jpg 300w, https:\/\/puntadelgallo.cl\/wp-content\/uploads\/2023\/08\/Salida-QR-768x466.jpg 768w, https:\/\/puntadelgallo.cl\/wp-content\/uploads\/2023\/08\/Salida-QR.jpg 1201w\" sizes=\"auto, (max-width: 1024px) 100vw, 1024px\" \/><\/figure>\n<\/div>\n<\/div>\n\n\n<style>.wp-block-kadence-advancedheading.kt-adv-heading1112_d73f9d-d9, .wp-block-kadence-advancedheading.kt-adv-heading1112_d73f9d-d9[data-kb-block=\"kb-adv-heading1112_d73f9d-d9\"]{font-style:normal;}.wp-block-kadence-advancedheading.kt-adv-heading1112_d73f9d-d9 mark.kt-highlight, .wp-block-kadence-advancedheading.kt-adv-heading1112_d73f9d-d9[data-kb-block=\"kb-adv-heading1112_d73f9d-d9\"] mark.kt-highlight{font-style:normal;color:#f76a0c;-webkit-box-decoration-break:clone;box-decoration-break:clone;padding-top:0px;padding-right:0px;padding-bottom:0px;padding-left:0px;}.wp-block-kadence-advancedheading.kt-adv-heading1112_d73f9d-d9 img.kb-inline-image, .wp-block-kadence-advancedheading.kt-adv-heading1112_d73f9d-d9[data-kb-block=\"kb-adv-heading1112_d73f9d-d9\"] img.kb-inline-image{width:150px;vertical-align:baseline;}<\/style>\n<h2 class=\"kt-adv-heading1112_d73f9d-d9 wp-block-kadence-advancedheading\" data-kb-block=\"kb-adv-heading1112_d73f9d-d9\">Declaracion de la Directiva<\/h2>\n\n\n\n<p>Estimad@s vecin@s:<\/p>\n\n\n\n<p>A nombre de la directiva de la OCF, escribo para aclarar y comentar sobre lo que han escrito algunos vecinos relacionados con el proyecto de mejora en el Control de Acceso a la Punta del Gallo.<\/p>\n\n\n\n<ul class=\"wp-block-list\">\n<li>El proyecto Control de Acceso fue presentado en la Asamblea del 18 febrero 2023.<\/li>\n\n\n\n<li>El 3 de agosto informamos que \u201cla directiva ten\u00eda la intenci\u00f3n de postular a los fondos de subvenci\u00f3n municipal para llevar a cabo el proyecto de mejora del control de acceso de la comunidad.\u201d<\/li>\n\n\n\n<li>Esto suscit\u00f3 una discusi\u00f3n en la que finalmente estuvimos de acuerdo en no postular a dicha subvenci\u00f3n.<\/li>\n\n\n\n<li>En la discusi\u00f3n se esgrimieron m\u00faltiples argumentos, pero todos indicaban que sigui\u00e9ramos adelante con el proyecto. Por eso la Directiva no dud\u00f3 en que el proyecto contaba con la aprobaci\u00f3n de los vecinos dada su relevancia, pero no con la forma de financiarlo.<\/li>\n\n\n\n<li>Por otro lado, un gran n\u00famero de vecinos que participaron en la conversaci\u00f3n propusieron cobrar una cuota adicional extraordinaria para recaudar los fondos necesarios.<\/li>\n<\/ul>\n\n\n\n<p>Respecto de otras consultas que se han hecho a partir de ayer, aqu\u00ed van algunas aclaraciones:<\/p>\n\n\n\n<ul class=\"wp-block-list\">\n<li>El costo total del proyecto es de $5MM. De estos aprox $1MM es una UPS para tener energ\u00eda el\u00e9ctrica si se corta la luz y as\u00ed poder entrar o salir siempre. Se estima entre 2 a 3 semanas para la instalaci\u00f3n.<\/li>\n\n\n\n<li>El costo mensual de UF 3 por el uso del software para todos los vecinos de la OCF lo financiar\u00e1 la OCF a trav\u00e9s de los Gastos Comunes.<\/li>\n\n\n\n<li>No se ha planteado en ning\u00fan momento renunciar al personal de porter\u00eda.<\/li>\n\n\n\n<li>Para entrar o salir hay que presentar en el lector de c\u00f3digo QR el tel\u00e9fono con el c\u00f3digo QR o el carnet de identidad. Esto&nbsp;<strong>no requiere<\/strong>&nbsp;tener se\u00f1al de internet ni de tel\u00e9fono.<\/li>\n\n\n\n<li>Las ventajas son las siguientes:\n<ul class=\"wp-block-list\">\n<li>Solo ingreso a propietarios y a las personas que ellos autoricen.<\/li>\n\n\n\n<li>Personas que arrienden su casa podr\u00e1n crear y enviar un c\u00f3digo QR a sus arrendatarios el cual estar\u00e1 vigente s\u00f3lo durante el lapso de arriendo que ellos determinen.<\/li>\n\n\n\n<li>Registro autom\u00e1tico de personas que ingresan las 24hrs.<\/li>\n\n\n\n<li>Facilidad para controlar al personal contratado y\/o proveedores con horario: ingreso\/ egreso.<\/li>\n\n\n\n<li>El registro tiene como fin realizar un seguimiento en el caso que exista alg\u00fan robo y con \u00e9ste, carabineros podr\u00eda perseguir al responsable.<\/li>\n\n\n\n<li>La plataforma permite crear una lista negra via administraci\u00f3n, con personas que no podr\u00e1n ingresar, por ejemplo maestros que hayan realizado alguna agresi\u00f3n a alg\u00fan propietario.<\/li>\n\n\n\n<li>Este control de ingreso va a colaborar con la seguridad, y es complementario al plan luz c\u00e1mara y acci\u00f3n que hemos promovido ampliamente.<\/li>\n\n\n\n<li>La plataforma es otra herramienta complementaria al control humano.<\/li>\n\n\n\n<li>Se evita el problema de controles clonados, robados, o prestados a terceros.<\/li>\n\n\n\n<li>Esperamos que el sistema se vaya actualizando con el tiempo, generalmente las actualizaciones son mejoras a lo que exist\u00eda. Por ejemplo el uso de sistema TAG para la apertura autom\u00e1tica.<\/li>\n\n\n\n<li>El software se usa en mas de 250 instalaciones, ej. Torre Titanium, y cuenta con actualizaciones y mejoras regulares.<\/li>\n\n\n\n<li>Mas info&nbsp;<a href=\"https:\/\/puntadelgallo.cl\/index.php\/control\/\" target=\"_blank\" rel=\"noreferrer noopener\">https:\/\/puntadelgallo.cl\/index.php\/control\/<\/a><\/li>\n<\/ul>\n<\/li>\n<\/ul>\n\n\n\n<ul class=\"wp-block-list\">\n<li>Para concluir, estamos llamando a los vecinos a hacer un aporte voluntario, con una cuota \u00fanica sugerida de $70.000 por casa. El que quiera o pueda, puede aportar m\u00e1s. Y el que no quiera o no pueda, no aporta.<\/li>\n\n\n\n<li>Desde ya se agradece a los 10 vecinos que han aportado (+ $1MM de pesos), e invitamos al resto a hacer sus aportes cuanto antes, el plazo vence 30 agosto 2023.<\/li>\n<\/ul>\n\n\n\n<p><strong>Hamish Wood <\/strong><br>Presidente OCF Punta del Gallo<\/p>\n\n\n\n<p><\/p>\n","protected":false},"excerpt":{"rendered":"<p>Desarrollo del proyecto Para asegurar que la inversi\u00f3n para mejorar el control de acceso sea exitosa, varios miembros de la directiva de la OCF han evaluado distintos productos y soluciones, participando en m\u00faltiples reuniones con distintos proveedores. Evaluamos presupuestos, cotizaciones y sostuvimos reuniones para analizar los pro y contra, hicimos diagramas y finalmente llegamos a&#8230;<\/p>\n","protected":false},"author":2,"featured_media":0,"parent":0,"menu_order":0,"comment_status":"closed","ping_status":"closed","template":"","meta":{"_kad_post_transparent":"","_kad_post_title":"","_kad_post_layout":"","_kad_post_sidebar_id":"","_kad_post_content_style":"","_kad_post_vertical_padding":"","_kad_post_feature":"","_kad_post_feature_position":"","_kad_post_header":false,"_kad_post_footer":false,"_kad_post_classname":"","footnotes":""},"class_list":["post-1112","page","type-page","status-publish","hentry"],"_links":{"self":[{"href":"https:\/\/puntadelgallo.cl\/index.php\/wp-json\/wp\/v2\/pages\/1112","targetHints":{"allow":["GET"]}}],"collection":[{"href":"https:\/\/puntadelgallo.cl\/index.php\/wp-json\/wp\/v2\/pages"}],"about":[{"href":"https:\/\/puntadelgallo.cl\/index.php\/wp-json\/wp\/v2\/types\/page"}],"author":[{"embeddable":true,"href":"https:\/\/puntadelgallo.cl\/index.php\/wp-json\/wp\/v2\/users\/2"}],"replies":[{"embeddable":true,"href":"https:\/\/puntadelgallo.cl\/index.php\/wp-json\/wp\/v2\/comments?post=1112"}],"version-history":[{"count":9,"href":"https:\/\/puntadelgallo.cl\/index.php\/wp-json\/wp\/v2\/pages\/1112\/revisions"}],"predecessor-version":[{"id":1960,"href":"https:\/\/puntadelgallo.cl\/index.php\/wp-json\/wp\/v2\/pages\/1112\/revisions\/1960"}],"wp:attachment":[{"href":"https:\/\/puntadelgallo.cl\/index.php\/wp-json\/wp\/v2\/media?parent=1112"}],"curies":[{"name":"wp","href":"https:\/\/api.w.org\/{rel}","templated":true}]}}