{"id":1163,"date":"2023-09-05T11:28:19","date_gmt":"2023-09-05T15:28:19","guid":{"rendered":"https:\/\/puntadelgallo.cl\/?page_id=1163"},"modified":"2024-07-19T18:24:40","modified_gmt":"2024-07-19T22:24:40","slug":"concurso-fotografico-rostros-de-tunquen","status":"publish","type":"page","link":"https:\/\/puntadelgallo.cl\/index.php\/concurso-fotografico-rostros-de-tunquen\/","title":{"rendered":"Resultados Concurso Fotogr\u00e1fico 2024: &#8220;Rostros de Tunqu\u00e9n&#8221;"},"content":{"rendered":"\n<p>Las bases del concurso especifican dos categor\u00edas: retrato exclusivo de rostro (fotos 1 a 13) o retrato de cuerpo entero (fotos 20 a 24). <\/p>\n\n\n\n<p>El jurado estuvo constitu\u00eddo por Miguel \u00c1ngel Larrea, Pin Campa\u00f1a y Julio Donoso<\/p>\n\n\n\n<p>La organizaci\u00f3n estuvo a cargo de Rodrigo Pascal, quien cont\u00f3 con el apoyo de Oscar Riffo y Jonny Heiss.<\/p>\n\n\n<style>.wp-block-kadence-advancedheading.kt-adv-heading1163_55be81-87, .wp-block-kadence-advancedheading.kt-adv-heading1163_55be81-87[data-kb-block=\"kb-adv-heading1163_55be81-87\"]{font-style:normal;}.wp-block-kadence-advancedheading.kt-adv-heading1163_55be81-87 mark.kt-highlight, .wp-block-kadence-advancedheading.kt-adv-heading1163_55be81-87[data-kb-block=\"kb-adv-heading1163_55be81-87\"] mark.kt-highlight{font-style:normal;color:#f76a0c;-webkit-box-decoration-break:clone;box-decoration-break:clone;padding-top:0px;padding-right:0px;padding-bottom:0px;padding-left:0px;}.wp-block-kadence-advancedheading.kt-adv-heading1163_55be81-87 img.kb-inline-image, .wp-block-kadence-advancedheading.kt-adv-heading1163_55be81-87[data-kb-block=\"kb-adv-heading1163_55be81-87\"] img.kb-inline-image{width:150px;vertical-align:baseline;}<\/style>\n<h2 class=\"kt-adv-heading1163_55be81-87 wp-block-kadence-advancedheading\" data-kb-block=\"kb-adv-heading1163_55be81-87\">Categor\u00eda rostros<\/h2>\n\n\n\n<div class=\"wp-block-columns is-layout-flex wp-container-core-columns-is-layout-9d6595d7 wp-block-columns-is-layout-flex\">\n<div class=\"wp-block-column is-layout-flow wp-block-column-is-layout-flow\">\n<figure class=\"wp-block-image size-full is-resized\"><img loading=\"lazy\" decoding=\"async\" src=\"https:\/\/puntadelgallo.cl\/wp-content\/uploads\/2023\/09\/18-07-2023_17-38-21.jpg\" alt=\"\" class=\"wp-image-1164\" style=\"width:384px;height:691px\" width=\"384\" height=\"691\" srcset=\"https:\/\/puntadelgallo.cl\/wp-content\/uploads\/2023\/09\/18-07-2023_17-38-21.jpg 399w, https:\/\/puntadelgallo.cl\/wp-content\/uploads\/2023\/09\/18-07-2023_17-38-21-167x300.jpg 167w\" sizes=\"auto, (max-width: 384px) 100vw, 384px\" \/><figcaption class=\"wp-element-caption\">Foto 1<\/figcaption><\/figure>\n<\/div>\n\n\n\n<div class=\"wp-block-column is-layout-flow wp-block-column-is-layout-flow\">\n<figure class=\"wp-block-image size-large\"><img loading=\"lazy\" decoding=\"async\" width=\"784\" height=\"1024\" src=\"https:\/\/puntadelgallo.cl\/wp-content\/uploads\/2023\/09\/Marcela-The-boss-784x1024.png\" alt=\"\" class=\"wp-image-1167\" srcset=\"https:\/\/puntadelgallo.cl\/wp-content\/uploads\/2023\/09\/Marcela-The-boss-784x1024.png 784w, https:\/\/puntadelgallo.cl\/wp-content\/uploads\/2023\/09\/Marcela-The-boss-230x300.png 230w, https:\/\/puntadelgallo.cl\/wp-content\/uploads\/2023\/09\/Marcela-The-boss-768x1003.png 768w, https:\/\/puntadelgallo.cl\/wp-content\/uploads\/2023\/09\/Marcela-The-boss.png 951w\" sizes=\"auto, (max-width: 784px) 100vw, 784px\" \/><figcaption class=\"wp-element-caption\"><strong><mark style=\"background-color:rgba(0, 0, 0, 0)\" class=\"has-inline-color has-theme-palette-3-color\">TERCER LUGAR &#8211; Autora: Marcela Krausse<\/mark><\/strong><br>Foto 2: The Boss<br>Alegre en todas sus dimensiones. Conocedor de todos los vecinos.<br>Aut\u00f3ctono de la zona y siempre dispuesto a generar ternura y amor a trav\u00e9s de sus ojitos de mar.<br>Dispuesto a jugar con arena, harina, perros, y cualquier animal que habita en nuestro condominio.<br>Libre y encantador. Sin duda el m\u00e1s bello de Punta del Gallo.<\/figcaption><\/figure>\n<\/div>\n\n\n\n<div class=\"wp-block-column is-layout-flow wp-block-column-is-layout-flow\">\n<figure class=\"wp-block-image size-large\"><img loading=\"lazy\" decoding=\"async\" width=\"1024\" height=\"768\" src=\"https:\/\/puntadelgallo.cl\/wp-content\/uploads\/2023\/09\/Soledad-Casenave-Parcela-C2-PG-1024x768.jpg\" alt=\"\" class=\"wp-image-1168\" srcset=\"https:\/\/puntadelgallo.cl\/wp-content\/uploads\/2023\/09\/Soledad-Casenave-Parcela-C2-PG-1024x768.jpg 1024w, https:\/\/puntadelgallo.cl\/wp-content\/uploads\/2023\/09\/Soledad-Casenave-Parcela-C2-PG-300x225.jpg 300w, https:\/\/puntadelgallo.cl\/wp-content\/uploads\/2023\/09\/Soledad-Casenave-Parcela-C2-PG-768x576.jpg 768w, https:\/\/puntadelgallo.cl\/wp-content\/uploads\/2023\/09\/Soledad-Casenave-Parcela-C2-PG-1536x1152.jpg 1536w, https:\/\/puntadelgallo.cl\/wp-content\/uploads\/2023\/09\/Soledad-Casenave-Parcela-C2-PG-2048x1536.jpg 2048w\" sizes=\"auto, (max-width: 1024px) 100vw, 1024px\" \/><figcaption class=\"wp-element-caption\"><mark style=\"background-color:rgba(0, 0, 0, 0)\" class=\"has-inline-color has-theme-palette-3-color\"><strong><code>PRIMER LUGAR <\/code><\/strong>&#8211; <strong><code>Autora: Soledad Casenave <\/code><\/strong><\/mark><br>Foto 3: Madre e hija. <br>La presencia de una y la ausencia de la otra en el rostro. Un momento de compartir, reirnos y sentirnos,<br>durante el taller de fotogr\u00e1fia impartido por Miguel \u00c1ngel Larrea, Tunqu\u00e9n, febrero 2023.<br>Lo que las palabras no pueden expresar.<\/figcaption><\/figure>\n<\/div>\n<\/div>\n\n\n\n<div class=\"wp-block-columns is-layout-flex wp-container-core-columns-is-layout-9d6595d7 wp-block-columns-is-layout-flex\">\n<div class=\"wp-block-column is-layout-flow wp-block-column-is-layout-flow\">\n<figure class=\"wp-block-image size-large\"><img loading=\"lazy\" decoding=\"async\" width=\"768\" height=\"1024\" src=\"https:\/\/puntadelgallo.cl\/wp-content\/uploads\/2023\/09\/Marcela-Krause-2-768x1024.png\" alt=\"\" class=\"wp-image-1169\" srcset=\"https:\/\/puntadelgallo.cl\/wp-content\/uploads\/2023\/09\/Marcela-Krause-2-768x1024.png 768w, https:\/\/puntadelgallo.cl\/wp-content\/uploads\/2023\/09\/Marcela-Krause-2-225x300.png 225w, https:\/\/puntadelgallo.cl\/wp-content\/uploads\/2023\/09\/Marcela-Krause-2.png 810w\" sizes=\"auto, (max-width: 768px) 100vw, 768px\" \/><figcaption class=\"wp-element-caption\">Foto 4: El Gal\u00e1n, gran cocinero, inventor de carretes, excelente artista, de ideas locas y concursos.<br>De car\u00e1cter ligero pero de gran coraz\u00f3n. Justiciero y siempre dispuesto a mostrar piruetas de yoga o gimnasia cuando incluso no se lo piden.<br>Un Maestro llegar a sus casi 60 con tan buena onda y excelente estado f\u00edsico.<\/figcaption><\/figure>\n<\/div>\n\n\n\n<div class=\"wp-block-column is-layout-flow wp-block-column-is-layout-flow\">\n<figure class=\"wp-block-image size-full\"><img loading=\"lazy\" decoding=\"async\" width=\"609\" height=\"848\" src=\"https:\/\/puntadelgallo.cl\/wp-content\/uploads\/2023\/09\/andres-barahona-2.jpg\" alt=\"\" class=\"wp-image-1170\" srcset=\"https:\/\/puntadelgallo.cl\/wp-content\/uploads\/2023\/09\/andres-barahona-2.jpg 609w, https:\/\/puntadelgallo.cl\/wp-content\/uploads\/2023\/09\/andres-barahona-2-215x300.jpg 215w\" sizes=\"auto, (max-width: 609px) 100vw, 609px\" \/><figcaption class=\"wp-element-caption\">Foto 5<\/figcaption><\/figure>\n<\/div>\n\n\n\n<div class=\"wp-block-column is-layout-flow wp-block-column-is-layout-flow\">\n<figure class=\"wp-block-image size-large is-resized\"><img loading=\"lazy\" decoding=\"async\" src=\"https:\/\/puntadelgallo.cl\/wp-content\/uploads\/2023\/09\/los-primos-576x1024.jpg\" alt=\"\" class=\"wp-image-1171\" style=\"width:375px;height:666px\" width=\"375\" height=\"666\" srcset=\"https:\/\/puntadelgallo.cl\/wp-content\/uploads\/2023\/09\/los-primos-576x1024.jpg 576w, https:\/\/puntadelgallo.cl\/wp-content\/uploads\/2023\/09\/los-primos-169x300.jpg 169w, https:\/\/puntadelgallo.cl\/wp-content\/uploads\/2023\/09\/los-primos.jpg 608w\" sizes=\"auto, (max-width: 375px) 100vw, 375px\" \/><figcaption class=\"wp-element-caption\">Foto 6<\/figcaption><\/figure>\n<\/div>\n<\/div>\n\n\n\n<div class=\"wp-block-columns is-layout-flex wp-container-core-columns-is-layout-9d6595d7 wp-block-columns-is-layout-flex\">\n<div class=\"wp-block-column is-layout-flow wp-block-column-is-layout-flow\">\n<figure class=\"wp-block-image size-large is-resized\"><img loading=\"lazy\" decoding=\"async\" src=\"https:\/\/puntadelgallo.cl\/wp-content\/uploads\/2023\/09\/Ella-768x1024.jpg\" alt=\"\" class=\"wp-image-1185\" style=\"width:398px;height:530px\" width=\"398\" height=\"530\" srcset=\"https:\/\/puntadelgallo.cl\/wp-content\/uploads\/2023\/09\/Ella-768x1024.jpg 768w, https:\/\/puntadelgallo.cl\/wp-content\/uploads\/2023\/09\/Ella-225x300.jpg 225w, https:\/\/puntadelgallo.cl\/wp-content\/uploads\/2023\/09\/Ella.jpg 810w\" sizes=\"auto, (max-width: 398px) 100vw, 398px\" \/><figcaption class=\"wp-element-caption\">Foto 7<\/figcaption><\/figure>\n<\/div>\n\n\n\n<div class=\"wp-block-column is-layout-flow wp-block-column-is-layout-flow\">\n<figure class=\"wp-block-image size-full\"><img loading=\"lazy\" decoding=\"async\" width=\"690\" height=\"854\" src=\"https:\/\/puntadelgallo.cl\/wp-content\/uploads\/2023\/09\/Foto-de-Jocelyn-Tala.jpg\" alt=\"\" class=\"wp-image-1186\" srcset=\"https:\/\/puntadelgallo.cl\/wp-content\/uploads\/2023\/09\/Foto-de-Jocelyn-Tala.jpg 690w, https:\/\/puntadelgallo.cl\/wp-content\/uploads\/2023\/09\/Foto-de-Jocelyn-Tala-242x300.jpg 242w\" sizes=\"auto, (max-width: 690px) 100vw, 690px\" \/><figcaption class=\"wp-element-caption\">Foto 8: La mirada del alma.<\/figcaption><\/figure>\n\n\n\n<p>Una mirada especial puede estar mirando el alma, la esencia y el coraz\u00f3n. Una mirada puede atravesar m\u00e1s all\u00e1 de lo evidente y sentir lo invisible. Una mirada puede lograr interpretar sentimientos, potenciar alegr\u00edas y apagar penas. La vida no debe pasar por este mundo sin advertir esas miradas&#8230;<\/p>\n\n\n\n<p><\/p>\n<\/div>\n\n\n\n<div class=\"wp-block-column is-layout-flow wp-block-column-is-layout-flow\">\n<figure class=\"wp-block-image size-large\"><img loading=\"lazy\" decoding=\"async\" width=\"1024\" height=\"768\" src=\"https:\/\/puntadelgallo.cl\/wp-content\/uploads\/2023\/09\/Elianay-Pedro-1024x768.jpg\" alt=\"\" class=\"wp-image-1184\" srcset=\"https:\/\/puntadelgallo.cl\/wp-content\/uploads\/2023\/09\/Elianay-Pedro-1024x768.jpg 1024w, https:\/\/puntadelgallo.cl\/wp-content\/uploads\/2023\/09\/Elianay-Pedro-300x225.jpg 300w, https:\/\/puntadelgallo.cl\/wp-content\/uploads\/2023\/09\/Elianay-Pedro-768x576.jpg 768w, https:\/\/puntadelgallo.cl\/wp-content\/uploads\/2023\/09\/Elianay-Pedro.jpg 1080w\" sizes=\"auto, (max-width: 1024px) 100vw, 1024px\" \/><figcaption class=\"wp-element-caption\">Foto 9<\/figcaption><\/figure>\n<\/div>\n<\/div>\n\n\n\n<div class=\"wp-block-columns is-layout-flex wp-container-core-columns-is-layout-9d6595d7 wp-block-columns-is-layout-flex\">\n<div class=\"wp-block-column is-layout-flow wp-block-column-is-layout-flow\">\n<figure class=\"wp-block-image size-large\"><img loading=\"lazy\" decoding=\"async\" width=\"788\" height=\"1024\" src=\"https:\/\/puntadelgallo.cl\/wp-content\/uploads\/2023\/09\/la-mas-conocida-788x1024.jpg\" alt=\"\" class=\"wp-image-1187\" srcset=\"https:\/\/puntadelgallo.cl\/wp-content\/uploads\/2023\/09\/la-mas-conocida-788x1024.jpg 788w, https:\/\/puntadelgallo.cl\/wp-content\/uploads\/2023\/09\/la-mas-conocida-231x300.jpg 231w, https:\/\/puntadelgallo.cl\/wp-content\/uploads\/2023\/09\/la-mas-conocida-768x998.jpg 768w, https:\/\/puntadelgallo.cl\/wp-content\/uploads\/2023\/09\/la-mas-conocida.jpg 985w\" sizes=\"auto, (max-width: 788px) 100vw, 788px\" \/><figcaption class=\"wp-element-caption\">Foto 10: Ella la bella<br>Todos la buscamos&#8230; todos nos preocupamos&#8230; Hiper superviviente. Sin duda la que m\u00e1s conoce todos los caminos, e incluso aquellos rec\u00f3nditos lugares que ning\u00fan vecino pueda imaginar.<br>\u00a0Si no est\u00e1 en la casa del Sheriff, obviamente estar\u00e1 paseando con alguna familia, alg\u00fan vecino(a) perro(a), visitando alg\u00fan vecino o derechamente robando comida.<br>\u00a0Amiga de todos. Encantadora, alegre, d\u00f3cil, y tambi\u00e9n un gran don y encanto de seducir.<\/figcaption><\/figure>\n<\/div>\n\n\n\n<div class=\"wp-block-column is-layout-flow wp-block-column-is-layout-flow\">\n<figure class=\"wp-block-image size-full is-resized\"><img loading=\"lazy\" decoding=\"async\" src=\"https:\/\/puntadelgallo.cl\/wp-content\/uploads\/2023\/09\/Marcela-Krause-3.png\" alt=\"\" class=\"wp-image-1189\" style=\"width:390px;height:572px\" width=\"390\" height=\"572\" srcset=\"https:\/\/puntadelgallo.cl\/wp-content\/uploads\/2023\/09\/Marcela-Krause-3.png 696w, https:\/\/puntadelgallo.cl\/wp-content\/uploads\/2023\/09\/Marcela-Krause-3-204x300.png 204w\" sizes=\"auto, (max-width: 390px) 100vw, 390px\" \/><figcaption class=\"wp-element-caption\"><strong><mark style=\"background-color:rgba(0, 0, 0, 0)\" class=\"has-inline-color has-theme-palette-3-color\">SEGUNDO LUGAR &#8211; Autora: Marcela Krausse<\/mark><\/strong><br>Foto 11: No hay mejor vecino que aquel que siempre est\u00e1 dispuesto a tener su gorro, alguna herramienta y su copa de vino.<br>La persona m\u00e1s generosa de toda la Comunidad, siempre dispuesto a aportar y ayudar incluso a quienes no conoce.<br>Por lejos el mejor personaje de Punta del Gallo.\u00a0<br>Si quieres conocerlo&#8230; lo encontrar\u00e1s tapando hoyos en las calles, ayudando a hacer pozos, arreglando paneles, inversores, autos, poniendo luces&#8230; en fin&#8230;solucionando cualquier problema que exista. (Y si no los encontrar\u00e1 o inventar\u00e1).<br>Te queremos Jorge.<\/figcaption><\/figure>\n<\/div>\n\n\n\n<div class=\"wp-block-column is-layout-flow wp-block-column-is-layout-flow\">\n<figure class=\"wp-block-image size-full\"><img loading=\"lazy\" decoding=\"async\" width=\"1024\" height=\"768\" src=\"https:\/\/puntadelgallo.cl\/wp-content\/uploads\/2023\/09\/PHOTO-2023-07-04-11-36-30.jpg\" alt=\"\" class=\"wp-image-1191\" srcset=\"https:\/\/puntadelgallo.cl\/wp-content\/uploads\/2023\/09\/PHOTO-2023-07-04-11-36-30.jpg 1024w, https:\/\/puntadelgallo.cl\/wp-content\/uploads\/2023\/09\/PHOTO-2023-07-04-11-36-30-300x225.jpg 300w, https:\/\/puntadelgallo.cl\/wp-content\/uploads\/2023\/09\/PHOTO-2023-07-04-11-36-30-768x576.jpg 768w\" sizes=\"auto, (max-width: 1024px) 100vw, 1024px\" \/><figcaption class=\"wp-element-caption\">Foto 12<\/figcaption><\/figure>\n\n\n\n<figure class=\"wp-block-image size-large\"><img loading=\"lazy\" decoding=\"async\" width=\"1024\" height=\"768\" src=\"https:\/\/puntadelgallo.cl\/wp-content\/uploads\/2023\/09\/PHOTO-2023-07-04-11-49-13-1024x768.jpg\" alt=\"\" class=\"wp-image-1193\" srcset=\"https:\/\/puntadelgallo.cl\/wp-content\/uploads\/2023\/09\/PHOTO-2023-07-04-11-49-13-1024x768.jpg 1024w, https:\/\/puntadelgallo.cl\/wp-content\/uploads\/2023\/09\/PHOTO-2023-07-04-11-49-13-300x225.jpg 300w, https:\/\/puntadelgallo.cl\/wp-content\/uploads\/2023\/09\/PHOTO-2023-07-04-11-49-13-768x576.jpg 768w, https:\/\/puntadelgallo.cl\/wp-content\/uploads\/2023\/09\/PHOTO-2023-07-04-11-49-13-1536x1152.jpg 1536w, https:\/\/puntadelgallo.cl\/wp-content\/uploads\/2023\/09\/PHOTO-2023-07-04-11-49-13.jpg 1600w\" sizes=\"auto, (max-width: 1024px) 100vw, 1024px\" \/><figcaption class=\"wp-element-caption\"><strong><mark style=\"background-color:rgba(0, 0, 0, 0)\" class=\"has-inline-color has-theme-palette-3-color\">MENCI\u00d3N HONROSA &#8211; Autor: Patricio Casanueva<\/mark><\/strong><br>Foto 13<\/figcaption><\/figure>\n<\/div>\n<\/div>\n\n\n<style>.wp-block-kadence-advancedheading.kt-adv-heading1163_b1b666-90, .wp-block-kadence-advancedheading.kt-adv-heading1163_b1b666-90[data-kb-block=\"kb-adv-heading1163_b1b666-90\"]{font-style:normal;}.wp-block-kadence-advancedheading.kt-adv-heading1163_b1b666-90 mark.kt-highlight, .wp-block-kadence-advancedheading.kt-adv-heading1163_b1b666-90[data-kb-block=\"kb-adv-heading1163_b1b666-90\"] mark.kt-highlight{font-style:normal;color:#f76a0c;-webkit-box-decoration-break:clone;box-decoration-break:clone;padding-top:0px;padding-right:0px;padding-bottom:0px;padding-left:0px;}.wp-block-kadence-advancedheading.kt-adv-heading1163_b1b666-90 img.kb-inline-image, .wp-block-kadence-advancedheading.kt-adv-heading1163_b1b666-90[data-kb-block=\"kb-adv-heading1163_b1b666-90\"] img.kb-inline-image{width:150px;vertical-align:baseline;}<\/style>\n<h2 class=\"kt-adv-heading1163_b1b666-90 wp-block-kadence-advancedheading\" data-kb-block=\"kb-adv-heading1163_b1b666-90\">Categor\u00eda cuerpo entero<\/h2>\n\n\n\n<div class=\"wp-block-columns is-layout-flex wp-container-core-columns-is-layout-9d6595d7 wp-block-columns-is-layout-flex\">\n<div class=\"wp-block-column is-layout-flow wp-block-column-is-layout-flow\">\n<figure class=\"wp-block-image size-full\"><img loading=\"lazy\" decoding=\"async\" width=\"556\" height=\"835\" src=\"https:\/\/puntadelgallo.cl\/wp-content\/uploads\/2023\/09\/Copia2.jpg\" alt=\"\" class=\"wp-image-1179\" srcset=\"https:\/\/puntadelgallo.cl\/wp-content\/uploads\/2023\/09\/Copia2.jpg 556w, https:\/\/puntadelgallo.cl\/wp-content\/uploads\/2023\/09\/Copia2-200x300.jpg 200w\" sizes=\"auto, (max-width: 556px) 100vw, 556px\" \/><figcaption class=\"wp-element-caption\">Foto 20<\/figcaption><\/figure>\n<\/div>\n\n\n\n<div class=\"wp-block-column is-layout-flow wp-block-column-is-layout-flow\">\n<figure class=\"wp-block-image size-full\"><img loading=\"lazy\" decoding=\"async\" width=\"550\" height=\"924\" src=\"https:\/\/puntadelgallo.cl\/wp-content\/uploads\/2023\/09\/Copia-5.jpg\" alt=\"\" class=\"wp-image-1183\" srcset=\"https:\/\/puntadelgallo.cl\/wp-content\/uploads\/2023\/09\/Copia-5.jpg 550w, https:\/\/puntadelgallo.cl\/wp-content\/uploads\/2023\/09\/Copia-5-179x300.jpg 179w\" sizes=\"auto, (max-width: 550px) 100vw, 550px\" \/><figcaption class=\"wp-element-caption\">Foto 21<\/figcaption><\/figure>\n<\/div>\n\n\n\n<div class=\"wp-block-column is-layout-flow wp-block-column-is-layout-flow\">\n<figure class=\"wp-block-image size-full is-resized\"><img loading=\"lazy\" decoding=\"async\" src=\"https:\/\/puntadelgallo.cl\/wp-content\/uploads\/2023\/09\/Copia-4.jpg\" alt=\"\" class=\"wp-image-1181\" style=\"width:381px;height:675px\" width=\"381\" height=\"675\" srcset=\"https:\/\/puntadelgallo.cl\/wp-content\/uploads\/2023\/09\/Copia-4.jpg 544w, https:\/\/puntadelgallo.cl\/wp-content\/uploads\/2023\/09\/Copia-4-169x300.jpg 169w\" sizes=\"auto, (max-width: 381px) 100vw, 381px\" \/><figcaption class=\"wp-element-caption\"><strong><mark style=\"background-color:rgba(0, 0, 0, 0)\" class=\"has-inline-color has-theme-palette-3-color\">PRIMER LUGAR &#8211; Autora: Ver\u00f3nica Galland<\/mark><\/strong><br>Foto 22<\/figcaption><\/figure>\n<\/div>\n<\/div>\n\n\n\n<div class=\"wp-block-columns is-layout-flex wp-container-core-columns-is-layout-9d6595d7 wp-block-columns-is-layout-flex\">\n<div class=\"wp-block-column is-layout-flow wp-block-column-is-layout-flow\">\n<figure class=\"wp-block-image size-large\"><img loading=\"lazy\" decoding=\"async\" width=\"768\" height=\"1024\" src=\"https:\/\/puntadelgallo.cl\/wp-content\/uploads\/2023\/09\/Marcela-Krause-768x1024.jpg\" alt=\"\" class=\"wp-image-1190\" srcset=\"https:\/\/puntadelgallo.cl\/wp-content\/uploads\/2023\/09\/Marcela-Krause-768x1024.jpg 768w, https:\/\/puntadelgallo.cl\/wp-content\/uploads\/2023\/09\/Marcela-Krause-225x300.jpg 225w, https:\/\/puntadelgallo.cl\/wp-content\/uploads\/2023\/09\/Marcela-Krause-1152x1536.jpg 1152w, https:\/\/puntadelgallo.cl\/wp-content\/uploads\/2023\/09\/Marcela-Krause.jpg 1200w\" sizes=\"auto, (max-width: 768px) 100vw, 768px\" \/><figcaption class=\"wp-element-caption\"><strong><mark style=\"background-color:rgba(0, 0, 0, 0)\" class=\"has-inline-color has-theme-palette-3-color\">TERCER LUGAR &#8211; Autora: Marcela Krausse<\/mark><\/strong><br>Foto 23: El Pastelero<br>No es tan dulce como parece, pero importante ser amigo de \u00e9l si quieres algo dulce.<br>\u00a0<br>Generoso, guat\u00f3n parrillero y alto en humor negro.<br>\u00a0<br>Recibir\u00e1 feliz en su casa a cualquiera que llegue, y eso ser\u00e1 la mejor excusa para abrir un vino, sacar la carne y m\u00e1s tarde tomar un vodka.<br>\u00a0<\/figcaption><\/figure>\n<\/div>\n\n\n\n<div class=\"wp-block-column is-layout-flow wp-block-column-is-layout-flow\">\n<figure class=\"wp-block-image size-large\"><img loading=\"lazy\" decoding=\"async\" width=\"768\" height=\"1024\" src=\"https:\/\/puntadelgallo.cl\/wp-content\/uploads\/2023\/09\/PHOTO-2023-07-04-11-37-21-768x1024.jpg\" alt=\"\" class=\"wp-image-1192\" srcset=\"https:\/\/puntadelgallo.cl\/wp-content\/uploads\/2023\/09\/PHOTO-2023-07-04-11-37-21-768x1024.jpg 768w, https:\/\/puntadelgallo.cl\/wp-content\/uploads\/2023\/09\/PHOTO-2023-07-04-11-37-21-225x300.jpg 225w, https:\/\/puntadelgallo.cl\/wp-content\/uploads\/2023\/09\/PHOTO-2023-07-04-11-37-21-1152x1536.jpg 1152w, https:\/\/puntadelgallo.cl\/wp-content\/uploads\/2023\/09\/PHOTO-2023-07-04-11-37-21.jpg 1200w\" sizes=\"auto, (max-width: 768px) 100vw, 768px\" \/><figcaption class=\"wp-element-caption\"><strong><mark style=\"background-color:rgba(0, 0, 0, 0)\" class=\"has-inline-color has-theme-palette-3-color\">SEGUNDO LUGAR &#8211; Autor: patricio Casanueva<\/mark><\/strong><br>Foto 24: Teresa <br>Encerrados a\u00fan por la pandemia le promet\u00ed una roca para su cumplea\u00f1os. Una misi\u00f3n dif\u00edcil considerando que todo estaba cerrado. Ella pens\u00f3, \u00bfque roca, que anillo ser\u00e1? Pero su alegr\u00eda fue mayor cuando vi\u00f3 llegar en la retro su natural regalo. Ahora se sienta en ella y sonr\u00ede pensando\u2026\u00bfcuando ser\u00e1 la pr\u00f3xima pandemia on the rocks ?\u00a0<\/figcaption><\/figure>\n<\/div>\n\n\n\n<div class=\"wp-block-column is-layout-flow wp-block-column-is-layout-flow\"><\/div>\n<\/div>\n","protected":false},"excerpt":{"rendered":"<p>Las bases del concurso especifican dos categor\u00edas: retrato exclusivo de rostro (fotos 1 a 13) o retrato de cuerpo entero (fotos 20 a 24). El jurado estuvo constitu\u00eddo por Miguel \u00c1ngel Larrea, Pin Campa\u00f1a y Julio Donoso La organizaci\u00f3n estuvo a cargo de Rodrigo Pascal, quien cont\u00f3 con el apoyo de Oscar Riffo y Jonny&#8230;<\/p>\n","protected":false},"author":2,"featured_media":0,"parent":0,"menu_order":0,"comment_status":"closed","ping_status":"closed","template":"","meta":{"_kad_post_transparent":"","_kad_post_title":"","_kad_post_layout":"","_kad_post_sidebar_id":"","_kad_post_content_style":"","_kad_post_vertical_padding":"","_kad_post_feature":"","_kad_post_feature_position":"","_kad_post_header":false,"_kad_post_footer":false,"_kad_post_classname":"","footnotes":""},"class_list":["post-1163","page","type-page","status-publish","hentry"],"_links":{"self":[{"href":"https:\/\/puntadelgallo.cl\/index.php\/wp-json\/wp\/v2\/pages\/1163","targetHints":{"allow":["GET"]}}],"collection":[{"href":"https:\/\/puntadelgallo.cl\/index.php\/wp-json\/wp\/v2\/pages"}],"about":[{"href":"https:\/\/puntadelgallo.cl\/index.php\/wp-json\/wp\/v2\/types\/page"}],"author":[{"embeddable":true,"href":"https:\/\/puntadelgallo.cl\/index.php\/wp-json\/wp\/v2\/users\/2"}],"replies":[{"embeddable":true,"href":"https:\/\/puntadelgallo.cl\/index.php\/wp-json\/wp\/v2\/comments?post=1163"}],"version-history":[{"count":16,"href":"https:\/\/puntadelgallo.cl\/index.php\/wp-json\/wp\/v2\/pages\/1163\/revisions"}],"predecessor-version":[{"id":1475,"href":"https:\/\/puntadelgallo.cl\/index.php\/wp-json\/wp\/v2\/pages\/1163\/revisions\/1475"}],"wp:attachment":[{"href":"https:\/\/puntadelgallo.cl\/index.php\/wp-json\/wp\/v2\/media?parent=1163"}],"curies":[{"name":"wp","href":"https:\/\/api.w.org\/{rel}","templated":true}]}}