{"id":1499,"date":"2024-07-31T23:17:50","date_gmt":"2024-08-01T03:17:50","guid":{"rendered":"https:\/\/puntadelgallo.cl\/?page_id=1499"},"modified":"2025-12-16T12:03:34","modified_gmt":"2025-12-16T16:03:34","slug":"rendiciones","status":"publish","type":"page","link":"https:\/\/puntadelgallo.cl\/index.php\/rendiciones\/","title":{"rendered":"Rendiciones"},"content":{"rendered":"<p>Todos los a\u00f1os se entrega a los socios de la OCF una rendici\u00f3n detallada de los ingresos y egresos en las asambleas anuales que se efect\u00faan normalmente en febrero de cada a\u00f1o.<br \/>A continuaci\u00f3n puede ver un resumen de las \u00faltimas rendiciones.<\/p>\n\n\n<div class=\"wp-block-columns is-layout-flex wp-container-core-columns-is-layout-9d6595d7 wp-block-columns-is-layout-flex\">\n<div class=\"wp-block-column is-layout-flow wp-block-column-is-layout-flow\"><style>.wp-block-kadence-advancedbtn.kb-btns1499_32d6b4-c8{gap:var(--global-kb-gap-xs, 0.5rem );justify-content:center;align-items:center;}.kt-btns1499_32d6b4-c8 .kt-button{font-weight:normal;font-style:normal;}.kt-btns1499_32d6b4-c8 .kt-btn-wrap-0{margin-right:5px;}.wp-block-kadence-advancedbtn.kt-btns1499_32d6b4-c8 .kt-btn-wrap-0 .kt-button{color:#555555;border-color:#555555;}.wp-block-kadence-advancedbtn.kt-btns1499_32d6b4-c8 .kt-btn-wrap-0 .kt-button:hover, .wp-block-kadence-advancedbtn.kt-btns1499_32d6b4-c8 .kt-btn-wrap-0 .kt-button:focus{color:#ffffff;border-color:#444444;}.wp-block-kadence-advancedbtn.kt-btns1499_32d6b4-c8 .kt-btn-wrap-0 .kt-button::before{display:none;}.wp-block-kadence-advancedbtn.kt-btns1499_32d6b4-c8 .kt-btn-wrap-0 .kt-button:hover, .wp-block-kadence-advancedbtn.kt-btns1499_32d6b4-c8 .kt-btn-wrap-0 .kt-button:focus{background:#444444;}<\/style>\n<div class=\"wp-block-kadence-advancedbtn kb-buttons-wrap kb-btns1499_32d6b4-c8\"><style>ul.menu .wp-block-kadence-advancedbtn .kb-btn1499_48581d-a6.kb-button{width:initial;}<\/style><a class=\"kb-button kt-button button kb-btn1499_48581d-a6 kt-btn-size-standard kt-btn-width-type-auto kb-btn-global-fill  kt-btn-has-text-true kt-btn-has-svg-false  wp-block-kadence-singlebtn\" href=\"https:\/\/puntadelgallo.cl\/index.php\/rendicion-2023\/\"><span class=\"kt-btn-inner-text\">Rendici\u00f3n 2023<\/span><\/a><\/div>\n<\/div>\n<\/div>\n\n\n<style>.wp-block-kadence-advancedbtn.kb-btns1499_71b279-38{gap:var(--global-kb-gap-xs, 0.5rem );justify-content:center;align-items:center;}.kt-btns1499_71b279-38 .kt-button{font-weight:normal;font-style:normal;}.kt-btns1499_71b279-38 .kt-btn-wrap-0{margin-right:5px;}.wp-block-kadence-advancedbtn.kt-btns1499_71b279-38 .kt-btn-wrap-0 .kt-button{color:#555555;border-color:#555555;}.wp-block-kadence-advancedbtn.kt-btns1499_71b279-38 .kt-btn-wrap-0 .kt-button:hover, .wp-block-kadence-advancedbtn.kt-btns1499_71b279-38 .kt-btn-wrap-0 .kt-button:focus{color:#ffffff;border-color:#444444;}.wp-block-kadence-advancedbtn.kt-btns1499_71b279-38 .kt-btn-wrap-0 .kt-button::before{display:none;}.wp-block-kadence-advancedbtn.kt-btns1499_71b279-38 .kt-btn-wrap-0 .kt-button:hover, .wp-block-kadence-advancedbtn.kt-btns1499_71b279-38 .kt-btn-wrap-0 .kt-button:focus{background:#444444;}<\/style>\n<div class=\"wp-block-kadence-advancedbtn kb-buttons-wrap kb-btns1499_71b279-38\"><style>ul.menu .wp-block-kadence-advancedbtn .kb-btn1499_af3a48-33.kb-button{width:initial;}<\/style><a class=\"kb-button kt-button button kb-btn1499_af3a48-33 kt-btn-size-standard kt-btn-width-type-auto kb-btn-global-fill  kt-btn-has-text-true kt-btn-has-svg-false  wp-block-kadence-singlebtn\" href=\"https:\/\/puntadelgallo.cl\/index.php\/rendiciones\/informe-trimestral-agosto-octubre-2024\/\"><span class=\"kt-btn-inner-text\">Rendici\u00f3n Enero &#8211; Octubre 2024 <br>y trimestre Agosto &#8211; Octubre 2024<\/span><\/a><\/div>\n\n\n<style>.wp-block-kadence-advancedbtn.kb-btns1499_15d916-ff{gap:var(--global-kb-gap-xs, 0.5rem );justify-content:center;align-items:center;}.kt-btns1499_15d916-ff .kt-button{font-weight:normal;font-style:normal;}.kt-btns1499_15d916-ff .kt-btn-wrap-0{margin-right:5px;}.wp-block-kadence-advancedbtn.kt-btns1499_15d916-ff .kt-btn-wrap-0 .kt-button{color:#555555;border-color:#555555;}.wp-block-kadence-advancedbtn.kt-btns1499_15d916-ff .kt-btn-wrap-0 .kt-button:hover, .wp-block-kadence-advancedbtn.kt-btns1499_15d916-ff .kt-btn-wrap-0 .kt-button:focus{color:#ffffff;border-color:#444444;}.wp-block-kadence-advancedbtn.kt-btns1499_15d916-ff .kt-btn-wrap-0 .kt-button::before{display:none;}.wp-block-kadence-advancedbtn.kt-btns1499_15d916-ff .kt-btn-wrap-0 .kt-button:hover, .wp-block-kadence-advancedbtn.kt-btns1499_15d916-ff .kt-btn-wrap-0 .kt-button:focus{background:#444444;}<\/style>\n<div class=\"wp-block-kadence-advancedbtn kb-buttons-wrap kb-btns1499_15d916-ff\"><style>ul.menu .wp-block-kadence-advancedbtn .kb-btn1499_1b3f18-f5.kb-button{width:initial;}<\/style><a class=\"kb-button kt-button button kb-btn1499_1b3f18-f5 kt-btn-size-standard kt-btn-width-type-auto kb-btn-global-fill  kt-btn-has-text-true kt-btn-has-svg-false  wp-block-kadence-singlebtn\" href=\"https:\/\/puntadelgallo.cl\/index.php\/1803-2\/\"><span class=\"kt-btn-inner-text\">Informe Marzo &#8211; Mayo 2025<\/span><\/a><\/div>\n\n\n<style>.wp-block-kadence-advancedbtn.kb-btns1499_43a514-a7{gap:var(--global-kb-gap-xs, 0.5rem );justify-content:center;align-items:center;}.kt-btns1499_43a514-a7 .kt-button{font-weight:normal;font-style:normal;}.kt-btns1499_43a514-a7 .kt-btn-wrap-0{margin-right:5px;}.wp-block-kadence-advancedbtn.kt-btns1499_43a514-a7 .kt-btn-wrap-0 .kt-button{color:#555555;border-color:#555555;}.wp-block-kadence-advancedbtn.kt-btns1499_43a514-a7 .kt-btn-wrap-0 .kt-button:hover, .wp-block-kadence-advancedbtn.kt-btns1499_43a514-a7 .kt-btn-wrap-0 .kt-button:focus{color:#ffffff;border-color:#444444;}.wp-block-kadence-advancedbtn.kt-btns1499_43a514-a7 .kt-btn-wrap-0 .kt-button::before{display:none;}.wp-block-kadence-advancedbtn.kt-btns1499_43a514-a7 .kt-btn-wrap-0 .kt-button:hover, .wp-block-kadence-advancedbtn.kt-btns1499_43a514-a7 .kt-btn-wrap-0 .kt-button:focus{background:#444444;}<\/style>\n<div class=\"wp-block-kadence-advancedbtn kb-buttons-wrap kb-btns1499_43a514-a7\"><style>ul.menu .wp-block-kadence-advancedbtn .kb-btn1499_ca1e95-ad.kb-button{width:initial;}<\/style><a class=\"kb-button kt-button button kb-btn1499_ca1e95-ad kt-btn-size-standard kt-btn-width-type-auto kb-btn-global-fill  kt-btn-has-text-true kt-btn-has-svg-false  wp-block-kadence-singlebtn\" href=\"https:\/\/puntadelgallo.cl\/index.php\/informe-trimestral-junio-agosto-2025\/\"><span class=\"kt-btn-inner-text\">Informe Junio &#8211; Agosto 2025<\/span><\/a><\/div>\n\n\n<style>.wp-block-kadence-advancedbtn.kb-btns1499_1820ea-0b{gap:var(--global-kb-gap-xs, 0.5rem );justify-content:center;align-items:center;}.kt-btns1499_1820ea-0b .kt-button{font-weight:normal;font-style:normal;}.kt-btns1499_1820ea-0b .kt-btn-wrap-0{margin-right:5px;}.wp-block-kadence-advancedbtn.kt-btns1499_1820ea-0b .kt-btn-wrap-0 .kt-button{color:#555555;border-color:#555555;}.wp-block-kadence-advancedbtn.kt-btns1499_1820ea-0b .kt-btn-wrap-0 .kt-button:hover, .wp-block-kadence-advancedbtn.kt-btns1499_1820ea-0b .kt-btn-wrap-0 .kt-button:focus{color:#ffffff;border-color:#444444;}.wp-block-kadence-advancedbtn.kt-btns1499_1820ea-0b .kt-btn-wrap-0 .kt-button::before{display:none;}.wp-block-kadence-advancedbtn.kt-btns1499_1820ea-0b .kt-btn-wrap-0 .kt-button:hover, .wp-block-kadence-advancedbtn.kt-btns1499_1820ea-0b .kt-btn-wrap-0 .kt-button:focus{background:#444444;}<\/style>\n<div class=\"wp-block-kadence-advancedbtn kb-buttons-wrap kb-btns1499_1820ea-0b\"><style>ul.menu .wp-block-kadence-advancedbtn .kb-btn1499_d1d56d-44.kb-button{width:initial;}<\/style><a class=\"kb-button kt-button button kb-btn1499_d1d56d-44 kt-btn-size-standard kt-btn-width-type-auto kb-btn-global-fill  kt-btn-has-text-true kt-btn-has-svg-false  wp-block-kadence-singlebtn\" href=\"https:\/\/puntadelgallo.cl\/index.php\/informe-trimestral-septiembre-noviembre-2025\/\"><span class=\"kt-btn-inner-text\">Informe Septiembre &#8211; Noviembre 2025<\/span><\/a><\/div>\n\n\n\n<p><\/p>\n","protected":false},"excerpt":{"rendered":"<p>Todos los a\u00f1os se entrega a los socios de la OCF una rendici\u00f3n detallada de los ingresos y egresos en las asambleas anuales que se efect\u00faan normalmente en febrero de cada a\u00f1o.A continuaci\u00f3n puede ver un resumen de las \u00faltimas rendiciones.<\/p>\n","protected":false},"author":2,"featured_media":0,"parent":0,"menu_order":0,"comment_status":"closed","ping_status":"closed","template":"","meta":{"_kad_post_transparent":"","_kad_post_title":"","_kad_post_layout":"narrow","_kad_post_sidebar_id":"","_kad_post_content_style":"","_kad_post_vertical_padding":"","_kad_post_feature":"","_kad_post_feature_position":"","_kad_post_header":false,"_kad_post_footer":false,"_kad_post_classname":"","footnotes":""},"class_list":["post-1499","page","type-page","status-publish","hentry"],"_links":{"self":[{"href":"https:\/\/puntadelgallo.cl\/index.php\/wp-json\/wp\/v2\/pages\/1499","targetHints":{"allow":["GET"]}}],"collection":[{"href":"https:\/\/puntadelgallo.cl\/index.php\/wp-json\/wp\/v2\/pages"}],"about":[{"href":"https:\/\/puntadelgallo.cl\/index.php\/wp-json\/wp\/v2\/types\/page"}],"author":[{"embeddable":true,"href":"https:\/\/puntadelgallo.cl\/index.php\/wp-json\/wp\/v2\/users\/2"}],"replies":[{"embeddable":true,"href":"https:\/\/puntadelgallo.cl\/index.php\/wp-json\/wp\/v2\/comments?post=1499"}],"version-history":[{"count":21,"href":"https:\/\/puntadelgallo.cl\/index.php\/wp-json\/wp\/v2\/pages\/1499\/revisions"}],"predecessor-version":[{"id":1995,"href":"https:\/\/puntadelgallo.cl\/index.php\/wp-json\/wp\/v2\/pages\/1499\/revisions\/1995"}],"wp:attachment":[{"href":"https:\/\/puntadelgallo.cl\/index.php\/wp-json\/wp\/v2\/media?parent=1499"}],"curies":[{"name":"wp","href":"https:\/\/api.w.org\/{rel}","templated":true}]}}