{"id":1655,"date":"2024-10-21T22:13:25","date_gmt":"2024-10-22T02:13:25","guid":{"rendered":"https:\/\/puntadelgallo.cl\/?page_id=1655"},"modified":"2024-10-21T22:13:25","modified_gmt":"2024-10-22T02:13:25","slug":"2022-11-29-minuta-de-reunion-de-directorio","status":"publish","type":"page","link":"https:\/\/puntadelgallo.cl\/index.php\/2022-11-29-minuta-de-reunion-de-directorio\/","title":{"rendered":"2022 11 29 Minuta de reuni\u00f3n de directorio"},"content":{"rendered":"\n<ul class=\"wp-block-list\">\n<li>Asisten: Carlos Porter, Jorge Errazuriz, Jonny Heiss, Giovani Sanguedolce, Magdalena Balcells<\/li>\n\n\n\n<li>Hamish Wood manda sus excusas pero no puede asistir.<\/li>\n<\/ul>\n\n\n\n<h1 class=\"wp-block-heading\">Cobranzas y finanzas:<\/h1>\n\n\n\n<ul class=\"wp-block-list\">\n<li>Se desarrollaron iniciativas para agradecer y estimular a los que pagaron y hacer ver que est\u00e1n en falta los que siguen pendientes.<\/li>\n\n\n\n<li>Se revisaron todos los morosos y se asignaron a distintos directores, lo que qued\u00f3 en un correo enviado a Oscar con copia a todos los Directores para verificar situaci\u00f3n vigente.<\/li>\n\n\n\n<li>Reemplazo de Magdalena: Patricio no acept\u00f3. CP ver\u00e1 con HW como le fue al conversar con Sandra Perroni. Tambi\u00e9n aclarar\u00e1 si HW continuar\u00e1 hablando con ella (anda fuera de Chile) o sigue JH. Otra opci\u00f3n, si Sandra no acepta, es pedirle a Celia.\u00a0 Luego habr\u00eda que hacer un proceso de traspaso y regularizar lo del banco.<\/li>\n<\/ul>\n\n\n\n<h1 class=\"wp-block-heading\">Seguridad&nbsp;<\/h1>\n\n\n\n<ul class=\"wp-block-list\">\n<li>CAE comenta que han entrado a robar por El Rosario. Se encontraron bienes en la quebrada.<\/li>\n\n\n\n<li>Viene en diciembre per\u00edodo de riesgo.<\/li>\n\n\n\n<li>Reactivar con un nuevo mensaje el proyecto \u201cluz, c\u00e1mara, acci\u00f3n\u201d.<\/li>\n<\/ul>\n\n\n\n<h1 class=\"wp-block-heading\">&nbsp;Humedal<\/h1>\n\n\n\n<ul class=\"wp-block-list\">\n<li>CAE se reuni\u00f3 con los due\u00f1os del humedal y quieren participar en forma m\u00e1s activa.<\/li>\n<\/ul>\n\n\n\n<h1 class=\"wp-block-heading\">Sector porter\u00eda\/reciclaje<\/h1>\n\n\n\n<ul class=\"wp-block-list\">\n<li>CAE indica que es necesario comprar un inversor peque\u00f1o porque se robaron el que hab\u00eda.<\/li>\n\n\n\n<li>GS: van a electrificar el sector de reciclaje. Va a verificar la capacidad de una UPS.\u00a0 Propone comprar una UPS (~3.000 AH), que cuesta aprox $ 300.000.- para el motor del port\u00f3n.<\/li>\n\n\n\n<li>Contratar a Enzo para que haga la zanja, ponga tubo y cablee.<\/li>\n\n\n\n<li>Controles remotos: JE hablar\u00e1 con Oscar para que active el cambio de controles remotos durante diciembre.<\/li>\n\n\n\n<li>CAE mandar\u00e1 mensaje a todos los vecinos sobre controles en chat de WhatsApp<\/li>\n<\/ul>\n","protected":false},"excerpt":{"rendered":"<p>Cobranzas y finanzas: Seguridad&nbsp; &nbsp;Humedal Sector porter\u00eda\/reciclaje<\/p>\n","protected":false},"author":2,"featured_media":0,"parent":0,"menu_order":0,"comment_status":"closed","ping_status":"closed","template":"","meta":{"_kad_post_transparent":"","_kad_post_title":"","_kad_post_layout":"","_kad_post_sidebar_id":"","_kad_post_content_style":"","_kad_post_vertical_padding":"","_kad_post_feature":"","_kad_post_feature_position":"","_kad_post_header":false,"_kad_post_footer":false,"_kad_post_classname":"","footnotes":""},"class_list":["post-1655","page","type-page","status-publish","hentry"],"_links":{"self":[{"href":"https:\/\/puntadelgallo.cl\/index.php\/wp-json\/wp\/v2\/pages\/1655","targetHints":{"allow":["GET"]}}],"collection":[{"href":"https:\/\/puntadelgallo.cl\/index.php\/wp-json\/wp\/v2\/pages"}],"about":[{"href":"https:\/\/puntadelgallo.cl\/index.php\/wp-json\/wp\/v2\/types\/page"}],"author":[{"embeddable":true,"href":"https:\/\/puntadelgallo.cl\/index.php\/wp-json\/wp\/v2\/users\/2"}],"replies":[{"embeddable":true,"href":"https:\/\/puntadelgallo.cl\/index.php\/wp-json\/wp\/v2\/comments?post=1655"}],"version-history":[{"count":1,"href":"https:\/\/puntadelgallo.cl\/index.php\/wp-json\/wp\/v2\/pages\/1655\/revisions"}],"predecessor-version":[{"id":1656,"href":"https:\/\/puntadelgallo.cl\/index.php\/wp-json\/wp\/v2\/pages\/1655\/revisions\/1656"}],"wp:attachment":[{"href":"https:\/\/puntadelgallo.cl\/index.php\/wp-json\/wp\/v2\/media?parent=1655"}],"curies":[{"name":"wp","href":"https:\/\/api.w.org\/{rel}","templated":true}]}}