{"id":1658,"date":"2024-10-21T22:17:02","date_gmt":"2024-10-22T02:17:02","guid":{"rendered":"https:\/\/puntadelgallo.cl\/?page_id=1658"},"modified":"2024-10-21T22:17:02","modified_gmt":"2024-10-22T02:17:02","slug":"2023-02-28-minuta-de-reunion-de-directorio","status":"publish","type":"page","link":"https:\/\/puntadelgallo.cl\/index.php\/2023-02-28-minuta-de-reunion-de-directorio\/","title":{"rendered":"2023 02 28 Minuta de reuni\u00f3n de Directorio"},"content":{"rendered":"\n<p>Asistentes:<\/p>\n\n\n\n<p>\u00a0\u00a0\u00a0\u00a0\u00a0\u00a0\u00a0\u00a0\u00a0\u00a0\u00a0 Carlos Porter, Hamish Wood, Jonny Heiss, Jorge Err\u00e1zuriz, Giovanni Sanguedolce, Sandra Perroni<\/p>\n\n\n\n<p>Se tratan los siguientes temas en tabla:<\/p>\n\n\n\n<ul class=\"wp-block-list\">\n<li>A solicitud de vecinos afectados por la instalaci\u00f3n del banco en el mirador en la bajada a la playa El Revolc\u00f3n, se acuerda hacer cambios. CP pedir\u00e1 presupuesto para ver un par de alternativas. Luego se definir\u00e1 cu\u00e1l se adopta.<br>Opciones: orientar hacia la playa, tapando la vista a la casa con rollizos, o se instala una plataforma en dos niveles donde pueda sentarse un mayor n\u00famero de personas m\u00e1s abajo.<\/li>\n\n\n\n<li>CAE informa sobre el proceso que llev\u00f3 a sacar el bote deteriorado del sitio de Man\u00e9 Swett. As\u00ed concluye esta solicitud levantada por vecinos durante la reuni\u00f3n.<\/li>\n\n\n\n<li>HW informa que est\u00e1 implementando el nuevo sistema de ingreso a Punta de Gallo. Actualmente est\u00e1n haciendo pruebas. Habr\u00e1 una marcha blanca de unos dos a tres meses para que los usuarios se familiaricen con el sistema.\u00a0 En paralelo seguir\u00e1 funcionando el sistema antiguo.<\/li>\n\n\n\n<li>En relaci\u00f3n a la instalaci\u00f3n de una plaza de juegos para ni\u00f1os, debido a la oposici\u00f3n de los vecinos que colindan con la plaza, se ha decidido no seguir adelante con el plan. JH desea dejar en claro que la directiva acogi\u00f3 la iniciativa de los juegos, pero nunca se pens\u00f3 en construir sin antes consultar a los vecinos colindantes.<br>Se estudiar\u00e1 la posibilidad de usar el \u00e1rea previamente acordada para montar un \u00e1rea de descanso, con paisajismo sustentable y minimalista, y un monolito que lleve el nombre de In\u00e9s Strange, como fue solicitado por la familia Rojas Strange. Giovanni y Jorge conversar\u00e1n esto con los vecinos al tri\u00e1ngulo.<\/li>\n<\/ul>\n\n\n\n<p>Dado que una vecina se mostr\u00f3 dispuesta a donar unos juegos que se encuentran en su propiedad, se analizar\u00e1 la idea de instalarlos en la playa El Revolc\u00f3n y adecuar un \u00e1rea para desplegar informaci\u00f3n relevante al ecosistema, y a las vedas en curso.<br>Antes de proseguir CAE informar\u00e1 a los vecinos de El Rosario y consultar\u00e1 a la Gobernaci\u00f3n Mar\u00edtima si estamos autorizados a intervenir un \u00e1rea considerada bien p\u00fablico.<\/p>\n","protected":false},"excerpt":{"rendered":"<p>Asistentes: \u00a0\u00a0\u00a0\u00a0\u00a0\u00a0\u00a0\u00a0\u00a0\u00a0\u00a0 Carlos Porter, Hamish Wood, Jonny Heiss, Jorge Err\u00e1zuriz, Giovanni Sanguedolce, Sandra Perroni Se tratan los siguientes temas en tabla: Dado que una vecina se mostr\u00f3 dispuesta a donar unos juegos que se encuentran en su propiedad, se analizar\u00e1 la idea de instalarlos en la playa El Revolc\u00f3n y adecuar un \u00e1rea para desplegar&#8230;<\/p>\n","protected":false},"author":2,"featured_media":0,"parent":0,"menu_order":0,"comment_status":"closed","ping_status":"closed","template":"","meta":{"_kad_post_transparent":"","_kad_post_title":"","_kad_post_layout":"","_kad_post_sidebar_id":"","_kad_post_content_style":"","_kad_post_vertical_padding":"","_kad_post_feature":"","_kad_post_feature_position":"","_kad_post_header":false,"_kad_post_footer":false,"_kad_post_classname":"","footnotes":""},"class_list":["post-1658","page","type-page","status-publish","hentry"],"_links":{"self":[{"href":"https:\/\/puntadelgallo.cl\/index.php\/wp-json\/wp\/v2\/pages\/1658","targetHints":{"allow":["GET"]}}],"collection":[{"href":"https:\/\/puntadelgallo.cl\/index.php\/wp-json\/wp\/v2\/pages"}],"about":[{"href":"https:\/\/puntadelgallo.cl\/index.php\/wp-json\/wp\/v2\/types\/page"}],"author":[{"embeddable":true,"href":"https:\/\/puntadelgallo.cl\/index.php\/wp-json\/wp\/v2\/users\/2"}],"replies":[{"embeddable":true,"href":"https:\/\/puntadelgallo.cl\/index.php\/wp-json\/wp\/v2\/comments?post=1658"}],"version-history":[{"count":1,"href":"https:\/\/puntadelgallo.cl\/index.php\/wp-json\/wp\/v2\/pages\/1658\/revisions"}],"predecessor-version":[{"id":1659,"href":"https:\/\/puntadelgallo.cl\/index.php\/wp-json\/wp\/v2\/pages\/1658\/revisions\/1659"}],"wp:attachment":[{"href":"https:\/\/puntadelgallo.cl\/index.php\/wp-json\/wp\/v2\/media?parent=1658"}],"curies":[{"name":"wp","href":"https:\/\/api.w.org\/{rel}","templated":true}]}}