{"id":1669,"date":"2024-10-21T22:35:27","date_gmt":"2024-10-22T02:35:27","guid":{"rendered":"https:\/\/puntadelgallo.cl\/?page_id=1669"},"modified":"2024-10-21T22:49:15","modified_gmt":"2024-10-22T02:49:15","slug":"2023-04-27-minuta-de-reunion-de-directorio","status":"publish","type":"page","link":"https:\/\/puntadelgallo.cl\/index.php\/2023-04-27-minuta-de-reunion-de-directorio\/","title":{"rendered":"2023 04 27 Minuta de reuni\u00f3n de Directorio"},"content":{"rendered":"\n<p>Asisten: Carlos Porter, Hamish Wood, Jorge Errazuriz, Sandra Perroni, Jonny Heiss<br>Giovanni Sanguedolce se excus\u00f3 (anda de viaje)<\/p>\n\n\n\n<ol class=\"wp-block-list\">\n<li>Morosos: CAE habl\u00f3 con Oscar Riffo y est\u00e1 actualizada la planilla hasta el viernes pasado. Despu\u00e9s de la asamblea muchos se pusieron al d\u00eda. CAE pondr\u00e1 el link al drive en el WhatsApp.<\/li>\n\n\n\n<li>Empezamos a usar el nuevo sistema de Comunidad Feliz, donde el sistema manda el cobro en forma regular.<\/li>\n\n\n\n<li>SP informa que hay un saldo de $ 16.517.000<\/li>\n\n\n\n<li>JE propone que SP haga una proyecci\u00f3n, considerando los que ya pagaron y los que est\u00e1n pagando en cuotas. Interesa tener una foto clara para saber qu\u00e9 podemos gastar y que necesitamos reservar para las obligaciones como sueldos. Pedir datos a OR.<\/li>\n\n\n\n<li>Los caminos se arreglan normalmente despu\u00e9s de las primeras lluvias.<\/li>\n\n\n\n<li>CAE pide a SP que vea con OR si incorpora en la plataforma los gastos mensuales.<\/li>\n\n\n\n<li>Para los caminos est\u00e1n proyectados $ 4.300.000.- adem\u00e1s de lo que aporta la familia Rojas.<\/li>\n\n\n\n<li>HW solicit\u00f3 que se presentan informes mensuales de ingresos y gastos generados por la plataforma Comunidad Feliz.<\/li>\n\n\n\n<li>Reemplazo de Madgalena. CAE firm\u00f3 los documentos. Ahora viene el proceso de inscripci\u00f3n en el Banco. Lo de Sandra fue rechazado porque no estaba en acta. CAE va a hablar con Magdalena para ver si puede seguir firmando las autorizaciones bancarias. Si no, har\u00edamos un enroque y CAE quedar\u00eda de secretario y JH firmar\u00eda las transferencias.<\/li>\n\n\n\n<li>En Junio HW quedar\u00eda de Presidente hasta febrero del 2025<\/li>\n\n\n\n<li>Control de acceso a PDG. <br>HW informa que el sistema se basar\u00eda en c\u00f3digos QR y cada propietario podria generar acceso a visitas, proveedores, arrendatarios, etc.<br>Son c\u00f3digos din\u00e1micos, no una foto.<br>El sistema requiere conexi\u00f3n internet en la casa. Ya existe una router y un chip, solo falta contratar el plan de datos.<br>Tambi\u00e9n lee los c\u00f3digos QR del carnet de identidad, por ejemplo, para los contratistas.<br>Se requiere un lector QR con un poste, se\u00f1al\u00e9tica, marcar el camino, iluminaci\u00f3n, barrera de cemento (obras civiles para que no lo pasen a llevar).<br>Se puede agregar un sensor en el auto, a futuro, para los due\u00f1os, y se abre solo (TAG a futuro).<br>Ruben coment\u00f3 que est\u00e1 instalado en Bosquemar y est\u00e1n a favor del cambio de tecnolog\u00eda. Lo encuentran buen\u00edsimo.<br>Habr\u00eda que hablar con la familia Rojas para pedirles que financien una parte, dado que le sube el valor al condominio.<br>La soluci\u00f3n cuesta 3,5 UF\/mes + IVA y\u00a0 aprox 5 millones. (2,5MM para el hardware, instalaci\u00f3n y configuraci\u00f3n + aprox para las obras civiles)<br>Hay una garant\u00eda por 12 meses para el Hardware<br>JE + HW har\u00e1n una bajada del costo de las obras civiles<\/li>\n\n\n\n<li>Robo en La Boca<br>JE y CAE sostendr\u00e1 una reuni\u00f3n con Carabineros para pedir un servicio mejor<\/li>\n\n\n\n<li>Comunidad de Changos (de El Yeco) que quieren tener acceso a las playas.<br>Quieren acceso a las playas para extraer mariscos y pesca en las playas de las 3 comunidades.<br>CAE habl\u00f3 con Comunidad Sustentable y con el abogado y se reuni\u00f3 con ellos. No pueden hacer nada mientras no se constituyan como etnia.<\/li>\n\n\n\n<li>Mirador Garcia.<br>OR se va a juntar con Alvaro Garcia, para conversar y ver como cerrar mejor. Faltan materiales.<br>CAE solicitar\u00e1 a los vecinos que hagan una poda de los pinos que impiden acceso al estacionamiento y calle servidumbre<\/li>\n\n\n\n<li>Plaza comit\u00e9<br>Hubo una reuni\u00f3n CAE y JH con el comit\u00e9. Catalina Moure hizo una presentaci\u00f3n. Lo que falta es sentarse con los propietarios que colindan con el sitio y conversar con ellos. Mostrarles la definici\u00f3n nueva de la plaza, que cuide a los vecinos.<br>JH informar\u00e1 al comit\u00e9 que antes de la reuni\u00f3n el comit\u00e9 de la plaza debe mandar la nueva propuesta: texto y ante proyecto.<br>CAE hablar\u00e1 con Juan Le\u00f3n el s\u00e1bado.<\/li>\n\n\n\n<li>Botiqu\u00edn porter\u00eda<br>CAE le pas\u00f3 listado a OR de lo que hay que comprar para armar el botiqu\u00edn.<br>Hay una posibilidad de comprar un desfibrilador que cuesta como 2 millones. Solo sirve si se llega en 6 minutos. Adem\u00e1s, requiere tener alguien que sepa usarlo. As\u00ed que se decide no comprarlo.<br>El botiqu\u00edn se instalar\u00e1 en porter\u00eda, al igual que la camilla.<\/li>\n\n\n\n<li>Concurso fotograf\u00eda &#8211; rostros.<br>Rodrigo mando la propuesta. CAE har\u00e1 la gr\u00e1fica<\/li>\n\n\n\n<li>Manual de construcci\u00f3n<br>Tere gener\u00f3 un manual como propuesta, pero se har\u00e1n algunos cambios, antes de agregar al Kit de Bienvenida<\/li>\n\n\n\n<li>Fiscalizaci\u00f3n nuevas construcciones<br>CAE se lo pidi\u00f3 a OR<\/li>\n\n\n\n<li>Vacaciones de porter\u00eda<br>Hay que buscar personas alternativas para reemplazos.<\/li>\n\n\n\n<li>Contratar persona para aseo del centro de reciclaje<br>CAE hablar\u00e1 con Queno para ver si logra un acuerdo para hacerse cargo del mantenimiento, con una mantenci\u00f3n cada 2 semanas y en verano semanal.<\/li>\n<\/ol>\n","protected":false},"excerpt":{"rendered":"<p>Asisten: Carlos Porter, Hamish Wood, Jorge Errazuriz, Sandra Perroni, Jonny HeissGiovanni Sanguedolce se excus\u00f3 (anda de viaje)<\/p>\n","protected":false},"author":2,"featured_media":0,"parent":0,"menu_order":0,"comment_status":"closed","ping_status":"closed","template":"","meta":{"_kad_post_transparent":"","_kad_post_title":"","_kad_post_layout":"","_kad_post_sidebar_id":"","_kad_post_content_style":"","_kad_post_vertical_padding":"","_kad_post_feature":"","_kad_post_feature_position":"","_kad_post_header":false,"_kad_post_footer":false,"_kad_post_classname":"","footnotes":""},"class_list":["post-1669","page","type-page","status-publish","hentry"],"_links":{"self":[{"href":"https:\/\/puntadelgallo.cl\/index.php\/wp-json\/wp\/v2\/pages\/1669","targetHints":{"allow":["GET"]}}],"collection":[{"href":"https:\/\/puntadelgallo.cl\/index.php\/wp-json\/wp\/v2\/pages"}],"about":[{"href":"https:\/\/puntadelgallo.cl\/index.php\/wp-json\/wp\/v2\/types\/page"}],"author":[{"embeddable":true,"href":"https:\/\/puntadelgallo.cl\/index.php\/wp-json\/wp\/v2\/users\/2"}],"replies":[{"embeddable":true,"href":"https:\/\/puntadelgallo.cl\/index.php\/wp-json\/wp\/v2\/comments?post=1669"}],"version-history":[{"count":3,"href":"https:\/\/puntadelgallo.cl\/index.php\/wp-json\/wp\/v2\/pages\/1669\/revisions"}],"predecessor-version":[{"id":1672,"href":"https:\/\/puntadelgallo.cl\/index.php\/wp-json\/wp\/v2\/pages\/1669\/revisions\/1672"}],"wp:attachment":[{"href":"https:\/\/puntadelgallo.cl\/index.php\/wp-json\/wp\/v2\/media?parent=1669"}],"curies":[{"name":"wp","href":"https:\/\/api.w.org\/{rel}","templated":true}]}}