{"id":1675,"date":"2024-10-21T22:53:53","date_gmt":"2024-10-22T02:53:53","guid":{"rendered":"https:\/\/puntadelgallo.cl\/?page_id=1675"},"modified":"2024-10-21T22:56:31","modified_gmt":"2024-10-22T02:56:31","slug":"2023-06-06-minuta-de-reunion-de-directorio","status":"publish","type":"page","link":"https:\/\/puntadelgallo.cl\/index.php\/2023-06-06-minuta-de-reunion-de-directorio\/","title":{"rendered":"2023 06 06 Minuta de reuni\u00f3n de Directorio"},"content":{"rendered":"\n<p>Asisten: Carlos Porter, Hamish Wood, Jorge Err\u00e1zuriz, Sandra Perroni, Jonny Heiss, Oscar Riffo, Giovanni Sanguedolce<\/p>\n\n\n\n<ol class=\"wp-block-list\">\n<li><strong>Presidencia<\/strong>: CAE informa que hoy es la reuni\u00f3n de traspaso de la presidencia de CAE a Hamish Wood.<\/li>\n\n\n\n<li><strong>Plaza<\/strong>: el concepto se cambi\u00f3 de una plaza de juegos para ni\u00f1os a un lugar de ornato y descanso. JH informar\u00e1 al comit\u00e9 que lo de Catalina fue super bien acogido. CAE ha estado en contacto con vecinos y le falta conversar con algunos. En general le ha ido bien. Jani est\u00e1 de viaje. CAE hablar\u00e1 con los vecinos del Comit\u00e9 Plaza.<\/li>\n\n\n\n<li><strong>Centro de reciclaje<\/strong>: hay una cotizaci\u00f3n con Queno. La idea es hacerlo m\u00e1s sencillo (eliminar la necesidad de entrar por distintas puertas comunic\u00e1ndolo interiormente) y eventualmente hacer un muro corta vista de madera para tapar donde est\u00e1n las botellas de pl\u00e1sticos e integrarlo al resto. OR, CAE, HW y JE ir\u00e1n a verlo en terreno en la pr\u00f3xima semana. La idea es que los repositorios pl\u00e1sticos y vidrios no est\u00e9n a la vista.<\/li>\n\n\n\n<li><strong>Personal para apoyo a limpieza<\/strong>: OR informa que hay una persona que cobra $35.000 por visita. Limpia, ordena, pone cloro y raticida. Se propone 1 a 2 veces al mes, despues que se retire la basura. El retiro con Luis Benavides cobraba $150.000 y la subi\u00f3 a $200.000. El tiene el compromiso de hacer aseo al retirar la basura. Hay que exigirle a Luis que cumpla mejor el aseo post retiro de basura. JE propone comprar una hidrolavadora, que cuesta como $150.000 ya que hay electricidad y agua. CAE propone que los retiros sean en fechas conocidas. SP propone aumentar frecuencia en periodos de veranos. El retiro de basura es flexible seg\u00fan la cantidad de basura que se acumule, entre 3 y 4 veces al mes. JE propone mandar carta a la Municipalidad pidiendo que retiren ellos la basura, en conjunto con las otras 2 comunidades. OR informa que fueron por otra comunidad y hablaron con el encargado de aseo pero hab\u00eda una deuda antigua y no llegaron a nada.<\/li>\n\n\n\n<li><strong>Contendores playa El Revolc\u00f3n<\/strong>: Invitar a los vecinos a hacer una limpieza. Ivan Ruiz don\u00f3 bolsas, pero al sol se queman. La idea es poner un par de contenedores y hacer una campa\u00f1a para que la gente que baje limpie y bote la basura en los contenedores.<\/li>\n\n\n\n<li><strong>Morosos<\/strong>: HW comenta que hay entre 6 y 8 millones de deuda de morosos. Van a hacer una campa\u00f1a (carta) entre HW y SP y le pasar\u00e1n el texto a OR para que lo distribuya. JE pide que se informe en esa carta del gasto de caminos, centro de reciclaje y seguridad (nuevo sistema). HW y OR han entrado en Comunidad Feliz y hay mucha informaci\u00f3n. Primero hay que limpiar un poco los datos, pero hay un potencial ah\u00ed. <br>Plata en caja al dia de hoy: CH$ 15.666.000.-<\/li>\n\n\n\n<li><strong>Seguridad<\/strong>: Hay un texto listo de \u201cluz, c\u00e1mara y acci\u00f3n\u201d y est\u00e1 por enviarse, que se podr\u00eda lanzar esta semana. Se debe explicar ah\u00ed que no confiamos en los controles remotos actuales. Se recibi\u00f3 una carta negativa de la familia Rojas. Les pedimos un aporte del 50% y se negaron. JH les contestar\u00e1 y pedir\u00e1 ver si est\u00e1n dispuestos a poner el 25%.<\/li>\n\n\n\n<li><strong>Mirador El Revolc\u00f3n<\/strong>: falta que Alvaro Garcia revise, cuando vengan la pr\u00f3xima vez se juntar\u00e1n con OR para ver algunas mejoras menores.<\/li>\n\n\n\n<li><strong>P\u00e1gina WEB<\/strong>: se aprueba contratar sitio en nuevo datacenter por $100.000 al a\u00f1o. JH har\u00e1 la migraci\u00f3n a WordPress y CAE ayudar\u00e1 con mejorar el dise\u00f1o y las im\u00e1genes. Esto permitir\u00e1 descentralizar la administraci\u00f3n y permitir\u00e1 por ejemplo que cualquier miembro de la directiva y OR puedan ingresar informaci\u00f3n.<\/li>\n\n\n\n<li><strong>Vacaciones<\/strong> <strong>porter\u00eda<\/strong>: Marlene se tomar\u00e1 las vacacione acumuladas y se contrata una persona que lo reemplaza: Javier. Con el nuevo sistema se deber\u00eda contar con apoyo en los primeros 6 meses. Quiz\u00e1 despues se podria contratar solo en feriados, menos intenso. Habr\u00e1 una situaci\u00f3n m\u00e1s segura.<\/li>\n\n\n\n<li><strong>Nuevo sistema de porter\u00eda:<\/strong> \u00a0insistir que es un sistema para mejorar la seguridad y simplificar la carga administrativa, que es m\u00e1s tediosa. Van a ver la respuesta que nos d\u00e9 la familia Rojas, HW con SP y OR se van a juntar y van a ver. CAE propone fijar meta de recuperaci\u00f3n de plata de morosos por ejemplo $3.500.000: si se junta con eso continuar con el proyecto.<\/li>\n\n\n\n<li><strong>Botiqu\u00edn porter\u00eda<\/strong>: OR est\u00e1 viendo donde se pueden conseguir algunas cosas que requieren recetas m\u00e9dicas. Dejamos fuera el desfibrilador.\u00a0 Poner en el comunicado de cobranzas la inversi\u00f3n en temas de salud (inmovilizador de cuello, camilla). CAE sugiere aprovechar junio, como mitad de a\u00f1o. OR propone enviar un informativo.<\/li>\n\n\n\n<li><strong>Estado de caminos:<\/strong> JE indica que es necesario limpiar canales y zanjas para que con la lluvia no se revienten los caminos. OR no ha conseguido jornales. OR propone que se disponga de un fondo de unos $200.000 despu\u00e9s de los pagos del 12, para contratar un par de jornales. Quiere saber cu\u00e1ndo se har\u00e1 el trabajo mayor de caminos. JE propone esperar m\u00e1s lluvias.<\/li>\n\n\n\n<li><strong>Concurso fotograf\u00eda<\/strong>: Se incluir\u00e1 en el comunicado de novedades.<\/li>\n\n\n\n<li>GS informa que mand\u00f3 2 cotizaciones: una hidrolavadora para el centro de reciclaje y una UPS para las c\u00e1maras y el port\u00f3n, por si se corta la luz.<\/li>\n<\/ol>\n","protected":false},"excerpt":{"rendered":"<p>Asisten: Carlos Porter, Hamish Wood, Jorge Err\u00e1zuriz, Sandra Perroni, Jonny Heiss, Oscar Riffo, Giovanni Sanguedolce<\/p>\n","protected":false},"author":2,"featured_media":0,"parent":0,"menu_order":0,"comment_status":"closed","ping_status":"closed","template":"","meta":{"_kad_post_transparent":"","_kad_post_title":"","_kad_post_layout":"","_kad_post_sidebar_id":"","_kad_post_content_style":"","_kad_post_vertical_padding":"","_kad_post_feature":"","_kad_post_feature_position":"","_kad_post_header":false,"_kad_post_footer":false,"_kad_post_classname":"","footnotes":""},"class_list":["post-1675","page","type-page","status-publish","hentry"],"_links":{"self":[{"href":"https:\/\/puntadelgallo.cl\/index.php\/wp-json\/wp\/v2\/pages\/1675","targetHints":{"allow":["GET"]}}],"collection":[{"href":"https:\/\/puntadelgallo.cl\/index.php\/wp-json\/wp\/v2\/pages"}],"about":[{"href":"https:\/\/puntadelgallo.cl\/index.php\/wp-json\/wp\/v2\/types\/page"}],"author":[{"embeddable":true,"href":"https:\/\/puntadelgallo.cl\/index.php\/wp-json\/wp\/v2\/users\/2"}],"replies":[{"embeddable":true,"href":"https:\/\/puntadelgallo.cl\/index.php\/wp-json\/wp\/v2\/comments?post=1675"}],"version-history":[{"count":3,"href":"https:\/\/puntadelgallo.cl\/index.php\/wp-json\/wp\/v2\/pages\/1675\/revisions"}],"predecessor-version":[{"id":1679,"href":"https:\/\/puntadelgallo.cl\/index.php\/wp-json\/wp\/v2\/pages\/1675\/revisions\/1679"}],"wp:attachment":[{"href":"https:\/\/puntadelgallo.cl\/index.php\/wp-json\/wp\/v2\/media?parent=1675"}],"curies":[{"name":"wp","href":"https:\/\/api.w.org\/{rel}","templated":true}]}}