{"id":1695,"date":"2024-10-21T23:17:15","date_gmt":"2024-10-22T03:17:15","guid":{"rendered":"https:\/\/puntadelgallo.cl\/?page_id=1695"},"modified":"2024-10-21T23:17:15","modified_gmt":"2024-10-22T03:17:15","slug":"2023-08-29-minuta-de-reunion-de-directorio","status":"publish","type":"page","link":"https:\/\/puntadelgallo.cl\/index.php\/2023-08-29-minuta-de-reunion-de-directorio\/","title":{"rendered":"2023 08 29 Minuta de reuni\u00f3n de Directorio"},"content":{"rendered":"\n<p>Asisten: Sandra Perroni, Oscar Riffo, Hamish Wood, Carlos Porter y Jonny Heiss.<\/p>\n\n\n\n<ul class=\"wp-block-list\">\n<li>Senderos: falta arreglar sendero del sol (pelda\u00f1os). Se pidi\u00f3 presupuesto para arreglos y se\u00f1al\u00e9tica nueva. Se acord\u00f3 poner aviso \u201cSendero peligroso. No pasar.\u201d<\/li>\n\n\n\n<li>Fondos municipales: se gener\u00f3 mucho di\u00e1logo. Fue una buena experiencia.<\/li>\n\n\n\n<li>Comunicado a pescadores: ya se hizo. La idea es poner otro aviso adicional a la entrada.<\/li>\n\n\n\n<li>En relaci\u00f3n con el letrero a la entrada, es probable que tengamos que ir cambiando la informaci\u00f3n, por lo que no conviene gastar en un sistema est\u00e1tico. La idea es buscar algo que se vea bien en cart\u00f3n o algo as\u00ed, desechable. Se va a analizar posibilidad y precio de un letrero luminoso con led, que se pueda ir cambiando.<\/li>\n\n\n\n<li>Se propone poner un c\u00f3digo QR en un letrero a la entrada que lleve a una p\u00e1gina web con explicaciones y mapas.<\/li>\n\n\n\n<li>Morosos: se revis\u00f3 la lista y se repartieron entre los directivos y OR.<\/li>\n\n\n\n<li>Respecto del nuevo sistema de control de acceso:<ul><li>Llevamos $MM 3,5 ingresados. Se har\u00e1 un nuevo aviso (CAE) agradeciendo a los que ya aportaron y pidiendo un \u00faltimo esfuerzo a los que no han aportado a\u00fan.<\/li><\/ul><ul><li>JH mandar\u00e1 un mail confirmando orden de compra a los proveedores de HW y SW para que se programen y partan.<\/li><\/ul><ul><li>Armar reuni\u00f3n virtual con proveedor de SW para que muetre el sistema el mi\u00e9rcoles a las 11 y para que la directiva haga consultas.<\/li><\/ul><ul><li>Se comenta que existe una posibilidad de poner un bot\u00f3n que permita a porter\u00eda abrir. Se acuerda NO PONERLO. Si llega un proveedor que queremos que entre y no est\u00e1 registrado, el procedimiento ser\u00eda que el portero sale y abre con su carnet, y as\u00ed queda el registro.<\/li><\/ul>\n<ul class=\"wp-block-list\">\n<li>Una vez instalado el nuevo sistema la directiva lo va a probar por un tiempo. Por mientras siguen los sistemas actuales.<\/li>\n<\/ul>\n<\/li>\n\n\n\n<li>HW informa que saldr\u00e1 del pa\u00eds del 27\/9 al 15\/10.<\/li>\n\n\n\n<li>Plaza: habr\u00e1 una reuni\u00f3n del comit\u00e9 y la idea es que la directiva participe. HW habl\u00f3 con ella. Jueves proponer a las 5. Mandar nombres JH a OR.<\/li>\n\n\n\n<li>Caminos: se arreglaron antes de las lluvias y funcionaron bien. Se mantienen en buen estado. A Catalina Moore se le llen\u00f3 de agua su casa y se le enturbi\u00f3 el agua de su cisterna. OR hablar\u00e1 con su jardinero para ver si hubo responsabilidad de la OCF por el arreglo de caminos. Si as\u00ed fuera ver compensaci\u00f3n (cambio de agua de la cisterna).<\/li>\n<\/ul>\n","protected":false},"excerpt":{"rendered":"<p>Asisten: Sandra Perroni, Oscar Riffo, Hamish Wood, Carlos Porter y Jonny Heiss.<\/p>\n","protected":false},"author":2,"featured_media":0,"parent":0,"menu_order":0,"comment_status":"closed","ping_status":"closed","template":"","meta":{"_kad_post_transparent":"","_kad_post_title":"","_kad_post_layout":"","_kad_post_sidebar_id":"","_kad_post_content_style":"","_kad_post_vertical_padding":"","_kad_post_feature":"","_kad_post_feature_position":"","_kad_post_header":false,"_kad_post_footer":false,"_kad_post_classname":"","footnotes":""},"class_list":["post-1695","page","type-page","status-publish","hentry"],"_links":{"self":[{"href":"https:\/\/puntadelgallo.cl\/index.php\/wp-json\/wp\/v2\/pages\/1695","targetHints":{"allow":["GET"]}}],"collection":[{"href":"https:\/\/puntadelgallo.cl\/index.php\/wp-json\/wp\/v2\/pages"}],"about":[{"href":"https:\/\/puntadelgallo.cl\/index.php\/wp-json\/wp\/v2\/types\/page"}],"author":[{"embeddable":true,"href":"https:\/\/puntadelgallo.cl\/index.php\/wp-json\/wp\/v2\/users\/2"}],"replies":[{"embeddable":true,"href":"https:\/\/puntadelgallo.cl\/index.php\/wp-json\/wp\/v2\/comments?post=1695"}],"version-history":[{"count":1,"href":"https:\/\/puntadelgallo.cl\/index.php\/wp-json\/wp\/v2\/pages\/1695\/revisions"}],"predecessor-version":[{"id":1696,"href":"https:\/\/puntadelgallo.cl\/index.php\/wp-json\/wp\/v2\/pages\/1695\/revisions\/1696"}],"wp:attachment":[{"href":"https:\/\/puntadelgallo.cl\/index.php\/wp-json\/wp\/v2\/media?parent=1695"}],"curies":[{"name":"wp","href":"https:\/\/api.w.org\/{rel}","templated":true}]}}