{"id":1706,"date":"2024-10-24T22:51:43","date_gmt":"2024-10-25T02:51:43","guid":{"rendered":"https:\/\/puntadelgallo.cl\/?page_id=1706"},"modified":"2024-10-24T22:51:43","modified_gmt":"2024-10-25T02:51:43","slug":"2024-02-27-minuta-de-reunion-de-directorio","status":"publish","type":"page","link":"https:\/\/puntadelgallo.cl\/index.php\/2024-02-27-minuta-de-reunion-de-directorio\/","title":{"rendered":"2024 02 27 Minuta de reuni\u00f3n de Directorio"},"content":{"rendered":"\n<p>Asisten: Giovanni, Hamish, Carlos, Jorge, Sandra, Jonny<\/p>\n\n\n\n<ol class=\"wp-block-list\">\n<li>Reenviar encuesta de fuentes de agua: ya est\u00e1 hecho.<\/li>\n\n\n\n<li>Ayuda de Carlos Donoso para buscar due\u00f1os que no tenemos identificados. CAE hablar\u00e1 con \u00e9l.<\/li>\n\n\n\n<li>Port\u00f3n: se apagar\u00e1n los controles remotos despu\u00e9s que vuelva Oscar, a fines de marzo, despu\u00e9s de una campa\u00f1a. Porter\u00eda va a conservar un control remoto con nueva clave.<br>JH propondr\u00e1 un texto para poner en el chat de la comunidad. Poner que es mayoritario. <\/li>\n\n\n\n<li>Operaci\u00f3n KK: se organizar\u00e1 en la segunda quincena de marzo (cuando vuelva Oscar)<\/li>\n\n\n\n<li>Lomos de toro: se mantendr\u00e1n como est\u00e1n<\/li>\n\n\n\n<li>Presupuesto del 2025: conversarlo en octubre. Los estatutos dicen que hay una asamblea en marzo y eso hay que cambiarlo. Poner que en octubre se propone y aprueba el presupuesto y en febrero se da cuenta. La idea es mandar una encuesta en abril sobre cambio de estatutos. HW mandar\u00e1 a JH para ponerlos en la web. Poner cu\u00e1ntos han firmado los estatutos. Seguir con cobranzas.<\/li>\n\n\n\n<li>Vacaciones porteria: salen en marzo.<\/li>\n<\/ol>\n\n\n\n<p><\/p>\n","protected":false},"excerpt":{"rendered":"<p>Asisten: Giovanni, Hamish, Carlos, Jorge, Sandra, Jonny<\/p>\n","protected":false},"author":2,"featured_media":0,"parent":0,"menu_order":0,"comment_status":"closed","ping_status":"closed","template":"","meta":{"_kad_post_transparent":"","_kad_post_title":"","_kad_post_layout":"","_kad_post_sidebar_id":"","_kad_post_content_style":"","_kad_post_vertical_padding":"","_kad_post_feature":"","_kad_post_feature_position":"","_kad_post_header":false,"_kad_post_footer":false,"_kad_post_classname":"","footnotes":""},"class_list":["post-1706","page","type-page","status-publish","hentry"],"_links":{"self":[{"href":"https:\/\/puntadelgallo.cl\/index.php\/wp-json\/wp\/v2\/pages\/1706","targetHints":{"allow":["GET"]}}],"collection":[{"href":"https:\/\/puntadelgallo.cl\/index.php\/wp-json\/wp\/v2\/pages"}],"about":[{"href":"https:\/\/puntadelgallo.cl\/index.php\/wp-json\/wp\/v2\/types\/page"}],"author":[{"embeddable":true,"href":"https:\/\/puntadelgallo.cl\/index.php\/wp-json\/wp\/v2\/users\/2"}],"replies":[{"embeddable":true,"href":"https:\/\/puntadelgallo.cl\/index.php\/wp-json\/wp\/v2\/comments?post=1706"}],"version-history":[{"count":1,"href":"https:\/\/puntadelgallo.cl\/index.php\/wp-json\/wp\/v2\/pages\/1706\/revisions"}],"predecessor-version":[{"id":1707,"href":"https:\/\/puntadelgallo.cl\/index.php\/wp-json\/wp\/v2\/pages\/1706\/revisions\/1707"}],"wp:attachment":[{"href":"https:\/\/puntadelgallo.cl\/index.php\/wp-json\/wp\/v2\/media?parent=1706"}],"curies":[{"name":"wp","href":"https:\/\/api.w.org\/{rel}","templated":true}]}}