{"id":1711,"date":"2024-10-24T22:59:14","date_gmt":"2024-10-25T02:59:14","guid":{"rendered":"https:\/\/puntadelgallo.cl\/?page_id=1711"},"modified":"2024-10-24T22:59:14","modified_gmt":"2024-10-25T02:59:14","slug":"2024-05-02-minuta-de-reunion-de-directorio","status":"publish","type":"page","link":"https:\/\/puntadelgallo.cl\/index.php\/2024-05-02-minuta-de-reunion-de-directorio\/","title":{"rendered":"2024 05 02 Minuta de reuni\u00f3n de Directorio"},"content":{"rendered":"\n<p>Asisten: HW, CAE, JE, SP, GS y JH<\/p>\n\n\n\n<p>1) Hamish presenta su renuncia a la directiva con fecha de hoy. A fin de mayo entrega su casa y se va a vivir a Australia. CAE se har\u00e1 cargo provisoriamente de la presidencia, con el apoyo de los demas directores. En la asamblea de septiembre, cuando se haga la propuesta de financiamiento para el pr\u00f3ximo a\u00f1o, llamar\u00edamos a votaci\u00f3n.<br>2) HW informa que Oscar tiene un nuevo trabajo full time en la Municipalidad de la Florida, con 2 dias\/semana presenciales.<br>La directiva acuerda hablar con \u00e9l y consultarle si estima que podr\u00e1 segir haciendo bien su trabajo en la OCF o cree necesario pensar en su reemplazo.<br>Un punto a tener en cuenta es intentar incorporar a Javier y Marlene como parte de la Administraci\u00f3n.<br>3) JE mand\u00f3 comunicado sobre parcelas en venta. Entre la Boca y Rosario hicieron una mesa de trabajo para ver como enfrentar el proceso. Nos estan invitando a participar. La idea seria que participemeos y el equipo ser\u00eda JE (como titular) con Cecilia Contador, CAE y quiza Patricio Casanueva (HW le consultar\u00e1)<br>Habria que hablar con la SEREMIA de salud.<\/p>\n","protected":false},"excerpt":{"rendered":"<p>Asisten: HW, CAE, JE, SP, GS y JH 1) Hamish presenta su renuncia a la directiva con fecha de hoy. A fin de mayo entrega su casa y se va a vivir a Australia. CAE se har\u00e1 cargo provisoriamente de la presidencia, con el apoyo de los demas directores. En la asamblea de septiembre, cuando&#8230;<\/p>\n","protected":false},"author":2,"featured_media":0,"parent":0,"menu_order":0,"comment_status":"closed","ping_status":"closed","template":"","meta":{"_kad_post_transparent":"","_kad_post_title":"","_kad_post_layout":"","_kad_post_sidebar_id":"","_kad_post_content_style":"","_kad_post_vertical_padding":"","_kad_post_feature":"","_kad_post_feature_position":"","_kad_post_header":false,"_kad_post_footer":false,"_kad_post_classname":"","footnotes":""},"class_list":["post-1711","page","type-page","status-publish","hentry"],"_links":{"self":[{"href":"https:\/\/puntadelgallo.cl\/index.php\/wp-json\/wp\/v2\/pages\/1711","targetHints":{"allow":["GET"]}}],"collection":[{"href":"https:\/\/puntadelgallo.cl\/index.php\/wp-json\/wp\/v2\/pages"}],"about":[{"href":"https:\/\/puntadelgallo.cl\/index.php\/wp-json\/wp\/v2\/types\/page"}],"author":[{"embeddable":true,"href":"https:\/\/puntadelgallo.cl\/index.php\/wp-json\/wp\/v2\/users\/2"}],"replies":[{"embeddable":true,"href":"https:\/\/puntadelgallo.cl\/index.php\/wp-json\/wp\/v2\/comments?post=1711"}],"version-history":[{"count":1,"href":"https:\/\/puntadelgallo.cl\/index.php\/wp-json\/wp\/v2\/pages\/1711\/revisions"}],"predecessor-version":[{"id":1712,"href":"https:\/\/puntadelgallo.cl\/index.php\/wp-json\/wp\/v2\/pages\/1711\/revisions\/1712"}],"wp:attachment":[{"href":"https:\/\/puntadelgallo.cl\/index.php\/wp-json\/wp\/v2\/media?parent=1711"}],"curies":[{"name":"wp","href":"https:\/\/api.w.org\/{rel}","templated":true}]}}