{"id":1714,"date":"2024-10-24T23:03:53","date_gmt":"2024-10-25T03:03:53","guid":{"rendered":"https:\/\/puntadelgallo.cl\/?page_id=1714"},"modified":"2024-10-24T23:03:53","modified_gmt":"2024-10-25T03:03:53","slug":"2024-06-25-minuta-de-reunion-de-directorio","status":"publish","type":"page","link":"https:\/\/puntadelgallo.cl\/index.php\/2024-06-25-minuta-de-reunion-de-directorio\/","title":{"rendered":"2024 06 25 Minuta de reuni\u00f3n de Directorio"},"content":{"rendered":"\n<p>Asisten: Sandra Perroni, Oscar Riffo, Giovanni Sanguedolce, Carlos Porter, Jorge Errazuriz y Jonny Heiss<\/p>\n\n\n\n<p><strong>1) Presidencia<\/strong><br>CAE seguir\u00e1 infomalmente como presidente para resolver cosas operativas. En su ausencia lo reemplazar\u00e1 JE.<br>JH lo reemplazar\u00e1 si es necesario en lo formal como secretario.<br><strong>2) Elecciones<\/strong><br>OR mandar\u00e1 el correo que se mandar\u00e1 a todos los vecinos hoy y los directores tienen 24 horas para comentar. Si no hay respuesta se da por aprobado y se enviar\u00e1 el jueves 27. La fecha de la reuni\u00f3n informativa ser\u00e1 el s\u00e1bado 13 de julio a las 11 AM.<br><strong>3) Lluvias<\/strong><br>OR recorri\u00f3 caminos y bajadas y todo est\u00e1 ok. Se cay\u00f3 el letrero de la playa El Revolc\u00f3n y lo va a reparar en los pr\u00f3ximos dias.<br>JE informa que se va a reparar un sector en una bajada antes de la bifurcaci\u00f3n. Se van a poner unos tubos.<br><strong>4) Cobranzas<\/strong><br>OR debe recordarles a las casas nuevas, en construcci\u00f3n, sobre los pagos. Hay varios.<br>Sandra tiene actualizada la lista de morosos y suman aprox como $ 10.000.000.<br>Los que quedan son bastante incobrables.<br>OR mandar\u00e1 la lista.<br><strong>5) Cuota de preservaci\u00f3n de caminos<\/strong><br>Se acuerda aumentar a partir de ahora la cuota unica de $300.000 a $500.000 para las empresas constructoras de casas nuevas.<br>Hay que hacer hincapi\u00e9 a las constructoras sobre las basuras y cartones que despues se vuelan. Hay mucha basura ahora.<br><strong>6) Trampas de viento<\/strong><br>Es necesario establecerlo en el manual que las constructoras firman. Es necesario poner multas si no lo hacen. Poner fotos en el manual.<br><strong>7) Reuni\u00f3n con Veronica Rojas<\/strong><br>OR habl\u00f3 con Veronica Rojas y nos va a definir un fecha para que nos juntemos.<br><strong>8) Linea electricidad<\/strong><br>OR informa que hay una linea de electricidad que pasa sobre el balon de gas de Ruben, que se necesita correr. Ruben deberia hablar con Ver\u00f3nica para ponerse de acuerdo. El cambio cuesta $ 250.000 y Ruben pondria $50.000, y el resto deberia ser entre la OCF y la familia Rojas.<br><strong>9) Fosas s\u00e9pticas<\/strong><br>De 25 casas se han limpiado 18. Se est\u00e1 esperando que se sequen un poco los caminos antes de seguir.<br><strong>10) Portero nuevo<\/strong><br>El nuevo portero, Victor Torres, se ha desempe\u00f1ado muy bien.<\/p>\n","protected":false},"excerpt":{"rendered":"<p>Asisten: Sandra Perroni, Oscar Riffo, Giovanni Sanguedolce, Carlos Porter, Jorge Errazuriz y Jonny Heiss 1) PresidenciaCAE seguir\u00e1 infomalmente como presidente para resolver cosas operativas. En su ausencia lo reemplazar\u00e1 JE.JH lo reemplazar\u00e1 si es necesario en lo formal como secretario.2) EleccionesOR mandar\u00e1 el correo que se mandar\u00e1 a todos los vecinos hoy y los directores&#8230;<\/p>\n","protected":false},"author":2,"featured_media":0,"parent":0,"menu_order":0,"comment_status":"closed","ping_status":"closed","template":"","meta":{"_kad_post_transparent":"","_kad_post_title":"","_kad_post_layout":"","_kad_post_sidebar_id":"","_kad_post_content_style":"","_kad_post_vertical_padding":"","_kad_post_feature":"","_kad_post_feature_position":"","_kad_post_header":false,"_kad_post_footer":false,"_kad_post_classname":"","footnotes":""},"class_list":["post-1714","page","type-page","status-publish","hentry"],"_links":{"self":[{"href":"https:\/\/puntadelgallo.cl\/index.php\/wp-json\/wp\/v2\/pages\/1714","targetHints":{"allow":["GET"]}}],"collection":[{"href":"https:\/\/puntadelgallo.cl\/index.php\/wp-json\/wp\/v2\/pages"}],"about":[{"href":"https:\/\/puntadelgallo.cl\/index.php\/wp-json\/wp\/v2\/types\/page"}],"author":[{"embeddable":true,"href":"https:\/\/puntadelgallo.cl\/index.php\/wp-json\/wp\/v2\/users\/2"}],"replies":[{"embeddable":true,"href":"https:\/\/puntadelgallo.cl\/index.php\/wp-json\/wp\/v2\/comments?post=1714"}],"version-history":[{"count":1,"href":"https:\/\/puntadelgallo.cl\/index.php\/wp-json\/wp\/v2\/pages\/1714\/revisions"}],"predecessor-version":[{"id":1715,"href":"https:\/\/puntadelgallo.cl\/index.php\/wp-json\/wp\/v2\/pages\/1714\/revisions\/1715"}],"wp:attachment":[{"href":"https:\/\/puntadelgallo.cl\/index.php\/wp-json\/wp\/v2\/media?parent=1714"}],"curies":[{"name":"wp","href":"https:\/\/api.w.org\/{rel}","templated":true}]}}