{"id":1720,"date":"2024-10-24T23:17:15","date_gmt":"2024-10-25T03:17:15","guid":{"rendered":"https:\/\/puntadelgallo.cl\/?page_id=1720"},"modified":"2024-10-24T23:17:15","modified_gmt":"2024-10-25T03:17:15","slug":"2024-08-25-minuta-de-reunion-de-directorio","status":"publish","type":"page","link":"https:\/\/puntadelgallo.cl\/index.php\/2024-08-25-minuta-de-reunion-de-directorio\/","title":{"rendered":"2024 08 25 Minuta de reuni\u00f3n de Directorio"},"content":{"rendered":"\n<p>Asisten: \u00a0Sandra Perroni, Jonny Heiss, Giovanni Sanguedolce<\/p>\n\n\n\n<p>GS propone enviar una cuenta p\u00fablica de la administraci\u00f3n saliente y trae el siguiente punteo para que todos los de la directiva lo revisen, agreguen o modifiquen:<\/p>\n\n\n\n<ol class=\"wp-block-list\">\n<li>Fecha de inicio y t\u00e9rmino de la directiva saliente<\/li>\n\n\n\n<li>Cantidad de socios al inicio y t\u00e9rmino<\/li>\n\n\n\n<li>Porcentaje de deudores al inicio y al t\u00e9rmino<\/li>\n\n\n\n<li>Dinero en Caja inicial y final<\/li>\n\n\n\n<li>Compaginar un organigrama con las funciones espec\u00edficas de cada miembro de la OCF con la finalidad de dejarlo a la nueva directiva como gu\u00eda y fijar una reuni\u00f3n para realizar el cambio de mando.<\/li>\n\n\n\n<li>\u00a0Obras realizadas durante nuestra administraci\u00f3n:<\/li>\n<\/ol>\n\n\n\n<ul class=\"wp-block-list\">\n<li>Mantenimiento de caminos y obras viales para la evacuacion de aguas lluvia lo que implic\u00f3 la instalaci\u00f3n de ductos subterr\u00e1neos , xx M3 de material de relleno para caminos, movimiento de xx M3 de material, etc\u00e9tera.<\/li>\n\n\n\n<li>Sistema de c\u00e1maras de seguridad para porter\u00eda.<\/li>\n\n\n\n<li>Convenio para recuperar el dep\u00f3sito de botellas de vidrio.<\/li>\n\n\n\n<li>Tendido el\u00e9ctrico hasta el centro de reciclaje para instalar enchufes y un sistema de hidro lavadora para realizar la limpieza del recinto.<\/li>\n\n\n\n<li>Tendido de tuber\u00eda para trasladar el agua desde el pozo de la porter\u00eda hasta el estanque del centro de reciclaje con la finalidad de no tener que volver a comprar agua para realizar el aseo del centro de reciclaje.<\/li>\n\n\n\n<li>Sistema de ingreso con c\u00f3digo QR. Redactar todas las ventajas directas y las indirectas ( mayor control del ingreso y mayor cumplimiento en el pago de gastos comunes)<\/li>\n\n\n\n<li>Cambio de motor de port\u00f3n por uno nuevo, de mayor velocidad y calidad.<\/li>\n\n\n\n<li>Sistema de respaldo de energ\u00eda para porter\u00eda con tablero de transferencia autom\u00e1tico.<\/li>\n\n\n\n<li>Mantenimiento de senderos<\/li>\n\n\n\n<li>Sistema luz c\u00e1mara y acci\u00f3n para prevenir robos.<\/li>\n\n\n\n<li>Operaci\u00f3n KK<\/li>\n\n\n\n<li>Trabajos realizados en la emergencia de la \u00faltima lluvia que implic\u00f3 el retiro de \u00e1rboles, etc, etc&#8230;<\/li>\n\n\n\n<li>Trabajo en conjunto con las OCF vecinas de La Boca y El Rosario con el fin de hacer frente al proyecto del Lote B<\/li>\n\n\n\n<li>Curso reciclaje de basura<\/li>\n\n\n\n<li>Coordinaci\u00f3n con plan cuadrante de Carabineros para realizar rondas de vigilancia dentro de PdG<\/li>\n\n\n\n<li>Mejoramiento de la est\u00e9tica en la entrada de PdG<\/li>\n\n\n\n<li>Operaci\u00f3n extintores (relleno, compra)<\/li>\n\n\n\n<li>Plan bola azul para identificar fuente de agua contra incendios<\/li>\n\n\n\n<li>Plan de forestaci\u00f3n con donaci\u00f3n de \u00e1rboles por parte de Conaf.<\/li>\n\n\n\n<li>Taller de plantaci\u00f3n con m\u00e9todo Japon\u00e9s.<\/li>\n\n\n\n<li>Concursos de fotograf\u00eda.<\/li>\n<\/ul>\n\n\n\n<p><\/p>\n\n\n\n<p>7. SP informar\u00e1 a Iv\u00e1n Ruiz que viaja fuera de Chile, pero si quiere m\u00e1s informaci\u00f3n hable con JH.<br>8. Despu\u00e9s de las elecciones deber\u00edamos hacer una reuni\u00f3n de ambas directivas. Sugerirles que armen una comisi\u00f3n revisora de cuentas.<br>9. Hay que definir quienes pueden votar. Se acuerda informar que son solo los socios activos con cuotas al dia, a raz\u00f3n de un voto por cada casa o terreno pagador. Si en un terreno hay 2 casas pagadoras, cada casa tiene un voto. Actualmente hay casas que tienen 2 o 3 socios inscritos en la OCF.<br>Se acuerda pedirle a Oscar que mande un correo a todos los que tienen m\u00e1s de una persona anotada para ver qui\u00e9n de ellos es el que tiene derecho a voto y quedar\u00e1 en el padr\u00f3n de votantes.<br>GS y OR revisar\u00e1n el listado y conformar\u00e1n la lista del padr\u00f3n electoral. Tenemos que limpiar el libro de socios.<br>El Comit\u00e9 electoral m\u00e1s OR van a estar en la porter\u00eda controlando la votaci\u00f3n todo el dia 21 de septiembre. \u00a0Se sugiere poner el Padr\u00f3n electoral en la p\u00e1gina web.<br>Hay que dejar claro que puede votar solo una persona en representaci\u00f3n de un socio de la OCF, y debe ser personalmente. No se permiten votos por poder.\u00a0<br>10. Los candidatos son:<\/p>\n\n\n\n<ul class=\"wp-block-list\">\n<li>Jonny Heiss<\/li>\n\n\n\n<li>Jurgen Weller<\/li>\n\n\n\n<li>Amalia Quiroz<\/li>\n\n\n\n<li>Andr\u00e9s de la Sotta<\/li>\n\n\n\n<li>Sonia Fuentealba <\/li>\n\n\n\n<li>Carolina Torrej\u00f3n<\/li>\n<\/ul>\n\n\n\n<p>11. Se acuerda poner en la web los 6 candidatos y el comit\u00e9 electoral. Poner la foto de c\/u y un CV resumido. Jonny Heiss se los va a pedir. OR enviar\u00e1 los correos de c\/u.<\/p>\n","protected":false},"excerpt":{"rendered":"<p>Asisten: \u00a0Sandra Perroni, Jonny Heiss, Giovanni Sanguedolce GS propone enviar una cuenta p\u00fablica de la administraci\u00f3n saliente y trae el siguiente punteo para que todos los de la directiva lo revisen, agreguen o modifiquen: 7. SP informar\u00e1 a Iv\u00e1n Ruiz que viaja fuera de Chile, pero si quiere m\u00e1s informaci\u00f3n hable con JH.8. Despu\u00e9s de&#8230;<\/p>\n","protected":false},"author":2,"featured_media":0,"parent":0,"menu_order":0,"comment_status":"closed","ping_status":"closed","template":"","meta":{"_kad_post_transparent":"","_kad_post_title":"","_kad_post_layout":"","_kad_post_sidebar_id":"","_kad_post_content_style":"","_kad_post_vertical_padding":"","_kad_post_feature":"","_kad_post_feature_position":"","_kad_post_header":false,"_kad_post_footer":false,"_kad_post_classname":"","footnotes":""},"class_list":["post-1720","page","type-page","status-publish","hentry"],"_links":{"self":[{"href":"https:\/\/puntadelgallo.cl\/index.php\/wp-json\/wp\/v2\/pages\/1720","targetHints":{"allow":["GET"]}}],"collection":[{"href":"https:\/\/puntadelgallo.cl\/index.php\/wp-json\/wp\/v2\/pages"}],"about":[{"href":"https:\/\/puntadelgallo.cl\/index.php\/wp-json\/wp\/v2\/types\/page"}],"author":[{"embeddable":true,"href":"https:\/\/puntadelgallo.cl\/index.php\/wp-json\/wp\/v2\/users\/2"}],"replies":[{"embeddable":true,"href":"https:\/\/puntadelgallo.cl\/index.php\/wp-json\/wp\/v2\/comments?post=1720"}],"version-history":[{"count":1,"href":"https:\/\/puntadelgallo.cl\/index.php\/wp-json\/wp\/v2\/pages\/1720\/revisions"}],"predecessor-version":[{"id":1721,"href":"https:\/\/puntadelgallo.cl\/index.php\/wp-json\/wp\/v2\/pages\/1720\/revisions\/1721"}],"wp:attachment":[{"href":"https:\/\/puntadelgallo.cl\/index.php\/wp-json\/wp\/v2\/media?parent=1720"}],"curies":[{"name":"wp","href":"https:\/\/api.w.org\/{rel}","templated":true}]}}