{"id":1758,"date":"2024-12-17T19:17:18","date_gmt":"2024-12-17T23:17:18","guid":{"rendered":"https:\/\/puntadelgallo.cl\/?page_id=1758"},"modified":"2024-12-18T11:59:16","modified_gmt":"2024-12-18T15:59:16","slug":"2024-11-20-minuta-reunion-directorio","status":"publish","type":"page","link":"https:\/\/puntadelgallo.cl\/index.php\/2024-11-20-minuta-reunion-directorio\/","title":{"rendered":"2024 11 20 Minuta reuni\u00f3n Directorio"},"content":{"rendered":"\n<p>Asisten: Jurgen Weller, Carolina Torrejon, Andres de la Sota, Oscar Riffo, Amalia Quiroz, Jonny Heiss.<\/p>\n\n\n\n<p>Jurgen informa que estar\u00e1 fuera del 22\/11 al 15\/12. Sonia Fuentealba es la suplente (el le va a escribir).<\/p>\n\n\n\n<p>1) <strong>Tertulias<\/strong><br>Hicieron una reuni\u00f3n. Quedamos a la espera.<\/p>\n\n\n\n<p><strong>2) Finanzas<\/strong><br>El informe est\u00e1 en proceso.<br>El traspaso de cuentas aun no se ha hecho. Falta que actualicen en el SRCeI.<br>Sigue pendiente regularizar un pago atrasado en Previred.<br>Poner en el pr\u00f3ximo informe que se puede pagar en forma directa sin Comunidad Feliz y se evitan la tarifa de mil y tantos pesos.<\/p>\n\n\n\n<p><strong>3) Personal<\/strong><br>Rub\u00e9n est\u00e1 mejor, saliendo de a poco. Jurgen y Andr\u00e9s lo fueron a visitar.<br>Funcion\u00f3 bien el reemplazo que hizo Victor Torres (vive en La Boca). Fue puntual y tuvo buena disposici\u00f3n. Oscar le coment\u00f3 de que debia tener una postura m\u00e1s profesional.<\/p>\n\n\n\n<p>4) <strong>Senderos.<\/strong><br>Se iniciaron los trabajos de limpiar y mantener senderos con Luis Bustos yn un ayudante. Esto deber\u00eda tomar un par de semanas.<br>Matias est\u00e1 trabajando limpiando pastizales en porteria.<br>El sendero del sol tiene muchas ramas y habria que evaluar el chipeo.<\/p>\n\n\n\n<p>5) <strong>Equipo contra incendio<\/strong><br>Tenemos una motobomba en porter\u00eda. Falta verificar si hay mangueras. Si no hay, deberiamos comprar una larga (20 o 30 m).<br>OR va a probarla y ver que se haga andar una vez al mes.<br>JW propone cambiarla de lugar, mas cerca del centro de la Punta del gallo. Ponerla en casa de vecinos que habitan en forma permanente.<br>Hay que asegurarse de tener un bid\u00f3n con bencina.<br>Hay un acuerdo con Don Tollo de acudir con su cami\u00f3n de agua en 5 a 8 minutos.<br>JW Propone comprar una segunda motobomba y dejar una en la zona Norte y otra en la Zona Sur.<br>OR informa que tendr\u00e1 reuniones con gente vinculada a la prevencion de incendios.<br>AQ propone generar medidas previas al verano.<\/p>\n\n\n\n<p><strong>6) Caminos<\/strong><br>JE recorri\u00f3 los caminos con JW y CC y la mayor parte de las tareas pendientes se harian el pr\u00f3ximo a\u00f1o.<br>Hay una parte que ser\u00eda m\u00e1s urgente. Alfredo Rojas cobra de arriendo por la maquinaria $30.000 por hora, y se necesitan unas 3 horas, para la parte sur.<br>Es importante hablar con Jorge Err\u00e1zuriz antes de hacerlo. OR hablar\u00e1 con \u00e9l.<\/p>\n\n\n\n<p>7)<strong> Centro de reciclaje<\/strong><br>Bernardino (Nino) cambi\u00f3 las vigas de la torre junto al centro de reciclaje, cambi\u00f3 ca\u00f1erias, instal\u00f3 el foco y falta terminar sellado con silicona.<br>Los carteles est\u00e1n tapados por los tubos.<br>Hay letreros antiguos que hay que eliminar.<br>CT propone revisar la se\u00f1al\u00e9tica y las instrucciones. Hay letreros con 3 estilos distintos..<br>Mandar c\u00e1psulas breves con recordatorios sobre el uso del centro de reciclaje.<br>Hay que adecuar los letreros a los cambios, por ejemplo ahora est\u00e1 la campana para vidrios de COANIQUEM.<br>CT se propone para ser &#8220;majadera&#8221;.<\/p>\n\n\n\n<p>8) <strong>Loteo La Boca.<\/strong><br>JW particip\u00f3 en una reuni\u00f3n con la Municipalidad. Hay una consultora preparando un nuevo plan regulador. Hay una carrtera que pasar\u00eda por Tunqu\u00e9n. Como pas\u00f3 a zona urbana deber\u00eda haber mejor conexi\u00f3n. El asesor nos va avisar cando haya algo m\u00e1s concreto.<\/p>\n\n\n\n<p>9) <strong>Revisi\u00f3n estatutos.<\/strong><br>JW mand\u00f3 una propuesta y hubo pocos comentarios.<br>Se acuerda alargar el plazo en 2 semanas par que la directiva mande comentarios.<\/p>\n\n\n\n<p>10<strong>) Comunicado<\/strong><br>CT con Amalia van a hacer un comunicado cortito con los puntos mas importantes, como prevenci\u00f3n de incendio, basura, port\u00f3n, evitar riesgos (Noria)<\/p>\n\n\n\n<p><strong>11) Riesgos.<\/strong><br>CT informa que hay una noria abierta en la casa de Jose Tomas Izquierdo y Francisca Valenzuela (sendero del sol).<br>Oscar podr\u00eda hacer un p\u00e1rrafo para evitar estos riesgos en Comunidad Feliz y en el chat.<\/p>\n\n\n\n<p>12) <strong>Condicionar el acceso al centro de reciclaje.<\/strong><br>OR cuenta que en La Boca pusieron una puerta con una chapa que se abre con una tarjeta. Est\u00e1 funcionando bien.<br>JH sugiere no limitar el acceso aunque haya gente que no pague, para evitar que boten la basura en cualquier parte. Hay acuerdo.<\/p>\n","protected":false},"excerpt":{"rendered":"<p>Asisten: Jurgen Weller, Carolina Torrejon, Andres de la Sota, Oscar Riffo, Amalia Quiroz, Jonny Heiss. Jurgen informa que estar\u00e1 fuera del 22\/11 al 15\/12. Sonia Fuentealba es la suplente (el le va a escribir). 1) TertuliasHicieron una reuni\u00f3n. Quedamos a la espera. 2) FinanzasEl informe est\u00e1 en proceso.El traspaso de cuentas aun no se ha&#8230;<\/p>\n","protected":false},"author":2,"featured_media":0,"parent":0,"menu_order":0,"comment_status":"closed","ping_status":"closed","template":"","meta":{"_kad_post_transparent":"","_kad_post_title":"","_kad_post_layout":"","_kad_post_sidebar_id":"","_kad_post_content_style":"","_kad_post_vertical_padding":"","_kad_post_feature":"","_kad_post_feature_position":"","_kad_post_header":false,"_kad_post_footer":false,"_kad_post_classname":"","footnotes":""},"class_list":["post-1758","page","type-page","status-publish","hentry"],"_links":{"self":[{"href":"https:\/\/puntadelgallo.cl\/index.php\/wp-json\/wp\/v2\/pages\/1758","targetHints":{"allow":["GET"]}}],"collection":[{"href":"https:\/\/puntadelgallo.cl\/index.php\/wp-json\/wp\/v2\/pages"}],"about":[{"href":"https:\/\/puntadelgallo.cl\/index.php\/wp-json\/wp\/v2\/types\/page"}],"author":[{"embeddable":true,"href":"https:\/\/puntadelgallo.cl\/index.php\/wp-json\/wp\/v2\/users\/2"}],"replies":[{"embeddable":true,"href":"https:\/\/puntadelgallo.cl\/index.php\/wp-json\/wp\/v2\/comments?post=1758"}],"version-history":[{"count":2,"href":"https:\/\/puntadelgallo.cl\/index.php\/wp-json\/wp\/v2\/pages\/1758\/revisions"}],"predecessor-version":[{"id":1762,"href":"https:\/\/puntadelgallo.cl\/index.php\/wp-json\/wp\/v2\/pages\/1758\/revisions\/1762"}],"wp:attachment":[{"href":"https:\/\/puntadelgallo.cl\/index.php\/wp-json\/wp\/v2\/media?parent=1758"}],"curies":[{"name":"wp","href":"https:\/\/api.w.org\/{rel}","templated":true}]}}