{"id":1779,"date":"2025-01-30T17:44:03","date_gmt":"2025-01-30T21:44:03","guid":{"rendered":"https:\/\/puntadelgallo.cl\/?page_id=1779"},"modified":"2025-01-30T17:45:59","modified_gmt":"2025-01-30T21:45:59","slug":"2025-01-24-minuta-reunion-directorio","status":"publish","type":"page","link":"https:\/\/puntadelgallo.cl\/index.php\/2025-01-24-minuta-reunion-directorio\/","title":{"rendered":"2025 01 23 Minuta reuni\u00f3n directorio"},"content":{"rendered":"\n<p><br>Asisten: Jurgen Weller, Andr\u00e9s de la Sota, Oscar Riffo, Amalia Quiroz, Jonny Heiss y Carolina Torrej\u00f3n.<\/p>\n\n\n\n<p><strong>1) Tertulias<\/strong><br>Hay una propuesta del equipo de hacer una reuni\u00f3n el 22 de febrero en la tarde. Proponen dar una pel\u00edcula y comentaria a la luz de las estrellas. Es un grupo de vecinos al alero de la directiva.<br>AdS les dir\u00e1 que estamos muy de acuerdo con su propuesta y estamos a su disposici\u00f3n.<\/p>\n\n\n\n<p><strong>2) Finanzas<\/strong><br>Los papeles para el cambio de apoderados est\u00e1n en el Banco Santander pero a\u00fan no est\u00e1n aprobados.<br>La firmas anteriores ya no estan v\u00e1lidas, lo que es grave. Hay que pagar sueldos en la pr\u00f3xima semana.<br>OR mand\u00f3 un correo al banco reclamando y mandar\u00e1 otro ma\u00f1ana viernes.<br>AdS tambi\u00e9n va a hablar con el Banco para presionar.<\/p>\n\n\n\n<p>AdS y JW se juntaron con Iv\u00e1n Ruiz para conocer sus inquitudes.<br>Ivan le mand\u00f3 un correo antes de la reuni\u00f3n a la Municipalidad denuciando a la directiva de la OCF, pero no le dijo nada de esto a JW ni a AdS en la reuni\u00f3n. JW circul\u00f3 el correo a toda la directiva.<br>Los temas que plantea IR, en la reuni\u00f3n y a Oscar via correo son:<br>a) CREE que los gastos que se hicieron para instalar el sistema de control de acceso son exagerados. Quiere que se reconozca que hubo un error.<br>La directiva opina s ehizo ele sfuerzo por conseguir el porvceedor m\u00e1s bartyo. Se pideron varias cotizaciones. Todo eso se hizo llegar a Ivan, quien deber\u00eda traer otras cotizacione para que podamos comparar.<br>b) La OCF deber\u00eda contratar trabajos con factura y pagar IVA.<br>La directiva plantear\u00e1 esto en la asamblea para ver si est\u00e1n de acuerdo.<br>c) La OCF deberia crear un fondo de reserva y uno para indemnizaciones.<br>La directiva plantear\u00e1 esto en la asamblea para ver si est\u00e1n de acuerdo.<br>d) La OCF no deber\u00eda pagar gastos de mantenci\u00f3n por la cuenta en el Banco Santander sino buscar otro m\u00e1s barato o gratis.<br>La direcetiva prefiere no cambiar banco porque el tiempo dedicado a eso de los directores es mas que lo que se ahorra.<br>e) Pide las cartolas del banco y reclama que no se le han entregado.<br>La directiva est\u00e1 de acuerdo en que haya total transparencia y le pide a OR entregar toda la informacion solicitada.<br>f) Los excedentes de la OCF se deber\u00edan colocar a inter\u00e9s en alg\u00fan banco.<br>La directiva est\u00e1 de acuerdo de hacerlo en el mismo banco<br>g) Deber\u00eda haber mayor transparencia en las finanzas. Dice que en comunidad feliz de su edificio en Santiago lo hacen.<br>Se acuerda que OR publicar\u00e1 mensualmente, a partir de enero de 2025 en la web los ingresos y gastos (cartola banco) de cada mes antes del 15 del mes siguiente.<br>Como directiva se plantea que nos extra\u00f1a que haya hecho la denuncia a la Municiplaidad toda vez que existe la mejor voluntad de juntarse con el y dar a concocer toda la informacion disponible.<br>JW aclara que la denuncia no fue acogida por la Municpalidad, porque no procede. Le recomendaron que solicte formalmente la iformacion a la OCF. Luego si no se le entrega, deber\u00eda hacer la denuncia al Juzgado de Policia Local.<\/p>\n\n\n\n<p><strong>3)Prevenci\u00f3n de incendios<\/strong><br>JW hablo con CAE y est\u00e1 de acuerdo en que la bomba se instale en su sitio para que quede m\u00e1s central, en vez de que est\u00e9 en la porter\u00eda.<br>Se le dara adicionalmente acceso a Ruben y a 2 o 3 vecinos, para los casos de emergencia.<br>Se informar\u00e1 este tema en la asamblea.<\/p>\n\n\n\n<p><strong>4) Caminos<\/strong><br>OR habl\u00f3 con Alfredo Rojas para sacar un port\u00f3n que no se ocupa en el sector sur.<br>JW vio que el camino hacia el norte est\u00e1 arreglado (hacia la casa de Andre Crozier)<\/p>\n\n\n\n<p><strong>5) Letreros Centro de reciclaje<\/strong><br>Se hizo la revisi\u00f3n y OR la implementar\u00e1.<\/p>\n\n\n\n<p><strong>6) Grupo de trabajo Loteo de La Boca<\/strong><br>Anke Kessler se integrar\u00e1 como delegada de la PdG junto con Cecilia Contador.<br>Ellas se reunieron para ponerse al dia.<\/p>\n\n\n\n<p><strong>7) Revisi\u00f3n estatutos.<\/strong><br>Se termin\u00f3 el plazo para recibir comentarios de los vecinos sobre la propuesta de la directiva.<br>JW limpi\u00f3 el texto.<br>Hay un punto pendiente: La sede de la OCF era la casa de Alberto Balcells. JW propone dejar como sede la porter\u00eda, lo que la directiva aprueba.<br>OR lo validar\u00e1 con los Rojas previamente.<br>JW propone mandar el borrador de los estatutos a la municipalidad para que lo revisen previamente.<br>Tambien OR lo mandar\u00e1 a los socios despues de hablar con la familia Rojas para que lo lean antes de la reunion del 22 de febrero, y asi se escuchan opiniones y se vota si se aprueba o no.<\/p>\n\n\n\n<p><strong>8) Comunicado para el verano<\/strong><br>Enviado.<\/p>\n\n\n\n<p><strong>9) Riesgos.<\/strong><br>OR revis\u00f3 y llam\u00f3 a Rodrigo Searle para avisarle de la noria abierta en su terreno.<\/p>\n\n\n\n<p><strong>10) Morosos<\/strong><br>JW pidi\u00f3 que se actualice la lista y propone que en la samblea se encargue a amigos de morosos para que los contacten.<\/p>\n\n\n\n<p><strong>11) Asamblea<\/strong><br>OR citar\u00e1 a asamblea ordinaria y extraordinaria para el 22\/2 y se coordinar\u00e1 con JW antes de mandarla.<br>OR le mand\u00f3 a JW y AdS el borrador del presupuesto y del informe que se presentar\u00e1 a la Asamblea.<br>JW coordinar\u00e1 una reuni\u00f3n de la Directiva una semana antes para revisar el presupuesto y el informe.<br>JW ver\u00e1 la concetividad a internet durante la reuni\u00f3n para los vecinos que no puedan asistir presencialmente.<\/p>\n\n\n\n<p><strong>12) Proyectos futuros (para presentar a la Asamblea):<\/strong><\/p>\n\n\n\n<ul class=\"wp-block-list\">\n<li>Arreglar el sendero de acceso a la Punta del Gallo (costo menor a $ 1.000.000, por confirmar).<\/li>\n\n\n\n<li>Arreglar camino sur que tiene piedras muy grandes, que da\u00f1an los autos. (falta presupuesto)<\/li>\n\n\n\n<li>Sacar los postes de luminarias. OR habl\u00f3 con la municiplidad y est\u00e1 pendiente una respuesta.<\/li>\n\n\n\n<li>Armar juegos de ni\u00f1os. Una opci\u00f3n es pedir el uso de terrenos que est\u00e1n sin casa (como inversion). Otra es la playa. Otra es la bifurcacion PdG Sur y Norte.<\/li>\n\n\n\n<li>Hacer campa\u00f1a para incorporar a los vecinos nuevos a la OCF.<\/li>\n\n\n\n<li>Seguir marcando lugares donde hay agua.<\/li>\n\n\n\n<li>Hacer news letter trimestral con avances de la directiva. Como en febrero se informar\u00e1 todo lo anterior en la Asamblea, hacer el primero en mayo 2025.<\/li>\n<\/ul>\n\n\n\n<p><strong>13) Anexo de porter\u00eda<\/strong><br>Se acuerda pintarlo (est\u00e1 muy feo)<\/p>\n\n\n\n<p><strong>14) Solicitud de Porter\u00eda<\/strong><br>Porteria le pidi\u00f3 a OR hacer un anexo de contrato para tener una hora de colaci\u00f3n en los fines de semanas. La directiva lo aprueba y pide dejar en ese lapso un letrero &#8220;EN COLACION&#8221; con un tel\u00e9fono por si hay una emergencia.<\/p>\n","protected":false},"excerpt":{"rendered":"<p>Asisten: Jurgen Weller, Andr\u00e9s de la Sota, Oscar Riffo, Amalia Quiroz, Jonny Heiss y Carolina Torrej\u00f3n. 1) TertuliasHay una propuesta del equipo de hacer una reuni\u00f3n el 22 de febrero en la tarde. Proponen dar una pel\u00edcula y comentaria a la luz de las estrellas. Es un grupo de vecinos al alero de la directiva.AdS&#8230;<\/p>\n","protected":false},"author":2,"featured_media":0,"parent":0,"menu_order":0,"comment_status":"closed","ping_status":"closed","template":"","meta":{"_kad_post_transparent":"","_kad_post_title":"","_kad_post_layout":"","_kad_post_sidebar_id":"","_kad_post_content_style":"","_kad_post_vertical_padding":"","_kad_post_feature":"","_kad_post_feature_position":"","_kad_post_header":false,"_kad_post_footer":false,"_kad_post_classname":"","footnotes":""},"class_list":["post-1779","page","type-page","status-publish","hentry"],"_links":{"self":[{"href":"https:\/\/puntadelgallo.cl\/index.php\/wp-json\/wp\/v2\/pages\/1779","targetHints":{"allow":["GET"]}}],"collection":[{"href":"https:\/\/puntadelgallo.cl\/index.php\/wp-json\/wp\/v2\/pages"}],"about":[{"href":"https:\/\/puntadelgallo.cl\/index.php\/wp-json\/wp\/v2\/types\/page"}],"author":[{"embeddable":true,"href":"https:\/\/puntadelgallo.cl\/index.php\/wp-json\/wp\/v2\/users\/2"}],"replies":[{"embeddable":true,"href":"https:\/\/puntadelgallo.cl\/index.php\/wp-json\/wp\/v2\/comments?post=1779"}],"version-history":[{"count":3,"href":"https:\/\/puntadelgallo.cl\/index.php\/wp-json\/wp\/v2\/pages\/1779\/revisions"}],"predecessor-version":[{"id":1783,"href":"https:\/\/puntadelgallo.cl\/index.php\/wp-json\/wp\/v2\/pages\/1779\/revisions\/1783"}],"wp:attachment":[{"href":"https:\/\/puntadelgallo.cl\/index.php\/wp-json\/wp\/v2\/media?parent=1779"}],"curies":[{"name":"wp","href":"https:\/\/api.w.org\/{rel}","templated":true}]}}