{"id":1819,"date":"2025-06-20T20:08:10","date_gmt":"2025-06-21T00:08:10","guid":{"rendered":"https:\/\/puntadelgallo.cl\/?page_id=1819"},"modified":"2025-06-21T12:12:54","modified_gmt":"2025-06-21T16:12:54","slug":"2025-03-13-minuta-reunion-directorio","status":"publish","type":"page","link":"https:\/\/puntadelgallo.cl\/index.php\/2025-03-13-minuta-reunion-directorio\/","title":{"rendered":"2025 03 13 Minuta reuni\u00f3n directorio"},"content":{"rendered":"\n<p>Asisten: Jurgen Weller, Andr\u00e9s de la Sota, Sonia Fuentealba, Jonny Heiss, Oscar Riffo y Carolina Torrej\u00f3n.<\/p>\n\n\n\n<p><strong>1) Arriendo de espacios a externos<\/strong><\/p>\n\n\n\n<ul class=\"wp-block-list\">\n<li>La Familia Rojas ha arrendado espacios para eventos comerciales que han generado pol\u00e9mica entre los vecinos.<\/li>\n\n\n\n<li>Nuestro objetivo: minimizar el perjuicio a los vecinos y al lugar (fauna y flora).<\/li>\n\n\n\n<li>Se requiere una reunion con gente de la familia Rojas.<\/li>\n\n\n\n<li>Ser\u00eda bueno que asista la mayor parte de la directiva, m\u00e1s Jorge Errazuriz<\/li>\n\n\n\n<li>Ahi se debatir\u00eda este tema y el comodato de la porteria.<\/li>\n\n\n\n<li>Oscar llamar\u00e1 a Veronica y\/o Alfredo para pedirles una reunion y fijen alternativas de lugar y fecha (idealmente sabado).<\/li>\n<\/ul>\n\n\n\n<p><strong>2) Asamblea extraordinaria<\/strong><\/p>\n\n\n\n<ul class=\"wp-block-list\">\n<li><\/li>\n<\/ul>\n\n\n\n<ul class=\"wp-block-list\">\n<li>OR va a formalizar el tr\u00e1mite de registrar el acta en la Municipalidad.<\/li>\n<\/ul>\n\n\n\n<p><strong>3) Seguridad<\/strong><\/p>\n\n\n\n<ul class=\"wp-block-list\">\n<li>CT convers\u00f3 con las hemanas Alvarez. Marcela Alvarez est\u00e1 a cargo del estacionamiento, y le contaron que crearon una Junta de Vecinos.<\/li>\n\n\n\n<li>Ellos ven el camino y han podido parar algunos robos y plantearon que han perseguido ladrones.<\/li>\n\n\n\n<li>La idea es vincularse m\u00e1s con ellos.<\/li>\n\n\n\n<li>CT y OR se reunir\u00e1n con la Junta de Vecinos del Estero. Deberian participar los de El Rosario y La Boca.<\/li>\n<\/ul>\n\n\n\n<p><strong>4) Finanzas<\/strong><\/p>\n\n\n\n<ul class=\"wp-block-list\">\n<li>Hay un saldo del orden de $ 20.000.000, asi que se podria hacer una inversi\u00f3n financiera.<\/li>\n\n\n\n<li>Se va a tratar de bajar el costo de la cuenta a cambio de hacer inversiones.<\/li>\n<\/ul>\n\n\n\n<p><strong>5) Inicio de actividades<\/strong><\/p>\n\n\n\n<ul class=\"wp-block-list\">\n<li>OR iniciar\u00e1 el proceso via web. Si tiene problemas JH le va a ayudar.<\/li>\n<\/ul>\n\n\n\n<p><strong>6) No contribuyentes<\/strong><\/p>\n\n\n\n<ul class=\"wp-block-list\">\n<li>OR mandar\u00e1 una lista actualizada para distribuirla entre la directiva.<\/li>\n<\/ul>\n\n\n\n<p><strong>7) Lote B &#8211; El Rosario<\/strong><\/p>\n\n\n\n<ul class=\"wp-block-list\">\n<li>Ayer hubo una reunion con un abogado que analiz\u00f3 el tema de las servidumbres.<\/li>\n\n\n\n<li>La inmobiliaria hizo un trato con Pedro Rojas con lo que tendr\u00edan acceso directo a la carretera, lo que tiene fallas legales, por lo que el grupo de trabajo ha tomado medidas jur\u00eddicas.<\/li>\n\n\n\n<li>Los responsables de la mantencion de los caminos de la servidumbre son todos los due\u00f1os de los sitios individuales, y no el due\u00f1o del sitio global.<\/li>\n<\/ul>\n\n\n\n<p><strong>8) Operacion KK<\/strong><\/p>\n\n\n\n<ul class=\"wp-block-list\">\n<li>En reuni\u00f3n con Ver\u00f3nica Labarca (administradora de La Boca) inform\u00f3 que hay un servicio de la municipalidad m\u00e1s barato para limpieza de fosas.<\/li>\n\n\n\n<li>El costo depende de los ingresos y el m\u00e1ximo son $ 70.000.-<\/li>\n<\/ul>\n\n\n\n<p><strong>9) Basuras grandes<\/strong><\/p>\n\n\n\n<ul class=\"wp-block-list\">\n<li>Van a dejar un camion en la entrada del Rosario, en un dia determinado, y retiran basura grande (no escombros).<\/li>\n<\/ul>\n\n\n\n<p>10) <strong>Perros sueltos<\/strong><\/p>\n\n\n\n<ul class=\"wp-block-list\">\n<li>Seguridad ciudadana va a hacer fiscalizaciones al azar y multar\u00e1n a los due\u00f1os de los perros que encuentren sueltos.<\/li>\n<\/ul>\n\n\n\n<p><strong>11) Arboles altos<\/strong><br>Un vecino mand\u00f3 un correo que propone:<\/p>\n\n\n\n<ul class=\"wp-block-list\">\n<li>Hacer un catastro<\/li>\n\n\n\n<li>Mandar notificacion<\/li>\n\n\n\n<li>Vecino afectado manda nota pidiendo soluci\u00f3n<\/li>\n\n\n\n<li>Si no hay respuesta presentar demanda al JPL.<\/li>\n\n\n\n<li>La OCF se encargar\u00e1 de los \u00e1rboles que invaden los caminos, y se comunicar\u00e1 con los vecinos correspondientes para establecer el procedimiento para cortarlos..<\/li>\n<\/ul>\n\n\n\n<p><strong>12) Proyectos:<\/strong><\/p>\n\n\n\n<ul class=\"wp-block-list\">\n<li>OR escaneara los papelitos con las propuestas y los mandar\u00e1 a CT para sistematizarlos.<\/li>\n<\/ul>\n\n\n\n<p><strong>13) Porteria<\/strong><\/p>\n\n\n\n<p><br>CT, JW y JH fueron a hablar con porteria. Hay una minuta.<br>Est\u00e1 pendiente:<\/p>\n\n\n\n<ul class=\"wp-block-list\">\n<li>Arreglar la bomba de agua (se est\u00e1 recargando estanque con camiones por mientras).<\/li>\n\n\n\n<li>Agregar intercom al lector de QR, con c\u00e1mara.<\/li>\n\n\n\n<li>Problemas con la linea de tel\u00e9fono<\/li>\n\n\n\n<li>Javier va a hacer un video instructivo de DAPTA<\/li>\n\n\n\n<li>Reclamar por algunas fallas de DAPTA<\/li>\n\n\n\n<li>Cambiar el letrero para que quede al lado del lector QR<\/li>\n\n\n\n<li>Cambiar el poste que dice Punta del Gallo<\/li>\n<\/ul>\n\n\n\n<p><strong>14) Escombros<\/strong><\/p>\n\n\n\n<ul class=\"wp-block-list\">\n<li>Retirar en com\u00fan: juntar varos vecinos interesados.<\/li>\n<\/ul>\n\n\n\n<p><strong>15) Postes en mal estado<\/strong><\/p>\n\n\n\n<ul class=\"wp-block-list\">\n<li>OR vera con la DOM de retirarlos.<\/li>\n<\/ul>\n\n\n\n<p>Proxima reunion: primera semana de abril.<br>Idealmente el jueves 3 de abril a las 19 horas. Andres mandar\u00e1 cita.<\/p>\n\n\n\n<p><\/p>\n","protected":false},"excerpt":{"rendered":"<p>Asisten: Jurgen Weller, Andr\u00e9s de la Sota, Sonia Fuentealba, Jonny Heiss, Oscar Riffo y Carolina Torrej\u00f3n. 1) Arriendo de espacios a externos 2) Asamblea extraordinaria 3) Seguridad 4) Finanzas 5) Inicio de actividades 6) No contribuyentes 7) Lote B &#8211; El Rosario 8) Operacion KK 9) Basuras grandes 10) Perros sueltos 11) Arboles altosUn vecino&#8230;<\/p>\n","protected":false},"author":2,"featured_media":0,"parent":0,"menu_order":0,"comment_status":"closed","ping_status":"closed","template":"","meta":{"_kad_post_transparent":"","_kad_post_title":"","_kad_post_layout":"","_kad_post_sidebar_id":"","_kad_post_content_style":"","_kad_post_vertical_padding":"","_kad_post_feature":"","_kad_post_feature_position":"","_kad_post_header":false,"_kad_post_footer":false,"_kad_post_classname":"","footnotes":""},"class_list":["post-1819","page","type-page","status-publish","hentry"],"_links":{"self":[{"href":"https:\/\/puntadelgallo.cl\/index.php\/wp-json\/wp\/v2\/pages\/1819","targetHints":{"allow":["GET"]}}],"collection":[{"href":"https:\/\/puntadelgallo.cl\/index.php\/wp-json\/wp\/v2\/pages"}],"about":[{"href":"https:\/\/puntadelgallo.cl\/index.php\/wp-json\/wp\/v2\/types\/page"}],"author":[{"embeddable":true,"href":"https:\/\/puntadelgallo.cl\/index.php\/wp-json\/wp\/v2\/users\/2"}],"replies":[{"embeddable":true,"href":"https:\/\/puntadelgallo.cl\/index.php\/wp-json\/wp\/v2\/comments?post=1819"}],"version-history":[{"count":3,"href":"https:\/\/puntadelgallo.cl\/index.php\/wp-json\/wp\/v2\/pages\/1819\/revisions"}],"predecessor-version":[{"id":1842,"href":"https:\/\/puntadelgallo.cl\/index.php\/wp-json\/wp\/v2\/pages\/1819\/revisions\/1842"}],"wp:attachment":[{"href":"https:\/\/puntadelgallo.cl\/index.php\/wp-json\/wp\/v2\/media?parent=1819"}],"curies":[{"name":"wp","href":"https:\/\/api.w.org\/{rel}","templated":true}]}}