{"id":182,"date":"2023-06-14T20:01:45","date_gmt":"2023-06-15T00:01:45","guid":{"rendered":"http:\/\/puntadelgallo.cl\/?page_id=182"},"modified":"2023-06-14T20:01:45","modified_gmt":"2023-06-15T00:01:45","slug":"caminos","status":"publish","type":"page","link":"https:\/\/puntadelgallo.cl\/index.php\/caminos\/","title":{"rendered":"Caminos"},"content":{"rendered":"\n<div class=\"wp-block-columns is-layout-flex wp-container-core-columns-is-layout-9d6595d7 wp-block-columns-is-layout-flex\">\n<div class=\"wp-block-column is-layout-flow wp-block-column-is-layout-flow\" style=\"flex-basis:33.33%\">\n<figure class=\"wp-block-image size-full is-resized\"><img loading=\"lazy\" decoding=\"async\" src=\"http:\/\/puntadelgallo.cl\/wp-content\/uploads\/2023\/06\/caminos-3.jpeg\" alt=\"\" class=\"wp-image-183\" width=\"413\" height=\"550\"\/><\/figure>\n\n\n\n<h2 class=\"wp-block-heading\"><strong>\u00bfQu\u00e9 da\u00f1a un camino?<\/strong><\/h2>\n\n\n\n<p>Si no se evac\u00faan las aguas de forma correcta, el agua comienza a socavar y agrietar el camino.<br>En periodo normal tenemos que velar por el peso y la velocidad de los veh\u00edculos que usan nuestros caminos.<br>En d\u00edas lluviosos, se restringe el tr\u00e1nsito de veh\u00edculos de peso considerable (camiones, maquinaria, entre otros) debido a que las probabilidades de atascamiento son altas, y con ello el da\u00f1o en el camino ser\u00e1 inevitable.<br>Con respecto a la velocidad, en Punta del Gallo se respetan los 30 Km\/h debido a la actividad que se desarrolla en los caminos; es com\u00fan ver a vecinos trotando, paseando durante las tardes y ni\u00f1os en bicicleta.<br>Los lomos de toro, pese a no ser del todo agradables para los veh\u00edculos, permiten mantener una velocidad acorde al lugar en el que vive la comunidad, ayudan a evacuar aguas lluvias y evitan la generaci\u00f3n de calamina, resultado del rebote de los amortiguadores cuando autos y camionetas transitan a m\u00e1s velocidad. Eliminar la calamina es una actividad de alto costo, puesto que es necesario rectificar con una motoniveladora.<\/p>\n<\/div>\n\n\n\n<div class=\"wp-block-column is-layout-flow wp-block-column-is-layout-flow\" style=\"flex-basis:66.66%\">\n<p>Camino significa terreno compacto y preparado para transitar, aunque m\u00e1s importante es su funci\u00f3n que es unir puntos y conectar personas. Es por esto que en Punta del Gallo tenemos un compromiso importante con la preparaci\u00f3n, mantenci\u00f3n y cuidado con estos espacios comunes esenciales.<\/p>\n\n\n\n<h2 class=\"wp-block-heading\"><strong>Preparaci\u00f3n del terreno<\/strong><\/h2>\n\n\n\n<p>Durante la mitad de oto\u00f1o, aproximadamente, comienzan los trabajos principales, limpiando evacuaciones y zanjas, as\u00ed como tambi\u00e9n abriendo las que no existen. Pendientes, evacuar y guiar las aguas es fundamental.<br>Cuando comienzan las primeras lluvias, las aguas deben encontrar su cauce normal, saliendo del camino para no perjudicarlo. Esto es como las canaletas de una casa: es primordial mantenerlas despejadas. Incluso los mismos vecinos ayudan en esta tarea en los bordes de sus sitios que colindan con las calles.<\/p>\n\n\n\n<figure class=\"wp-block-image size-full is-resized\"><img loading=\"lazy\" decoding=\"async\" src=\"http:\/\/puntadelgallo.cl\/wp-content\/uploads\/2023\/06\/caminos-2.jpeg\" alt=\"\" class=\"wp-image-184\" width=\"831\" height=\"469\" srcset=\"https:\/\/puntadelgallo.cl\/wp-content\/uploads\/2023\/06\/caminos-2.jpeg 465w, https:\/\/puntadelgallo.cl\/wp-content\/uploads\/2023\/06\/caminos-2-300x169.jpeg 300w\" sizes=\"auto, (max-width: 831px) 100vw, 831px\" \/><\/figure>\n<\/div>\n<\/div>\n","protected":false},"excerpt":{"rendered":"<p>\u00bfQu\u00e9 da\u00f1a un camino? Si no se evac\u00faan las aguas de forma correcta, el agua comienza a socavar y agrietar el camino.En periodo normal tenemos que velar por el peso y la velocidad de los veh\u00edculos que usan nuestros caminos.En d\u00edas lluviosos, se restringe el tr\u00e1nsito de veh\u00edculos de peso considerable (camiones, maquinaria, entre otros)&#8230;<\/p>\n","protected":false},"author":2,"featured_media":0,"parent":0,"menu_order":0,"comment_status":"closed","ping_status":"closed","template":"","meta":{"_kad_post_transparent":"","_kad_post_title":"","_kad_post_layout":"","_kad_post_sidebar_id":"","_kad_post_content_style":"","_kad_post_vertical_padding":"","_kad_post_feature":"","_kad_post_feature_position":"","_kad_post_header":false,"_kad_post_footer":false,"_kad_post_classname":"","footnotes":""},"class_list":["post-182","page","type-page","status-publish","hentry"],"_links":{"self":[{"href":"https:\/\/puntadelgallo.cl\/index.php\/wp-json\/wp\/v2\/pages\/182","targetHints":{"allow":["GET"]}}],"collection":[{"href":"https:\/\/puntadelgallo.cl\/index.php\/wp-json\/wp\/v2\/pages"}],"about":[{"href":"https:\/\/puntadelgallo.cl\/index.php\/wp-json\/wp\/v2\/types\/page"}],"author":[{"embeddable":true,"href":"https:\/\/puntadelgallo.cl\/index.php\/wp-json\/wp\/v2\/users\/2"}],"replies":[{"embeddable":true,"href":"https:\/\/puntadelgallo.cl\/index.php\/wp-json\/wp\/v2\/comments?post=182"}],"version-history":[{"count":1,"href":"https:\/\/puntadelgallo.cl\/index.php\/wp-json\/wp\/v2\/pages\/182\/revisions"}],"predecessor-version":[{"id":185,"href":"https:\/\/puntadelgallo.cl\/index.php\/wp-json\/wp\/v2\/pages\/182\/revisions\/185"}],"wp:attachment":[{"href":"https:\/\/puntadelgallo.cl\/index.php\/wp-json\/wp\/v2\/media?parent=182"}],"curies":[{"name":"wp","href":"https:\/\/api.w.org\/{rel}","templated":true}]}}