{"id":1823,"date":"2025-06-20T20:28:19","date_gmt":"2025-06-21T00:28:19","guid":{"rendered":"https:\/\/puntadelgallo.cl\/?page_id=1823"},"modified":"2025-06-20T20:28:19","modified_gmt":"2025-06-21T00:28:19","slug":"2025-04-03-minuta-reunion-directiva-ocf","status":"publish","type":"page","link":"https:\/\/puntadelgallo.cl\/index.php\/2025-04-03-minuta-reunion-directiva-ocf\/","title":{"rendered":"2025 04 03 Minuta reuni\u00f3n directiva OCF"},"content":{"rendered":"\n<p>Asisten: Jurgen Weller, Andr\u00e9s de la Sota, Sonia Fuentealba, Jonny Heiss, Amalia Quiroz y Carolina Torrej\u00f3n.<\/p>\n\n\n\n<p><strong>1) Arriendo de espacios a externos<\/strong><br>&#8211; Reuni\u00f3n pendiente<\/p>\n\n\n\n<p><strong>2) Formalizacion cambio estatutos<\/strong><br>&#8211; En tr\u00e1mite<\/p>\n\n\n\n<p><strong>3) Seguridad<\/strong><br>&#8211; Celia Alvari\u00f1o propone instalar una familia en la porteria (su actual jardinero). El es venezolano, ex policia, y podria apoyar la seguridad nocturna. Tiene disponible una moto y pdriamos contratar por ejemplo 2 rondas por noche. El salario podria ser del orden de $100.000\/mes en dinero + el arriendo de la casa, que podemos evaluar en $ 80.000. &#8211; &#8211; Estaria disponible si hay situaciones sopechosas.<br>&#8211; JH hablar\u00e1 con un abogado laboralista para analizar la parte legal. El contrato podria ser 2 horas diarias (14 horas semanales).<br>&#8211; Consultar por posible contrato inical, a prueba, a plazo fijo, por ejemplo 4 meses.<br>&#8211; Habria que hablarlo tambi\u00e9n con la familia Rojas, a prop\u00f3sito del comodato de la casa.<\/p>\n\n\n\n<p><strong>4) Finanzas<\/strong><br>&#8211; Saldo actual es de aprox 20 millones.<br>&#8211; Se est\u00e1 viendo un fondo mutuo, pensando en colocar aprox. 10 millones.<br>&#8211; El Fondo muto es f\u00e1cilmenhte rescatable y no hay que estar renovando, como ser\u00eda un dep\u00f3sito a plazo.<\/p>\n\n\n\n<ul class=\"wp-block-list\">\n<li>Ref cuenta corriente: cuesta ahora $400.000 al a\u00f1o y utiliza el servicio de Office Banking, que permite que Oscar ingrese los pagos y la directiva los autorice. Es especial para empresas y situaciones como la nuestra.<\/li>\n\n\n\n<li>La directiva ha evaluado el servicio y considera que el costo del servicio de Office Banking se justifica.<\/li>\n<\/ul>\n\n\n\n<p><strong>5) Inicio de actividades<\/strong><br>&#8211; OR ya tiene la clave en el SII. Est\u00e1 en tr\u00e1mite.<br>&#8211; OR ya emiti\u00f3 su boleta. Falta hacer un contrato a honorarios a OR.<\/p>\n\n\n\n<p><strong>6) No contribuyentes<\/strong><br>&#8211; OR tiene pendiente mandar una lista actualizada.<\/p>\n\n\n\n<p><strong>7) Lote B &#8211; El Rosario<\/strong><br>&#8211; Se le di\u00f3 poder a la abogada que est\u00e1 tramitando el permiso ante el Servicio de evaluaci\u00f3n ambiental.<\/p>\n\n\n\n<p><strong>8) Operacion KK<\/strong><br>&#8211; Pendiente<\/p>\n\n\n\n<p><strong>9) Basuras grande<\/strong>s<br>&#8211; La Municipalidad dej\u00f3 un cami\u00f3n en la entrada del Rosario para escombros y se llen\u00f3. <br>&#8211; La Municipalidad inici\u00f3 el jueves pasado el servicio de retiro de la basura de nuetro centro de acopio sin costo. Por tanto ya no ser\u00e1 necesario el servicio de retiro de Luis benavides, que lo ha venido haciendo hace m\u00e1s de 20 a\u00f1os.<br>&#8211; A Luis Benavides se le pagan en promedio 3 viajes al mes a $200.000 c\/u es decir, unos $ 600.000 al mes.<br>&#8211; Se propone que OR organice contratarlo 1 viaje, para retirar objetos grandes, escombros y ramas con cargo de los interesados.<\/p>\n\n\n\n<p><strong>10) Arboles<\/strong><br>&#8211; En el camino el Vado es imprescindible tomar medidas, ocupan la mitad del camino: verificar OR con la hermana de Jazmin Chiu.<br>&#8211; Tambi\u00e9n es necesario hablar con Alvaro Garcia, ya que sus pinos ocupan parte importante del estacionamiento de la playa el Revolc\u00f3n.<\/p>\n\n\n\n<p><strong>11) Porteria<\/strong><\/p>\n\n\n\n<ul class=\"wp-block-list\">\n<li>Enzo esta preparando un presupuesto alternativo para la bomba, ya que el que obtuvimos parece demasiado caro.<\/li>\n\n\n\n<li>Giovanni hablo con el proveedor por un intercom con c\u00e1mara con un timbre: cuesta del orden del $ 100.000 + instalaci\u00f3n.<br>La directiva aprueba por unanimidad hacer esta inversi\u00f3n y encarga a OR implementar esto contratando a alguien que lo instale.<\/li>\n\n\n\n<li>L\u00ednea tel\u00e9fono: pendiente<\/li>\n\n\n\n<li>Javier va a hacer un video instructivo de DAPTA: pendiente<\/li>\n\n\n\n<li>Ya se cambi\u00f3 el letrero de lugar, como se hab\u00eda acordado.<\/li>\n\n\n\n<li>Cambiar el poste que dice Punta del Gallo: pendiente<\/li>\n\n\n\n<li>Falta hacer letrero (imprimir en hoja carta y poner en sobre de pl\u00e1stico) de quita y pon que diga &#8220;En colacion&#8221; y aparezca el N\u00b0 de telefono de porteria.<\/li>\n<\/ul>\n\n\n\n<p><strong>12) Proyectos:<\/strong><br>&#8211; CT sistematiz\u00f3 las propuestas de la asamblea.<br>&#8211; Hay 4 grandes temas propuestos:<\/p>\n\n\n\n<ul class=\"wp-block-list\">\n<li>Porteria: ya esta OK lo del intercom. Falta ver tema lavanderia.<\/li>\n\n\n\n<li>Esparcimiento:<br>== Cancha voley en la playa, juegos infantiles y para ejercicio 3era edad.<br>== Sendero a El Barco (Mario Ramirez con Patrico Casanueva): arreglar y poner se\u00f1al\u00e9tica. Costo es de aprox $600.000. Es necesario tener mas detalles en qu\u00e9 consiste.<\/li>\n\n\n\n<li>Escombros: retirar cachureo y ver si se utiliza estanque de agua del lado Norte. Pendiente hablar con la Municipalidad.<\/li>\n\n\n\n<li>Social (por una vez):<br>== Apoyar escuelas de San Jose o El Yeco: por ejemplo donar libros (CT preguntar\u00e1 a Ivan si se puede hacer cargo)<br>== Donar ropa para hogar de SENAME (Carolina con Kata Porter von Mayern se encargar\u00e1n)<\/li>\n<\/ul>\n\n\n\n<p>Hay que agregar los proyectos de la OCF y hacer una encuesta\/consulta a todos los socios<\/p>\n\n\n\n<p><strong>13) Caminos<\/strong><br>JW, CT, CC, OF y JE van a hacer un diagn\u00f3stico del problema de sacar rocas y una propuesta para los arreglos del 2025.<\/p>\n","protected":false},"excerpt":{"rendered":"<p>Asisten: Jurgen Weller, Andr\u00e9s de la Sota, Sonia Fuentealba, Jonny Heiss, Amalia Quiroz y Carolina Torrej\u00f3n. 1) Arriendo de espacios a externos&#8211; Reuni\u00f3n pendiente 2) Formalizacion cambio estatutos&#8211; En tr\u00e1mite 3) Seguridad&#8211; Celia Alvari\u00f1o propone instalar una familia en la porteria (su actual jardinero). El es venezolano, ex policia, y podria apoyar la seguridad nocturna&#8230;.<\/p>\n","protected":false},"author":2,"featured_media":0,"parent":0,"menu_order":0,"comment_status":"closed","ping_status":"closed","template":"","meta":{"_kad_post_transparent":"","_kad_post_title":"","_kad_post_layout":"","_kad_post_sidebar_id":"","_kad_post_content_style":"","_kad_post_vertical_padding":"","_kad_post_feature":"","_kad_post_feature_position":"","_kad_post_header":false,"_kad_post_footer":false,"_kad_post_classname":"","footnotes":""},"class_list":["post-1823","page","type-page","status-publish","hentry"],"_links":{"self":[{"href":"https:\/\/puntadelgallo.cl\/index.php\/wp-json\/wp\/v2\/pages\/1823","targetHints":{"allow":["GET"]}}],"collection":[{"href":"https:\/\/puntadelgallo.cl\/index.php\/wp-json\/wp\/v2\/pages"}],"about":[{"href":"https:\/\/puntadelgallo.cl\/index.php\/wp-json\/wp\/v2\/types\/page"}],"author":[{"embeddable":true,"href":"https:\/\/puntadelgallo.cl\/index.php\/wp-json\/wp\/v2\/users\/2"}],"replies":[{"embeddable":true,"href":"https:\/\/puntadelgallo.cl\/index.php\/wp-json\/wp\/v2\/comments?post=1823"}],"version-history":[{"count":1,"href":"https:\/\/puntadelgallo.cl\/index.php\/wp-json\/wp\/v2\/pages\/1823\/revisions"}],"predecessor-version":[{"id":1824,"href":"https:\/\/puntadelgallo.cl\/index.php\/wp-json\/wp\/v2\/pages\/1823\/revisions\/1824"}],"wp:attachment":[{"href":"https:\/\/puntadelgallo.cl\/index.php\/wp-json\/wp\/v2\/media?parent=1823"}],"curies":[{"name":"wp","href":"https:\/\/api.w.org\/{rel}","templated":true}]}}