{"id":1831,"date":"2025-06-20T21:02:19","date_gmt":"2025-06-21T01:02:19","guid":{"rendered":"https:\/\/puntadelgallo.cl\/?page_id=1831"},"modified":"2025-08-17T18:37:04","modified_gmt":"2025-08-17T22:37:04","slug":"2025-05-29-minuta-reunion-directiva-ocf","status":"publish","type":"page","link":"https:\/\/puntadelgallo.cl\/index.php\/2025-05-29-minuta-reunion-directiva-ocf\/","title":{"rendered":"2025 05 29 Minuta reuni\u00f3n directiva OCF"},"content":{"rendered":"\n<p>Asisten: Andres de la Sotta, Jurgen Weller, Sonia Fuentealba, Oscar Riffo, Carolina Torrejon, Jonny Heiss, Amalia Quiroz<\/p>\n\n\n\n<p>1) Reuni\u00f3n con familia Rojas por confirmar s\u00e1bado 7 de junio.<br>Ser\u00eda bueno que est\u00e9 Jorge Errazuriz, que ha estado en contacto con Alfredo Rojas.<br>2) Los estatutos fueron aprobados. Falta reducirlos a escritura p\u00fablica (Costo notar\u00eda: $150.000) y luego presentarlo al SII para hacer el inicio de actividades<br>3) Decisi\u00f3n de instrumento financiero: AdS averigu\u00f3 y propone fondo mutuo renta largo plazo UF. Los ultimos 30 dias tuvo rentabilidad del 0,75%. Primeros 30 dias no se puede rescatar, y luego cuando queramos.<br>Hay un saldo de $20 mm en la cuenta. Se acuerda que se invertir\u00e1n $ 8 mm en el fondo mutuo.<br>4) Contrato Oscar: Sonia consult\u00f3 con un abogado el contrato y dijo que est\u00e1 bien. Faltar\u00eda poner anexos por los cambios de honorarios<br>OR est\u00e1 emitiendo boletas desde hace 2 o 3 meses.<br>5) Morosos: JW propone separar en 3 grupos:<br>Grupo 1: socios que deben varios a\u00f1os: son menos de 10 y JW les escribir\u00e1 mensajes personales a cada uno de ellos. JW redactar\u00e1 un texto.<br>Grupo 2: Socios que no tienen deuda pero no han pagado nada de este a\u00f1o: JH propone explicarles que si la gente paga a fin de a\u00f1o nos produce problemas. JH propondr\u00e1 texto paras er enviadoa todos.<br>Grupo 3: No afiliados o afiliados que pagan por su casa pero tienen una segunda priopiedad que no pagan. JW ver\u00e1 esto.<br>6) Fosas: pendiente OR<br>7) Escombros voluminosos y cachureo: Se acord\u00f3 retiro el 20 de junio con don Luis. OR informar\u00e1 a la comunidad para que los interesados se coordinen con \u00e9l y Luis Benavides..<br>8) Bomba de agua: La familia Rojas ofreci\u00f3 pagar. Se acuerda que OR le proponga pagar el 50% cada uno.<br>Renzo la va a revisar entre ma\u00f1ana y pasado. Por mientras se suministra agua con un cami\u00f3n aljibe.<br>9) OR ya compr\u00f3 el intercom. A\u00fan no ha llegado. Cuando llegue OR le va a encargar a Bernardino Venegas para que lo instale.<br>Poner letrero que diga AYUDA o algo asi.<br>10) Chip Entel: OR compr\u00f3 el chip de prepago para hacer prueba.<br>11) Proyecto de ruta al Barco: Hay dos opciones: por el lado del sitio de Andrew Crozier y por el lado de la familia Bunster. Andr\u00e9s habl\u00f3 con Pato Casanueva y van a ir a hablar con la familia Bunster que son los due\u00f1os del fundo que est\u00e1 en el camino. Habria que hacer mejoras en un pedazo que hay una quebrada chica (presupuesto preliminar es de $ 600.000). Hacer consulta a la comunidad.<br>Carolina hablar\u00e1 con Paola (cuidadora).<\/p>\n\n\n\n<p>Se soliicta a los miembros de la directiva que revisen las otras propuestas recibidas para que en la pr\u00f3xima reuni\u00f3n se puedan tomar las decisiones correspondientes (JW envi\u00f3 un archivo con un resumen de las propuestas).<br>12) Lavander\u00eda: ver opini\u00f3n de los Rojas.<br>13) Contribuciones: JW habl\u00f3 con Ver\u00f3nica Labarca (de La Boca) y dijo que van a cobrar la cuota del aseo en las contribuciones.<br>La Municipalidad ya est\u00e1 retirando la basura, por ahora sin cobrar..<br>Don Luis est\u00e1 haciendo un viaje al mes para limpiar el centro de reciclaje.<br>14) AQ propone recordar a los arrendatarios el tema de la basura. JW propone usar un comunicado (flyer) anterior. <br>OR preparar\u00e1 un texto con advertencias sobre la temporada de invierno: se cierran los caminos para camiones grandes (problemas de suministros como agua, le\u00f1a, etc).<br>15) Caminos: Ha habido avance importantes en el arreglo de caminos, que quedaron muy buenos. Se sacaron piedras y arreglaron zanjas. Quedo muy liso.<br>16) Reembolso Minga: aportamos $120.000 pero como no se compraron empanadas sobraron $70.000 y quedamos de dejarle la diferencia como colaboraci\u00f3n a la fundaci\u00f3n.<br>17) Hay que mandar el informe trimestral de finanzas a los socios: debe cubrir marzo, abril y mayo. AdS lo va a preparar.<br>18) Porteria: los Rojas est\u00e1n arreglando la porter\u00eda por dentro (barniz color madera).<br>19) Se recibi\u00f3 una solicitud de la Fundaci\u00f3n Sara Hern\u00e1ndez que est\u00e1 a cargo del Santuario de la Naturaleza del Humedal de Tunqu\u00e9n. La Fundaci\u00f3n concursar\u00e1 por recursos del Fondo Nacional de Desarrollo Regional para actividades, pricipalmente de educaci\u00f3n ambiental y solicita que la OCF de Punta del Gallo (como otras organizaciones de la zona) patrocine este proyecto. La Directiva lo aprueba y JW firmar\u00e1 la carta de patrocinio correspondiente. <br>20) OR fue a la DOM de Casablanca: el terreno donde est\u00e1n los estanques y las placas solares (que ya no est\u00e1n) es un \u00e1rea verde que la Municipalidad debe mantener. La Municipalidad deberia mantener adem\u00e1s los caminos que tienen veredas. Al entregar el loteo pasa a ser responsabilidad de la Municipalidad. OR mandar\u00e1 un correo consultando por esto para activarlo.<br>21) Charla Carlos Vignolo: organizada por la directiva de la OCF de La Boca: estuvo orientada a capital social individual. Habr\u00e1 otra el 26\/6 m\u00e1s orientada a capital social comunitario. Habria que cambiar la reuni\u00f3n de la directiva de la OCF, ya que coincide la fecha.<br>22) OR y CT van a juntarse con gente de la junta de vecinos del Tunquen (del Pueblo) que se arm\u00f3 en el estero, para ver posibilidades de acciones conjuntas (tienen visi\u00f3n del camino).<br>23) Se reenviar\u00e1 el flyer sobre el comportamiento reponsable en Punta del Gallo que se elabor\u00f3 en el verano, en vista de que hay arrendatarios durante todo el a\u00f1o.<\/p>\n","protected":false},"excerpt":{"rendered":"<p>Asisten: Andres de la Sotta, Jurgen Weller, Sonia Fuentealba, Oscar Riffo, Carolina Torrejon, Jonny Heiss, Amalia Quiroz 1) Reuni\u00f3n con familia Rojas por confirmar s\u00e1bado 7 de junio.Ser\u00eda bueno que est\u00e9 Jorge Errazuriz, que ha estado en contacto con Alfredo Rojas.2) Los estatutos fueron aprobados. Falta reducirlos a escritura p\u00fablica (Costo notar\u00eda: $150.000) y luego&#8230;<\/p>\n","protected":false},"author":2,"featured_media":0,"parent":0,"menu_order":0,"comment_status":"closed","ping_status":"closed","template":"","meta":{"_kad_post_transparent":"","_kad_post_title":"","_kad_post_layout":"","_kad_post_sidebar_id":"","_kad_post_content_style":"","_kad_post_vertical_padding":"","_kad_post_feature":"","_kad_post_feature_position":"","_kad_post_header":false,"_kad_post_footer":false,"_kad_post_classname":"","footnotes":""},"class_list":["post-1831","page","type-page","status-publish","hentry"],"_links":{"self":[{"href":"https:\/\/puntadelgallo.cl\/index.php\/wp-json\/wp\/v2\/pages\/1831","targetHints":{"allow":["GET"]}}],"collection":[{"href":"https:\/\/puntadelgallo.cl\/index.php\/wp-json\/wp\/v2\/pages"}],"about":[{"href":"https:\/\/puntadelgallo.cl\/index.php\/wp-json\/wp\/v2\/types\/page"}],"author":[{"embeddable":true,"href":"https:\/\/puntadelgallo.cl\/index.php\/wp-json\/wp\/v2\/users\/2"}],"replies":[{"embeddable":true,"href":"https:\/\/puntadelgallo.cl\/index.php\/wp-json\/wp\/v2\/comments?post=1831"}],"version-history":[{"count":5,"href":"https:\/\/puntadelgallo.cl\/index.php\/wp-json\/wp\/v2\/pages\/1831\/revisions"}],"predecessor-version":[{"id":1872,"href":"https:\/\/puntadelgallo.cl\/index.php\/wp-json\/wp\/v2\/pages\/1831\/revisions\/1872"}],"wp:attachment":[{"href":"https:\/\/puntadelgallo.cl\/index.php\/wp-json\/wp\/v2\/media?parent=1831"}],"curies":[{"name":"wp","href":"https:\/\/api.w.org\/{rel}","templated":true}]}}