{"id":191,"date":"2023-06-16T23:37:51","date_gmt":"2023-06-17T03:37:51","guid":{"rendered":"http:\/\/puntadelgallo.cl\/?page_id=191"},"modified":"2026-03-03T15:33:47","modified_gmt":"2026-03-03T19:33:47","slug":"mascotas","status":"publish","type":"page","link":"https:\/\/puntadelgallo.cl\/index.php\/mascotas\/","title":{"rendered":"Mascotas"},"content":{"rendered":"\n<div class=\"wp-block-columns is-layout-flex wp-container-core-columns-is-layout-9d6595d7 wp-block-columns-is-layout-flex\">\n<div class=\"wp-block-column is-layout-flow wp-block-column-is-layout-flow\" style=\"flex-basis:33.33%\">\n<figure class=\"wp-block-image size-full is-resized\"><img loading=\"lazy\" decoding=\"async\" width=\"318\" height=\"292\" src=\"http:\/\/puntadelgallo.cl\/wp-content\/uploads\/2023\/06\/perrito_orig.jpg\" alt=\"\" class=\"wp-image-192\" style=\"width:444px;height:408px\" srcset=\"https:\/\/puntadelgallo.cl\/wp-content\/uploads\/2023\/06\/perrito_orig.jpg 318w, https:\/\/puntadelgallo.cl\/wp-content\/uploads\/2023\/06\/perrito_orig-300x275.jpg 300w\" sizes=\"auto, (max-width: 318px) 100vw, 318px\" \/><\/figure>\n<\/div>\n\n\n\n<div class=\"wp-block-column is-layout-flow wp-block-column-is-layout-flow\" style=\"flex-basis:66.66%\">\n<p>Como antecedente, declaramos que como comunidad respetamos y amamos a los animales ya sean dom\u00e9sticos o silvestres. Por lo mismo, se establece una serie de medidas que permitan mantener una convivencia y equilibrio en nuestra comunidad, que vaya en armon\u00eda y en l\u00ednea con los tres conceptos antes mencionados.<br><br>Somos una comunidad en expansi\u00f3n, producto del aumento de familias que han decidido establecer Punta del Gallo como su residencia permanente. Por tanto, se hace necesario acordar algunas normas para mejorar la cohabitaci\u00f3n de mascotas, con el fin de proteger ciertas reglas b\u00e1sicas de convivencia, seguridad y cuidados del entorno.<br><br>A continuaci\u00f3n, podr\u00e1 encontrar el Reglamento de Tenencia de Mascotas en Punta del Gallo y el texto de la Ley sobre tenencia responsable de mascotas.<\/p>\n\n\n\n<div class=\"wp-block-buttons is-layout-flex wp-block-buttons-is-layout-flex\">\n<div class=\"wp-block-button\"><a class=\"wp-block-button__link wp-element-button\" href=\"http:\/\/puntadelgallo.cl\/index.php\/reglamento-de-mascotas\/\" target=\"_blank\" rel=\"noreferrer noopener\">Reglamento de mascotas<\/a><\/div>\n\n\n\n<div class=\"wp-block-button\"><a class=\"wp-block-button__link wp-element-button\" href=\"http:\/\/puntadelgallo.cl\/index.php\/ley-sobre-tenencia-responsable-de-mascotas-y-animales-decompania\/\" target=\"_blank\" rel=\"noreferrer noopener\">Ley sobre tenencia de mascotas<\/a><\/div>\n\n\n\n<div class=\"wp-block-button\"><a class=\"wp-block-button__link wp-element-button\" href=\"https:\/\/puntadelgallo.cl\/index.php\/llamado-a-ls-duens-de-perros\/\">Llamado a due\u00f1@s de perros<\/a><\/div>\n<\/div>\n<\/div>\n<\/div>\n\n\n\n<p><\/p>\n","protected":false},"excerpt":{"rendered":"<p>Como antecedente, declaramos que como comunidad respetamos y amamos a los animales ya sean dom\u00e9sticos o silvestres. Por lo mismo, se establece una serie de medidas que permitan mantener una convivencia y equilibrio en nuestra comunidad, que vaya en armon\u00eda y en l\u00ednea con los tres conceptos antes mencionados. Somos una comunidad en expansi\u00f3n, producto&#8230;<\/p>\n","protected":false},"author":2,"featured_media":0,"parent":0,"menu_order":0,"comment_status":"closed","ping_status":"closed","template":"","meta":{"_kad_post_transparent":"","_kad_post_title":"","_kad_post_layout":"","_kad_post_sidebar_id":"","_kad_post_content_style":"","_kad_post_vertical_padding":"","_kad_post_feature":"","_kad_post_feature_position":"","_kad_post_header":false,"_kad_post_footer":false,"_kad_post_classname":"","footnotes":""},"class_list":["post-191","page","type-page","status-publish","hentry"],"_links":{"self":[{"href":"https:\/\/puntadelgallo.cl\/index.php\/wp-json\/wp\/v2\/pages\/191","targetHints":{"allow":["GET"]}}],"collection":[{"href":"https:\/\/puntadelgallo.cl\/index.php\/wp-json\/wp\/v2\/pages"}],"about":[{"href":"https:\/\/puntadelgallo.cl\/index.php\/wp-json\/wp\/v2\/types\/page"}],"author":[{"embeddable":true,"href":"https:\/\/puntadelgallo.cl\/index.php\/wp-json\/wp\/v2\/users\/2"}],"replies":[{"embeddable":true,"href":"https:\/\/puntadelgallo.cl\/index.php\/wp-json\/wp\/v2\/comments?post=191"}],"version-history":[{"count":11,"href":"https:\/\/puntadelgallo.cl\/index.php\/wp-json\/wp\/v2\/pages\/191\/revisions"}],"predecessor-version":[{"id":2123,"href":"https:\/\/puntadelgallo.cl\/index.php\/wp-json\/wp\/v2\/pages\/191\/revisions\/2123"}],"wp:attachment":[{"href":"https:\/\/puntadelgallo.cl\/index.php\/wp-json\/wp\/v2\/media?parent=191"}],"curies":[{"name":"wp","href":"https:\/\/api.w.org\/{rel}","templated":true}]}}