{"id":1928,"date":"2025-09-22T10:53:50","date_gmt":"2025-09-22T14:53:50","guid":{"rendered":"https:\/\/puntadelgallo.cl\/?page_id=1928"},"modified":"2025-09-22T10:53:50","modified_gmt":"2025-09-22T14:53:50","slug":"informe-trimestral-junio-agosto-2025","status":"publish","type":"page","link":"https:\/\/puntadelgallo.cl\/index.php\/informe-trimestral-junio-agosto-2025\/","title":{"rendered":"Informe Trimestral \u2013 Junio \/ Agosto 2025"},"content":{"rendered":"\n<p>Informe Trimestral Junio-Agosto 2025<\/p>\n\n\n\n<figure class=\"wp-block-image size-full is-resized\"><img loading=\"lazy\" decoding=\"async\" width=\"748\" height=\"510\" src=\"https:\/\/puntadelgallo.cl\/wp-content\/uploads\/2025\/09\/imagen.png\" alt=\"\" class=\"wp-image-1929\" style=\"width:745px;height:auto\" srcset=\"https:\/\/puntadelgallo.cl\/wp-content\/uploads\/2025\/09\/imagen.png 748w, https:\/\/puntadelgallo.cl\/wp-content\/uploads\/2025\/09\/imagen-300x205.png 300w\" sizes=\"auto, (max-width: 748px) 100vw, 748px\" \/><\/figure>\n\n\n\n<figure class=\"wp-block-image size-full is-resized\"><img loading=\"lazy\" decoding=\"async\" width=\"458\" height=\"410\" src=\"https:\/\/puntadelgallo.cl\/wp-content\/uploads\/2025\/09\/imagen-1.png\" alt=\"\" class=\"wp-image-1930\" style=\"width:594px;height:auto\" srcset=\"https:\/\/puntadelgallo.cl\/wp-content\/uploads\/2025\/09\/imagen-1.png 458w, https:\/\/puntadelgallo.cl\/wp-content\/uploads\/2025\/09\/imagen-1-300x269.png 300w\" sizes=\"auto, (max-width: 458px) 100vw, 458px\" \/><\/figure>\n\n\n\n<p><strong>Descripci\u00f3n de categor\u00edas:<\/strong><\/p>\n\n\n\n<p><strong>Administraci\u00f3n:<\/strong><br>Todos los egresos correspondientes a pagos y honorarios de administraci\u00f3n.<\/p>\n\n\n\n<p><strong>Aguinaldos:<\/strong><br>Egresos correspondientes a aguinaldos. Estos Egresos se dan en septiembre y diciembre.<\/p>\n\n\n\n<p><strong>Basura:<\/strong><br>Todos los egresos relacionados a basura. Aqu\u00ed est\u00e1n contemplados retiros de basura domiciliaria, materiales reciclables, aseos y desratizaci\u00f3n en el centro de acopio, entre otros relacionados con desechos y basura.<\/p>\n\n\n\n<p><strong>Campa\u00f1as y aportes:<\/strong><br>Egresos relacionados a actividades extraoficiales de la OCF y colaboraciones. En este \u00edtem se encuentran limpiezas conjuntas a la playa realizadas por la Fundaci\u00f3n Tunqu\u00e9n Sustentable, aportes de caridad, apoyo a bomberos, entre otros.<\/p>\n\n\n\n<p><strong>Celular porter\u00eda y control de acceso:<\/strong><br>Cualquier egreso relacionado a los chips de celulares de la comunidad, como tambi\u00e9n al sistema de acceso Dapta en el port\u00f3n.<\/p>\n\n\n\n<p><strong>Comisi\u00f3n Banco:<\/strong><br>Egreso mensual cobrado por gastos operacionales en nuestra cuenta bancaria.<\/p>\n\n\n\n<p><strong>Leyes sociales:<\/strong><br>Todo lo relacionado a imposiciones, Previred y similares<\/p>\n\n\n\n<p><strong>Mantenciones y materiales:<\/strong><br>Egresos realizados con motivos de mantenciones y materiales necesitados. Dentro de este \u00edtem podemos encontrar gastos como: pintura, art\u00edculos de aseo y oficina, poda y corte de pastizales, pilas para controles remotos, entre otros.<\/p>\n\n\n\n<p><strong>Mejoras e infraestructura:<\/strong><br>Egresos correspondientes a mejoras en infraestructura de la OCF. Por ejemplo compra de estufa.<\/p>\n\n\n\n<p><strong>Nuevos proyectos de Infraestructura:<\/strong><br>Nuevas instalaciones y proyectos para la OCF. Por ejemplo, compra de Intercomunicador en porter\u00eda.<\/p>\n\n\n\n<p><strong>Otros honorarios y rendiciones:<\/strong><br>Pagos y rendiciones que no tienen cabida en otras categor\u00edas, generalmente correspondientes a tr\u00e1mites y otros gastos, tales como: notar\u00eda, combustible, peajes, pago de hosting, entre otros.<\/p>\n\n\n\n<p><strong>Remuneraciones Porter\u00eda:<\/strong><br>Egresos correspondientes a pagos mensuales y adelantos para personal de porter\u00eda.<\/p>\n\n\n\n<p><strong>Reparaci\u00f3n de caminos:<\/strong><br>En esta categor\u00eda entran todos los gastos incurridos por reparaci\u00f3n y mantenciones de caminos. Entre ellos se comprenden: horas de m\u00e1quina, pago a jornales, maicillo, ripio y otros materiales, camiones de agua, entre otros.<\/p>\n\n\n\n<p><strong>Seguridad:<\/strong><br>Cualquier pago correspondiente a rondines, medidas de seguridad, alambre puas, entre otros.<\/p>\n\n\n\n<p><strong>Servicios b\u00e1sicos:<\/strong><br>Egresos relacionados a pagos de Luz, agua, gas, entre otros. Generalmente la OCF solo incluye luz en este \u00edtem.<\/p>\n\n\n\n<p><strong>Servicios Comunidad (ComunidadFeliz):<\/strong><br>Pago por el uso del software ComunidadFeliz, que permite env\u00edo de boletas de gastos comunes y otros. Generalmente este pago se realiza solo una vez en el a\u00f1o (octubre-noviembre)<\/p>\n\n\n\n<p><\/p>\n","protected":false},"excerpt":{"rendered":"<p>Informe Trimestral Junio-Agosto 2025 Descripci\u00f3n de categor\u00edas: Administraci\u00f3n:Todos los egresos correspondientes a pagos y honorarios de administraci\u00f3n. Aguinaldos:Egresos correspondientes a aguinaldos. Estos Egresos se dan en septiembre y diciembre. Basura:Todos los egresos relacionados a basura. Aqu\u00ed est\u00e1n contemplados retiros de basura domiciliaria, materiales reciclables, aseos y desratizaci\u00f3n en el centro de acopio, entre otros relacionados&#8230;<\/p>\n","protected":false},"author":6,"featured_media":0,"parent":0,"menu_order":0,"comment_status":"closed","ping_status":"closed","template":"","meta":{"_kad_post_transparent":"","_kad_post_title":"","_kad_post_layout":"","_kad_post_sidebar_id":"","_kad_post_content_style":"","_kad_post_vertical_padding":"","_kad_post_feature":"","_kad_post_feature_position":"","_kad_post_header":false,"_kad_post_footer":false,"_kad_post_classname":"","footnotes":""},"class_list":["post-1928","page","type-page","status-publish","hentry"],"_links":{"self":[{"href":"https:\/\/puntadelgallo.cl\/index.php\/wp-json\/wp\/v2\/pages\/1928","targetHints":{"allow":["GET"]}}],"collection":[{"href":"https:\/\/puntadelgallo.cl\/index.php\/wp-json\/wp\/v2\/pages"}],"about":[{"href":"https:\/\/puntadelgallo.cl\/index.php\/wp-json\/wp\/v2\/types\/page"}],"author":[{"embeddable":true,"href":"https:\/\/puntadelgallo.cl\/index.php\/wp-json\/wp\/v2\/users\/6"}],"replies":[{"embeddable":true,"href":"https:\/\/puntadelgallo.cl\/index.php\/wp-json\/wp\/v2\/comments?post=1928"}],"version-history":[{"count":1,"href":"https:\/\/puntadelgallo.cl\/index.php\/wp-json\/wp\/v2\/pages\/1928\/revisions"}],"predecessor-version":[{"id":1931,"href":"https:\/\/puntadelgallo.cl\/index.php\/wp-json\/wp\/v2\/pages\/1928\/revisions\/1931"}],"wp:attachment":[{"href":"https:\/\/puntadelgallo.cl\/index.php\/wp-json\/wp\/v2\/media?parent=1928"}],"curies":[{"name":"wp","href":"https:\/\/api.w.org\/{rel}","templated":true}]}}