{"id":1968,"date":"2025-10-26T21:56:05","date_gmt":"2025-10-27T01:56:05","guid":{"rendered":"https:\/\/puntadelgallo.cl\/?page_id=1968"},"modified":"2025-10-26T21:56:40","modified_gmt":"2025-10-27T01:56:40","slug":"2025-08-28-minuta-reunion-directiva-ocf","status":"publish","type":"page","link":"https:\/\/puntadelgallo.cl\/index.php\/2025-08-28-minuta-reunion-directiva-ocf\/","title":{"rendered":"2025 08 28 Minuta reuni\u00f3n directiva OCF"},"content":{"rendered":"\n<p>Asisten: Andr\u00e9s de la Sotta, J\u00fcrgen Weller, Carolina Torrej\u00f3n, Jonny Heiss, Oscar Riffo<\/p>\n\n\n\n<p>1)P\u00e1gina web: pendiente arreglar env\u00edo de correo y actualizaci\u00f3n.<br>Se acuerda que distintos miembros de la directiva revisar\u00e1n distintas secciones:<br>AdS y OR ver\u00e1n finanzas<br>JW Comunidad y noticias<br>CT: quienes somos<\/p>\n\n\n\n<p>2) Pintura porter\u00eda: Lleva el 60%. los materiales costaron alrededor de $300.000.-<\/p>\n\n\n\n<p>3) Plaza: sector Chagual: OR habl\u00f3 con los 5 vecinos. JH avanzar\u00e1 con el equipo \u201cJardin l\u00fadico\u201d para tener un presupuesto preliminar para el 12 de septiembre.<\/p>\n\n\n\n<p>4) Zona estanques: no se ha recibido respuesta a nuestra carta. OR ya insisti\u00f3 ante la secretar\u00eda.<\/p>\n\n\n\n<p>5) Estatutos: OR hizo la reducci\u00f3n a escritura p\u00fablica (hubo un saldo) e intentar\u00e1 con JH seguir adelante con el <a>inicio de actividades<\/a>.<\/p>\n\n\n\n<p>6) <a>Inversi\u00f3n en fondos mutuos<\/a>: hay que hacer una modificaci\u00f3n en los poderes via escritura p\u00fablica.<\/p>\n\n\n\n<p>7) <a>Morosos: OR actualizar\u00e1 a la directiva<\/a>.<\/p>\n\n\n\n<p>8) <a>Fosas: OR va a buscar un par de proveedores que hagan un buen precio por un paquete (pendiente).<\/a><\/p>\n\n\n\n<p>9) <a>Escombros voluminosos y cachureo: <\/a>se har\u00e1 consulta para un nuevo retiro que se har\u00eda a fines de septiembre.<\/p>\n\n\n\n<p>10) Porter\u00f3a: Fall\u00f3 el hidropack. Los Rojas lo pagaron y ya est\u00e1 arreglado.<\/p>\n\n\n\n<p>11) Intercom en porter\u00eda: est\u00e1 instalado y funcionando. Falta instalar el letrero.<\/p>\n\n\n\n<p>12) <a>Chip Entel: falta eliminar el n\u00famero de Movistar y hacer la portabilidad al nuevo chip de ENTEL con un plan.<\/a><\/p>\n\n\n\n<p>13) <a>Proyecto de ruta al Barco: pendiente nueva reuni\u00f3n de AdS con vecino Crozier<\/a>.<\/p>\n\n\n\n<p>14) <a>Contribuciones: la Municipalidad va a mandar una ordenanza en la que aclarar\u00e1 sobre los cobros y el retiro de basura. No hay avance.<\/a><\/p>\n\n\n\n<p>15) <a>Junta de vecinos del Tunqu\u00e9n: pendiente por parte de CT y OR.<\/a><\/p>\n\n\n\n<p>16) <a>Sistema de backup del port\u00f3n: Giovanni diagnostic\u00f3 que las bater\u00edas est\u00e1n muy viejas. Se inform\u00f3 a los Rojas. Ver\u00f3nica est\u00e1 de acuerdo en pedirle cotizaci\u00f3n a Enzo<\/a>.<\/p>\n\n\n\n<p>17) Carta a familia Rojas: se envi\u00f3 respuesta.<\/p>\n\n\n\n<p>18) <a>Se acuerda enviar un informe de actividades del tiempo transcurrido desde la \u00faltima asamblea. JW preparar\u00e1 un borrador.<\/a><\/p>\n\n\n\n<p>19<a>) Caminos<\/a>: el lunes empez\u00f3 a trabajar la retroexcavadora chica en despejar canaletas y lleva aproximadamente 60%. Ya se ha gastado en los caminos parte importante del presupuesto ($ 5.600.000 de 6 MM).<\/p>\n\n\n\n<p>20) Hubo 2 alarmas de potenciales focos de incendio y eran quemas controladas, que no fueron informadas.<\/p>\n\n\n\n<p>21) Se apoz\u00f3 agua en la quebrada Las T\u00f3rtolas y los Rojas van a abrir el curso.<\/p>\n\n\n\n<p>22) Porteria: Ruben Antonio empez\u00f3 el reemplazo que dura 6 o 7 semanas.<\/p>\n\n\n\n<p>23) <a>Porteria<\/a>: hay un acuerdo actualmente no escrito en el que la familia Rojas se hizo cargo de hacer las inversiones y su mantenci\u00f3n, como el terreno, la casa de la porter\u00eda, la barrera de entrada, la pintura, las reparaciones del sistema de agua, etc.\u00a0 y la OCF paga los gastos de operaci\u00f3n, como remuneraciones, leyes sociales, cuenta de la luz, operaci\u00f3n del control de acceso, cuentas de tel\u00e9fono, internet, etc. Sin embargo, este acuerdo opera de hecho pero no est\u00e1 formalizado. Se propone conversar con alg\u00fan abogado para formalizar este acuerdo.<\/p>\n","protected":false},"excerpt":{"rendered":"<p>Asisten: Andr\u00e9s de la Sotta, J\u00fcrgen Weller, Carolina Torrej\u00f3n, Jonny Heiss, Oscar Riffo 1)P\u00e1gina web: pendiente arreglar env\u00edo de correo y actualizaci\u00f3n.Se acuerda que distintos miembros de la directiva revisar\u00e1n distintas secciones:AdS y OR ver\u00e1n finanzasJW Comunidad y noticiasCT: quienes somos 2) Pintura porter\u00eda: Lleva el 60%. los materiales costaron alrededor de $300.000.- 3) Plaza:&#8230;<\/p>\n","protected":false},"author":2,"featured_media":0,"parent":0,"menu_order":0,"comment_status":"closed","ping_status":"closed","template":"","meta":{"_kad_post_transparent":"","_kad_post_title":"","_kad_post_layout":"","_kad_post_sidebar_id":"","_kad_post_content_style":"","_kad_post_vertical_padding":"","_kad_post_feature":"","_kad_post_feature_position":"","_kad_post_header":false,"_kad_post_footer":false,"_kad_post_classname":"","footnotes":""},"class_list":["post-1968","page","type-page","status-publish","hentry"],"_links":{"self":[{"href":"https:\/\/puntadelgallo.cl\/index.php\/wp-json\/wp\/v2\/pages\/1968","targetHints":{"allow":["GET"]}}],"collection":[{"href":"https:\/\/puntadelgallo.cl\/index.php\/wp-json\/wp\/v2\/pages"}],"about":[{"href":"https:\/\/puntadelgallo.cl\/index.php\/wp-json\/wp\/v2\/types\/page"}],"author":[{"embeddable":true,"href":"https:\/\/puntadelgallo.cl\/index.php\/wp-json\/wp\/v2\/users\/2"}],"replies":[{"embeddable":true,"href":"https:\/\/puntadelgallo.cl\/index.php\/wp-json\/wp\/v2\/comments?post=1968"}],"version-history":[{"count":2,"href":"https:\/\/puntadelgallo.cl\/index.php\/wp-json\/wp\/v2\/pages\/1968\/revisions"}],"predecessor-version":[{"id":1970,"href":"https:\/\/puntadelgallo.cl\/index.php\/wp-json\/wp\/v2\/pages\/1968\/revisions\/1970"}],"wp:attachment":[{"href":"https:\/\/puntadelgallo.cl\/index.php\/wp-json\/wp\/v2\/media?parent=1968"}],"curies":[{"name":"wp","href":"https:\/\/api.w.org\/{rel}","templated":true}]}}