{"id":1975,"date":"2025-10-26T22:17:46","date_gmt":"2025-10-27T02:17:46","guid":{"rendered":"https:\/\/puntadelgallo.cl\/?page_id=1975"},"modified":"2025-10-26T22:17:46","modified_gmt":"2025-10-27T02:17:46","slug":"2025-09-30-minuta-reunion-directiva-ocf","status":"publish","type":"page","link":"https:\/\/puntadelgallo.cl\/index.php\/2025-09-30-minuta-reunion-directiva-ocf\/","title":{"rendered":"2025 09 30 Minuta reuni\u00f3n directiva OCF"},"content":{"rendered":"\n<p>Asisten: Andr\u00e9s de la Sotta, J\u00fcrgen Weller, Carolina Torrej\u00f3n, Jonny Heiss, Oscar Riffo, Sonia Fuentealba,<\/p>\n\n\n\n<ol class=\"wp-block-list\">\n<li>Se acord\u00f3 que OR le pida a la Familia Rojas que autorice el acceso al camino que va hacia la cantera. Adem\u00e1s hay que retomar la conversaci\u00f3n para abrir el paso del curso del agua hacia la quebrada.<\/li>\n\n\n\n<li>P\u00e1gina web: se recibieron comentarios de JW y AdS. Queda pendiente que JH los incorpore (en octubre)<\/li>\n\n\n\n<li>Pintura porter\u00eda: est\u00e1 terminado. Qued\u00f3 muy bien. La actual bandera se bajar\u00e1 ma\u00f1ana. Hay otra mucho m\u00e1s grande. Se colocar\u00e1 un tubo m\u00e1s largo para instarlo m\u00e1s adelante. La idea es ponerlo adosado a la casa con abrazaderas.<\/li>\n\n\n\n<li>Plaza: Hay 2 opciones: Molle y Chagual. El Chagual est\u00e1 llena de \u00e1rboles y habr\u00eda que podar las ramas inferiores. En el Molle no hay nada. Se propone hacer dos proyectos de implementaci\u00f3n que tengan 2 temas: Los juegos y la habilitaci\u00f3n del terreno.<\/li>\n\n\n\n<li>JW con OR medir\u00e1n los terrenos para hacer un croquis. Luego se pedir\u00e1n presupuestos por la habilitaci\u00f3n de terrenos y se avanzar\u00e1 con m\u00e1s presupuestos de juegos.<\/li>\n\n\n\n<li>Zona estanques: OR pasar\u00e1 a la DOM a preguntar.<\/li>\n\n\n\n<li>Inicio de actividades: sigue pendiente hasta que tengamos la escritura p\u00fablica.<\/li>\n\n\n\n<li>Inversi\u00f3n en fondos mutuos: a la espera de que tengamos la escritura p\u00fablica<\/li>\n\n\n\n<li>Morosos: OR actualiz\u00f3 la lista que tiene 33 personas que deben m\u00e1s de $ 180.000. Se incluyen morosos reales y gente que no ha pagado el 2025, que estrictamente no son morosos. Hay 6 morosos que deben m\u00e1s de $ 1 mill\u00f3n. Se acuerda que OR generar\u00e1 un texto est\u00e1ndar y lo mandar\u00e1 a todos pidiendo que se pongan al d\u00eda.<\/li>\n\n\n\n<li>Fosas: OR va a buscar un par de proveedores que hagan un buen precio por un paquete (pendiente).<\/li>\n\n\n\n<li>Escombros voluminosos y cachureo: no hubo cu\u00f3rum para contratar un viaje. Se har\u00e1 otro anuncio a fines de octubre.<\/li>\n\n\n\n<li>Chip Entel: falta eliminar el n\u00famero de Movistar y hacer la portabilidad al nuevo chip de ENTEL con un plan.<\/li>\n\n\n\n<li>Proyecto de ruta al Barco: pendiente nueva reuni\u00f3n de AdS con vecino Crozier<\/li>\n\n\n\n<li>Contribuciones: la Municipalidad va a mandar una ordenanza en la que aclarar\u00e1 sobre los cobros y el retiro de basura. No hay avance.<\/li>\n\n\n\n<li>Junta de vecinos del Tunqu\u00e9n: pendiente por parte de CT y OR.<\/li>\n\n\n\n<li>Sistema de backup del port\u00f3n: Giovanni diagnostic\u00f3 que las bater\u00edas est\u00e1n muy viejas. Se inform\u00f3 a los Rojas. JW propone sacar 2 bater\u00edas que est\u00e1n malas y dejar 2 que est\u00e1n buenas. No es aconsejable juntar bater\u00edas viejas con nuevas. JW hablar\u00e1 con Giovanni.<\/li>\n\n\n\n<li>JW prepar\u00f3 un informe de actividades del tiempo transcurrido desde la \u00faltima asamblea. Se usar\u00e1 el mismo lay out del informe anterior.<\/li>\n\n\n\n<li>Caminos: est\u00e1n listos los arreglos. Solo falta rebajar lomos de toro. Falta sacar los letreros de los lomos de toro que no corresponden (OR). Del presupuesto de 6,5 MM para caminos hemos gastado casi 8 MM (lo que fue aprobado por la directiva). Esto se financi\u00f3 con el ahorro en el retiro de basura. Falta arreglar el Vado. JW hace ver que algunas zanjas de evacuaci\u00f3n son profundas y significan un riesgo de quedar pegado. Hay que buscar alguna soluci\u00f3n para mejorar eso. CT va a marcar los lugares m\u00e1s riesgosos.<\/li>\n\n\n\n<li>Porter\u00eda: OR buscar\u00e1 el texto (correo con Ver\u00f3nica) del acuerdo que se hizo originalmente.<\/li>\n\n\n\n<li>Retiro de docas: est\u00e1n avanzando en el retiro de docas en la playa. Se contrat\u00f3 a Victor M\u00e9ndez y Matias Sandoval ($ 280.000).<\/li>\n\n\n\n<li>Poda de pinos en acceso de bajadas: ocupan parte importante de los estacionamientos. B\u00e1sicamente se da junto a las casas de Alvaro Garc\u00eda y Oscar Mu\u00f1oz. JW y OR revisar\u00e1n el estado\u00a0 actual.<\/li>\n\n\n\n<li>Botiqu\u00edn porter\u00eda: OR lo va a revisar por si hay remedios vencidos (y reponerlos). Despu\u00e9s mandaremos un comunicado diciendo qu\u00e9 contiene y explicando que est\u00e1 disponible para todos.<\/li>\n<\/ol>\n","protected":false},"excerpt":{"rendered":"<p>Asisten: Andr\u00e9s de la Sotta, J\u00fcrgen Weller, Carolina Torrej\u00f3n, Jonny Heiss, Oscar Riffo, Sonia Fuentealba,<\/p>\n","protected":false},"author":2,"featured_media":0,"parent":0,"menu_order":0,"comment_status":"closed","ping_status":"closed","template":"","meta":{"_kad_post_transparent":"","_kad_post_title":"","_kad_post_layout":"","_kad_post_sidebar_id":"","_kad_post_content_style":"","_kad_post_vertical_padding":"","_kad_post_feature":"","_kad_post_feature_position":"","_kad_post_header":false,"_kad_post_footer":false,"_kad_post_classname":"","footnotes":""},"class_list":["post-1975","page","type-page","status-publish","hentry"],"_links":{"self":[{"href":"https:\/\/puntadelgallo.cl\/index.php\/wp-json\/wp\/v2\/pages\/1975","targetHints":{"allow":["GET"]}}],"collection":[{"href":"https:\/\/puntadelgallo.cl\/index.php\/wp-json\/wp\/v2\/pages"}],"about":[{"href":"https:\/\/puntadelgallo.cl\/index.php\/wp-json\/wp\/v2\/types\/page"}],"author":[{"embeddable":true,"href":"https:\/\/puntadelgallo.cl\/index.php\/wp-json\/wp\/v2\/users\/2"}],"replies":[{"embeddable":true,"href":"https:\/\/puntadelgallo.cl\/index.php\/wp-json\/wp\/v2\/comments?post=1975"}],"version-history":[{"count":1,"href":"https:\/\/puntadelgallo.cl\/index.php\/wp-json\/wp\/v2\/pages\/1975\/revisions"}],"predecessor-version":[{"id":1976,"href":"https:\/\/puntadelgallo.cl\/index.php\/wp-json\/wp\/v2\/pages\/1975\/revisions\/1976"}],"wp:attachment":[{"href":"https:\/\/puntadelgallo.cl\/index.php\/wp-json\/wp\/v2\/media?parent=1975"}],"curies":[{"name":"wp","href":"https:\/\/api.w.org\/{rel}","templated":true}]}}