{"id":2068,"date":"2026-02-06T18:12:57","date_gmt":"2026-02-06T22:12:57","guid":{"rendered":"https:\/\/puntadelgallo.cl\/?page_id=2068"},"modified":"2026-02-09T15:37:12","modified_gmt":"2026-02-09T19:37:12","slug":"flyers","status":"publish","type":"page","link":"https:\/\/puntadelgallo.cl\/index.php\/flyers\/","title":{"rendered":"Flyers"},"content":{"rendered":"\n<p>Distribuir flyers o volantes sigue siendo una estrategia importante para una organizaci\u00f3n comunitaria como nuestra <strong>OCF Punta del Gallo<\/strong>, ya que permite romper la barrera digital y asegurar que la informaci\u00f3n llegue a todos.<\/p>\n\n\n\n<p>Las razones principales para usar Flyers son:<\/p>\n\n\n\n<h3 class=\"wp-block-heading\">1. Alcance Universal y Democr\u00e1tico<\/h3>\n\n\n\n<p>No todos los socios o vecinos est\u00e1n conectados a las redes sociales o revisan su correo electr\u00f3nico con frecuencia. El volante asegura que el mensaje llegue <strong>directamente a sus manos<\/strong>.<\/p>\n\n\n\n<h3 class=\"wp-block-heading\">2. Presencia F\u00edsica y Recordatorio Visual<\/h3>\n\n\n\n<p>A diferencia de un mensaje de WhatsApp que se pierde r\u00e1pidamente en el chat, un flyer f\u00edsico suele quedar sobre una mesa, pegado en un refrigerador o en un tablero de anuncios. Esta <strong>permanencia f\u00edsica<\/strong> act\u00faa como un recordatorio constante de las actividades o acuerdos de la OCF.<\/p>\n\n\n\n<p>Aqui podr\u00e1s ver los Flyers m\u00e1s recientes que se han distribuido.<\/p>\n\n\n\n<div class=\"wp-block-columns is-layout-flex wp-container-core-columns-is-layout-9d6595d7 wp-block-columns-is-layout-flex\">\n<div class=\"wp-block-column is-layout-flow wp-block-column-is-layout-flow\"><style>.wp-block-kadence-advancedbtn.kb-btns2068_f5c51f-82{gap:var(--global-kb-gap-xs, 0.5rem );justify-content:center;align-items:center;}.kt-btns2068_f5c51f-82 .kt-button{font-weight:normal;font-style:normal;}.kt-btns2068_f5c51f-82 .kt-btn-wrap-0{margin-right:5px;}.wp-block-kadence-advancedbtn.kt-btns2068_f5c51f-82 .kt-btn-wrap-0 .kt-button{color:#555555;border-color:#555555;}.wp-block-kadence-advancedbtn.kt-btns2068_f5c51f-82 .kt-btn-wrap-0 .kt-button:hover, .wp-block-kadence-advancedbtn.kt-btns2068_f5c51f-82 .kt-btn-wrap-0 .kt-button:focus{color:#ffffff;border-color:#444444;}.wp-block-kadence-advancedbtn.kt-btns2068_f5c51f-82 .kt-btn-wrap-0 .kt-button::before{display:none;}.wp-block-kadence-advancedbtn.kt-btns2068_f5c51f-82 .kt-btn-wrap-0 .kt-button:hover, .wp-block-kadence-advancedbtn.kt-btns2068_f5c51f-82 .kt-btn-wrap-0 .kt-button:focus{background:#444444;}<\/style>\n<div class=\"wp-block-kadence-advancedbtn kb-buttons-wrap kb-btns2068_f5c51f-82\"><style>ul.menu .wp-block-kadence-advancedbtn .kb-btn2068_31a119-4c.kb-button{width:initial;}<\/style><a class=\"kb-button kt-button button kb-btn2068_31a119-4c kt-btn-size-standard kt-btn-width-type-auto kb-btn-global-fill  kt-btn-has-text-true kt-btn-has-svg-false  wp-block-kadence-singlebtn\" href=\"https:\/\/puntadelgallo.cl\/index.php\/flyer-verano-2026\/\"><span class=\"kt-btn-inner-text\">Flyer verano 2026<\/span><\/a><\/div>\n<\/div>\n\n\n\n<div class=\"wp-block-column is-layout-flow wp-block-column-is-layout-flow\"><style>.wp-block-kadence-advancedbtn.kb-btns2068_b3a6b0-52{gap:var(--global-kb-gap-xs, 0.5rem );justify-content:center;align-items:center;}.kt-btns2068_b3a6b0-52 .kt-button{font-weight:normal;font-style:normal;}.kt-btns2068_b3a6b0-52 .kt-btn-wrap-0{margin-right:5px;}.wp-block-kadence-advancedbtn.kt-btns2068_b3a6b0-52 .kt-btn-wrap-0 .kt-button{color:#555555;border-color:#555555;}.wp-block-kadence-advancedbtn.kt-btns2068_b3a6b0-52 .kt-btn-wrap-0 .kt-button:hover, .wp-block-kadence-advancedbtn.kt-btns2068_b3a6b0-52 .kt-btn-wrap-0 .kt-button:focus{color:#ffffff;border-color:#444444;}.wp-block-kadence-advancedbtn.kt-btns2068_b3a6b0-52 .kt-btn-wrap-0 .kt-button::before{display:none;}.wp-block-kadence-advancedbtn.kt-btns2068_b3a6b0-52 .kt-btn-wrap-0 .kt-button:hover, .wp-block-kadence-advancedbtn.kt-btns2068_b3a6b0-52 .kt-btn-wrap-0 .kt-button:focus{background:#444444;}<\/style>\n<div class=\"wp-block-kadence-advancedbtn kb-buttons-wrap kb-btns2068_b3a6b0-52\"><style>ul.menu .wp-block-kadence-advancedbtn .kb-btn2068_d04eb3-d9.kb-button{width:initial;}<\/style><a class=\"kb-button kt-button button kb-btn2068_d04eb3-d9 kt-btn-size-standard kt-btn-width-type-auto kb-btn-global-fill  kt-btn-has-text-true kt-btn-has-svg-false  wp-block-kadence-singlebtn\" href=\"https:\/\/puntadelgallo.cl\/index.php\/flyer-reciclaje-2026\/\"><span class=\"kt-btn-inner-text\">Flyer Reciclaje 2026<\/span><\/a><\/div>\n<\/div>\n\n\n\n<div class=\"wp-block-column is-layout-flow wp-block-column-is-layout-flow\"><style>.wp-block-kadence-advancedbtn.kb-btns2068_69b0b8-77{gap:var(--global-kb-gap-xs, 0.5rem );justify-content:center;align-items:center;}.kt-btns2068_69b0b8-77 .kt-button{font-weight:normal;font-style:normal;}.kt-btns2068_69b0b8-77 .kt-btn-wrap-0{margin-right:5px;}.wp-block-kadence-advancedbtn.kt-btns2068_69b0b8-77 .kt-btn-wrap-0 .kt-button{color:#555555;border-color:#555555;}.wp-block-kadence-advancedbtn.kt-btns2068_69b0b8-77 .kt-btn-wrap-0 .kt-button:hover, .wp-block-kadence-advancedbtn.kt-btns2068_69b0b8-77 .kt-btn-wrap-0 .kt-button:focus{color:#ffffff;border-color:#444444;}.wp-block-kadence-advancedbtn.kt-btns2068_69b0b8-77 .kt-btn-wrap-0 .kt-button::before{display:none;}.wp-block-kadence-advancedbtn.kt-btns2068_69b0b8-77 .kt-btn-wrap-0 .kt-button:hover, .wp-block-kadence-advancedbtn.kt-btns2068_69b0b8-77 .kt-btn-wrap-0 .kt-button:focus{background:#444444;}<\/style>\n<div class=\"wp-block-kadence-advancedbtn kb-buttons-wrap kb-btns2068_69b0b8-77\"><style>ul.menu .wp-block-kadence-advancedbtn .kb-btn2068_ca3101-80.kb-button{width:initial;}<\/style><a class=\"kb-button kt-button button kb-btn2068_ca3101-80 kt-btn-size-standard kt-btn-width-type-auto kb-btn-global-fill  kt-btn-has-text-true kt-btn-has-svg-false  wp-block-kadence-singlebtn\" href=\"https:\/\/puntadelgallo.cl\/index.php\/flyer-mascotas-2025\/\"><span class=\"kt-btn-inner-text\">Flyer Mascotas 2026<\/span><\/a><\/div>\n<\/div>\n<\/div>\n\n\n\n<div class=\"wp-block-columns is-layout-flex wp-container-core-columns-is-layout-9d6595d7 wp-block-columns-is-layout-flex\">\n<div class=\"wp-block-column is-layout-flow wp-block-column-is-layout-flow\"><style>.wp-block-kadence-advancedbtn.kb-btns2068_5167ec-d7{gap:var(--global-kb-gap-xs, 0.5rem );justify-content:center;align-items:center;}.kt-btns2068_5167ec-d7 .kt-button{font-weight:normal;font-style:normal;}.kt-btns2068_5167ec-d7 .kt-btn-wrap-0{margin-right:5px;}.wp-block-kadence-advancedbtn.kt-btns2068_5167ec-d7 .kt-btn-wrap-0 .kt-button{color:#555555;border-color:#555555;}.wp-block-kadence-advancedbtn.kt-btns2068_5167ec-d7 .kt-btn-wrap-0 .kt-button:hover, .wp-block-kadence-advancedbtn.kt-btns2068_5167ec-d7 .kt-btn-wrap-0 .kt-button:focus{color:#ffffff;border-color:#444444;}.wp-block-kadence-advancedbtn.kt-btns2068_5167ec-d7 .kt-btn-wrap-0 .kt-button::before{display:none;}.wp-block-kadence-advancedbtn.kt-btns2068_5167ec-d7 .kt-btn-wrap-0 .kt-button:hover, .wp-block-kadence-advancedbtn.kt-btns2068_5167ec-d7 .kt-btn-wrap-0 .kt-button:focus{background:#444444;}<\/style>\n<div class=\"wp-block-kadence-advancedbtn kb-buttons-wrap kb-btns2068_5167ec-d7\"><style>ul.menu .wp-block-kadence-advancedbtn .kb-btn2068_4aa551-79.kb-button{width:initial;}<\/style><a class=\"kb-button kt-button button kb-btn2068_4aa551-79 kt-btn-size-standard kt-btn-width-type-auto kb-btn-global-fill  kt-btn-has-text-true kt-btn-has-svg-false  wp-block-kadence-singlebtn\" href=\"https:\/\/puntadelgallo.cl\/index.php\/flyer-prevencion-de-incendios-2026\/\"><span class=\"kt-btn-inner-text\">Flyer prevenci\u00f3n incendios 2026<\/span><\/a><\/div>\n<\/div>\n\n\n\n<div class=\"wp-block-column is-layout-flow wp-block-column-is-layout-flow\"><\/div>\n\n\n\n<div class=\"wp-block-column is-layout-flow wp-block-column-is-layout-flow\"><\/div>\n<\/div>\n\n\n\n<p><\/p>\n","protected":false},"excerpt":{"rendered":"<p>Distribuir flyers o volantes sigue siendo una estrategia importante para una organizaci\u00f3n comunitaria como nuestra OCF Punta del Gallo, ya que permite romper la barrera digital y asegurar que la informaci\u00f3n llegue a todos. Las razones principales para usar Flyers son: 1. Alcance Universal y Democr\u00e1tico No todos los socios o vecinos est\u00e1n conectados a&#8230;<\/p>\n","protected":false},"author":2,"featured_media":0,"parent":0,"menu_order":0,"comment_status":"closed","ping_status":"closed","template":"","meta":{"_kad_post_transparent":"","_kad_post_title":"","_kad_post_layout":"","_kad_post_sidebar_id":"","_kad_post_content_style":"","_kad_post_vertical_padding":"","_kad_post_feature":"","_kad_post_feature_position":"","_kad_post_header":false,"_kad_post_footer":false,"_kad_post_classname":"","footnotes":""},"class_list":["post-2068","page","type-page","status-publish","hentry"],"_links":{"self":[{"href":"https:\/\/puntadelgallo.cl\/index.php\/wp-json\/wp\/v2\/pages\/2068","targetHints":{"allow":["GET"]}}],"collection":[{"href":"https:\/\/puntadelgallo.cl\/index.php\/wp-json\/wp\/v2\/pages"}],"about":[{"href":"https:\/\/puntadelgallo.cl\/index.php\/wp-json\/wp\/v2\/types\/page"}],"author":[{"embeddable":true,"href":"https:\/\/puntadelgallo.cl\/index.php\/wp-json\/wp\/v2\/users\/2"}],"replies":[{"embeddable":true,"href":"https:\/\/puntadelgallo.cl\/index.php\/wp-json\/wp\/v2\/comments?post=2068"}],"version-history":[{"count":9,"href":"https:\/\/puntadelgallo.cl\/index.php\/wp-json\/wp\/v2\/pages\/2068\/revisions"}],"predecessor-version":[{"id":2096,"href":"https:\/\/puntadelgallo.cl\/index.php\/wp-json\/wp\/v2\/pages\/2068\/revisions\/2096"}],"wp:attachment":[{"href":"https:\/\/puntadelgallo.cl\/index.php\/wp-json\/wp\/v2\/media?parent=2068"}],"curies":[{"name":"wp","href":"https:\/\/api.w.org\/{rel}","templated":true}]}}