{"id":223,"date":"2023-06-17T00:40:41","date_gmt":"2023-06-17T04:40:41","guid":{"rendered":"http:\/\/puntadelgallo.cl\/?page_id=223"},"modified":"2025-10-24T18:11:38","modified_gmt":"2025-10-24T22:11:38","slug":"fauna-y-flora","status":"publish","type":"page","link":"https:\/\/puntadelgallo.cl\/index.php\/fauna-y-flora\/","title":{"rendered":"Fauna y flora"},"content":{"rendered":"\n<div class=\"wp-block-columns is-layout-flex wp-container-core-columns-is-layout-9d6595d7 wp-block-columns-is-layout-flex\">\n<div class=\"wp-block-column is-layout-flow wp-block-column-is-layout-flow\">\n<figure class=\"wp-block-image size-large\"><img loading=\"lazy\" decoding=\"async\" width=\"1024\" height=\"768\" src=\"http:\/\/puntadelgallo.cl\/wp-content\/uploads\/2023\/06\/gaviotas-1-1024x768.jpg\" alt=\"\" class=\"wp-image-230\" srcset=\"https:\/\/puntadelgallo.cl\/wp-content\/uploads\/2023\/06\/gaviotas-1-1024x768.jpg 1024w, https:\/\/puntadelgallo.cl\/wp-content\/uploads\/2023\/06\/gaviotas-1-300x225.jpg 300w, https:\/\/puntadelgallo.cl\/wp-content\/uploads\/2023\/06\/gaviotas-1-768x576.jpg 768w, https:\/\/puntadelgallo.cl\/wp-content\/uploads\/2023\/06\/gaviotas-1-1536x1152.jpg 1536w, https:\/\/puntadelgallo.cl\/wp-content\/uploads\/2023\/06\/gaviotas-1-2048x1536.jpg 2048w\" sizes=\"auto, (max-width: 1024px) 100vw, 1024px\" \/><\/figure>\n\n\n\n<p>En relaci\u00f3n con el tema de extracci\u00f3n de recursos mar\u00edtimos, SERNAPESACA informa lo siguiente:<\/p>\n\n\n\n<p>Cualquier pescador, recolector artesanal o buzo puede extraer recursos marinos sin problemas, siempre que ellas\/os tengan su n\u00famero de inscripci\u00f3n vigente en Sernapesca. Esto, puede corroborarse en la&nbsp;<a href=\"http:\/\/prod.registropublico.sernapesca.cl\/reportes\/regpescadores_publico\/index.php\" target=\"_blank\" rel=\"noreferrer noopener\">Web de Sernapesca<\/a>. En caso de dudas, se puede llamar a Denuncias y Fiscalizaci\u00f3n de Sernapesca y acudir\u00e1n a fiscalizar.<\/p>\n\n\n\n<ul class=\"wp-block-list\">\n<li>El n\u00famero de Sernapesca es el\u00a0<strong>800 320 032<\/strong>. El n\u00famero de Denuncias y Fiscalizaci\u00f3n de Sernapesca es el\u00a0<strong>+56 9 7966 2465<\/strong>.<\/li>\n\n\n\n<li>No existe una cuota de extracci\u00f3n (vigente) para erizos.<\/li>\n\n\n\n<li>Existen cuotas de extracci\u00f3n para ciertas especies, de acuerdo a las vedas vigentes, las que pueden ser consultadas en la p\u00e1gina de Sernapesca.<\/li>\n\n\n\n<li>La administraci\u00f3n no puede realizar fiscalizaciones a pescadores o recolectores, sin embargo, s\u00ed puede llamar a \u201cDenuncias y Fiscalizaci\u00f3n\u201d, as\u00ed como tambi\u00e9n cualquier vecina\/o.\u201d<\/li>\n<\/ul>\n<\/div>\n\n\n\n<div class=\"wp-block-column is-layout-flow wp-block-column-is-layout-flow\">\n<p>Nos corresponde a nosotros como comunidad regular y mantener el equilibrio de la zona borde mar. No se protege lo que no se quiere. La invitaci\u00f3n es a aumentar el cari\u00f1o por la naturaleza, informarse de las especies de flora y fauna de Punta del Gallo, reconocer su comportamiento a trav\u00e9s de la observaci\u00f3n, respetando siempre los espacios de circulaci\u00f3n y evitar la intervenci\u00f3n poco meditada en este sutil equilibrio de la naturaleza.<\/p>\n\n\n\n<figure class=\"wp-block-image size-large is-resized\"><img loading=\"lazy\" decoding=\"async\" width=\"768\" height=\"1024\" src=\"http:\/\/puntadelgallo.cl\/wp-content\/uploads\/2023\/06\/Foto-de-Patricio-768x1024.jpeg\" alt=\"\" class=\"wp-image-232\" style=\"width:590px;height:auto\" srcset=\"https:\/\/puntadelgallo.cl\/wp-content\/uploads\/2023\/06\/Foto-de-Patricio-768x1024.jpeg 768w, https:\/\/puntadelgallo.cl\/wp-content\/uploads\/2023\/06\/Foto-de-Patricio-225x300.jpeg 225w, https:\/\/puntadelgallo.cl\/wp-content\/uploads\/2023\/06\/Foto-de-Patricio.jpeg 960w\" sizes=\"auto, (max-width: 768px) 100vw, 768px\" \/><\/figure>\n<\/div>\n<\/div>\n\n\n\n<div class=\"wp-block-columns is-layout-flex wp-container-core-columns-is-layout-9d6595d7 wp-block-columns-is-layout-flex\">\n<div class=\"wp-block-column is-layout-flow wp-block-column-is-layout-flow\" style=\"flex-basis:33.33%\">\n<p>\u200b<\/p>\n\n\n\n<p><\/p>\n<\/div>\n<\/div>\n","protected":false},"excerpt":{"rendered":"<p>En relaci\u00f3n con el tema de extracci\u00f3n de recursos mar\u00edtimos, SERNAPESACA informa lo siguiente: Cualquier pescador, recolector artesanal o buzo puede extraer recursos marinos sin problemas, siempre que ellas\/os tengan su n\u00famero de inscripci\u00f3n vigente en Sernapesca. Esto, puede corroborarse en la&nbsp;Web de Sernapesca. En caso de dudas, se puede llamar a Denuncias y Fiscalizaci\u00f3n&#8230;<\/p>\n","protected":false},"author":2,"featured_media":0,"parent":0,"menu_order":0,"comment_status":"closed","ping_status":"closed","template":"","meta":{"_kad_post_transparent":"","_kad_post_title":"","_kad_post_layout":"","_kad_post_sidebar_id":"","_kad_post_content_style":"","_kad_post_vertical_padding":"","_kad_post_feature":"","_kad_post_feature_position":"","_kad_post_header":false,"_kad_post_footer":false,"_kad_post_classname":"","footnotes":""},"class_list":["post-223","page","type-page","status-publish","hentry"],"_links":{"self":[{"href":"https:\/\/puntadelgallo.cl\/index.php\/wp-json\/wp\/v2\/pages\/223","targetHints":{"allow":["GET"]}}],"collection":[{"href":"https:\/\/puntadelgallo.cl\/index.php\/wp-json\/wp\/v2\/pages"}],"about":[{"href":"https:\/\/puntadelgallo.cl\/index.php\/wp-json\/wp\/v2\/types\/page"}],"author":[{"embeddable":true,"href":"https:\/\/puntadelgallo.cl\/index.php\/wp-json\/wp\/v2\/users\/2"}],"replies":[{"embeddable":true,"href":"https:\/\/puntadelgallo.cl\/index.php\/wp-json\/wp\/v2\/comments?post=223"}],"version-history":[{"count":7,"href":"https:\/\/puntadelgallo.cl\/index.php\/wp-json\/wp\/v2\/pages\/223\/revisions"}],"predecessor-version":[{"id":1950,"href":"https:\/\/puntadelgallo.cl\/index.php\/wp-json\/wp\/v2\/pages\/223\/revisions\/1950"}],"wp:attachment":[{"href":"https:\/\/puntadelgallo.cl\/index.php\/wp-json\/wp\/v2\/media?parent=223"}],"curies":[{"name":"wp","href":"https:\/\/api.w.org\/{rel}","templated":true}]}}