{"id":234,"date":"2023-06-17T00:50:18","date_gmt":"2023-06-17T04:50:18","guid":{"rendered":"http:\/\/puntadelgallo.cl\/?page_id=234"},"modified":"2025-10-24T18:15:21","modified_gmt":"2025-10-24T22:15:21","slug":"seguridad","status":"publish","type":"page","link":"https:\/\/puntadelgallo.cl\/index.php\/seguridad\/","title":{"rendered":"Seguridad"},"content":{"rendered":"\n<div class=\"wp-block-columns is-layout-flex wp-container-core-columns-is-layout-9d6595d7 wp-block-columns-is-layout-flex\">\n<div class=\"wp-block-column is-layout-flow wp-block-column-is-layout-flow\" style=\"flex-basis:66.66%\">\n<p>En Punta del Gallo aumentan cada d\u00eda los lazos interpersonales, dando origen a peque\u00f1as pero poderosas redes de atenci\u00f3n y apoyo, las que permiten compartir ideas, recursos y amistad entre vecinas y vecinos de la comunidad. Prestamos atenci\u00f3n unos a otros, aumentando el bienestar de todos los que componen la comunidad.<br>Intentamos cerrar la puerta a los robos, minimizando las posibilidades de que estos eventos ocurran, tanto a trav\u00e9s de mayores medidas de\u00a0seguridad\u00a0y control en porter\u00eda (<a href=\"http:\/\/puntadelgallo.cl\/index.php\/porteria\/\" data-type=\"page\" data-id=\"49\">ver m\u00e1s sobre porter\u00eda<\/a>), como tambi\u00e9n facilitando el patrullaje comunitario entre vecinos.<br>Sin embargo la mayor medida de\u00a0seguridad\u00a0<strong>es una red de vecinos comunicados y dispuestos a colaborar con los dem\u00e1s.<\/strong><\/p>\n\n\n\n<p>La invitaci\u00f3n a la comunidad es a \u201cno bajar la guardia\u201d y continuar con el autocuidado entre los vecinos con nuestro plan \u201d Luz, c\u00e1mara, \u00a1acci\u00f3n! \u201c, el que busca crear un plan de contingencia que permita estar informados, adem\u00e1s de tener pol\u00edticas de reacci\u00f3n y medidas de prevenci\u00f3n ante los delitos. Algunas medidas importantes a considerar, son:<\/p>\n\n\n\n<ul class=\"wp-block-list\">\n<li>Habilitar luces led con sensor de movimiento nocturno en casas y sitios.<\/li>\n\n\n\n<li>Instalaci\u00f3n de c\u00e1maras domiciliarias de bajo costo, capaces de avisar a tel\u00e9fonos m\u00f3viles<\/li>\n\n\n\n<li>Avisar v\u00eda WhatsApp o telef\u00f3nicamente a vecinas\/os, administraci\u00f3n o porter\u00eda acerca de movimientos extra\u00f1os o sospechosos.<\/li>\n\n\n\n<li>Revisar y reforzar accesos, puertas y ventanas.<\/li>\n\n\n\n<li>Evitar dejar elementos que permitan transportar art\u00edculos (carretillas, basureros, entre otros)<\/li>\n<\/ul>\n<\/div>\n\n\n\n<div class=\"wp-block-column is-layout-flow wp-block-column-is-layout-flow\" style=\"flex-basis:33.33%\">\n<figure class=\"wp-block-image size-full\"><img loading=\"lazy\" decoding=\"async\" width=\"441\" height=\"439\" src=\"http:\/\/puntadelgallo.cl\/wp-content\/uploads\/2023\/06\/Seguridad.png\" alt=\"\" class=\"wp-image-235\" srcset=\"https:\/\/puntadelgallo.cl\/wp-content\/uploads\/2023\/06\/Seguridad.png 441w, https:\/\/puntadelgallo.cl\/wp-content\/uploads\/2023\/06\/Seguridad-300x300.png 300w, https:\/\/puntadelgallo.cl\/wp-content\/uploads\/2023\/06\/Seguridad-150x150.png 150w\" sizes=\"auto, (max-width: 441px) 100vw, 441px\" \/><\/figure>\n<\/div>\n<\/div>\n","protected":false},"excerpt":{"rendered":"<p>En Punta del Gallo aumentan cada d\u00eda los lazos interpersonales, dando origen a peque\u00f1as pero poderosas redes de atenci\u00f3n y apoyo, las que permiten compartir ideas, recursos y amistad entre vecinas y vecinos de la comunidad. Prestamos atenci\u00f3n unos a otros, aumentando el bienestar de todos los que componen la comunidad.Intentamos cerrar la puerta a&#8230;<\/p>\n","protected":false},"author":2,"featured_media":0,"parent":0,"menu_order":0,"comment_status":"closed","ping_status":"closed","template":"","meta":{"_kad_post_transparent":"","_kad_post_title":"","_kad_post_layout":"","_kad_post_sidebar_id":"","_kad_post_content_style":"","_kad_post_vertical_padding":"","_kad_post_feature":"","_kad_post_feature_position":"","_kad_post_header":false,"_kad_post_footer":false,"_kad_post_classname":"","footnotes":""},"class_list":["post-234","page","type-page","status-publish","hentry"],"_links":{"self":[{"href":"https:\/\/puntadelgallo.cl\/index.php\/wp-json\/wp\/v2\/pages\/234","targetHints":{"allow":["GET"]}}],"collection":[{"href":"https:\/\/puntadelgallo.cl\/index.php\/wp-json\/wp\/v2\/pages"}],"about":[{"href":"https:\/\/puntadelgallo.cl\/index.php\/wp-json\/wp\/v2\/types\/page"}],"author":[{"embeddable":true,"href":"https:\/\/puntadelgallo.cl\/index.php\/wp-json\/wp\/v2\/users\/2"}],"replies":[{"embeddable":true,"href":"https:\/\/puntadelgallo.cl\/index.php\/wp-json\/wp\/v2\/comments?post=234"}],"version-history":[{"count":4,"href":"https:\/\/puntadelgallo.cl\/index.php\/wp-json\/wp\/v2\/pages\/234\/revisions"}],"predecessor-version":[{"id":1952,"href":"https:\/\/puntadelgallo.cl\/index.php\/wp-json\/wp\/v2\/pages\/234\/revisions\/1952"}],"wp:attachment":[{"href":"https:\/\/puntadelgallo.cl\/index.php\/wp-json\/wp\/v2\/media?parent=234"}],"curies":[{"name":"wp","href":"https:\/\/api.w.org\/{rel}","templated":true}]}}