{"id":246,"date":"2023-06-17T01:10:22","date_gmt":"2023-06-17T05:10:22","guid":{"rendered":"http:\/\/puntadelgallo.cl\/?page_id=246"},"modified":"2025-10-24T19:22:46","modified_gmt":"2025-10-24T23:22:46","slug":"finanzas-2","status":"publish","type":"page","link":"https:\/\/puntadelgallo.cl\/index.php\/finanzas-2\/","title":{"rendered":"Gesti\u00f3n financiera"},"content":{"rendered":"\n<div class=\"wp-block-columns is-layout-flex wp-container-core-columns-is-layout-9d6595d7 wp-block-columns-is-layout-flex\">\n<div class=\"wp-block-column is-layout-flow wp-block-column-is-layout-flow\" style=\"flex-basis:33.33%\">\n<figure class=\"wp-block-image size-full is-resized\"><img loading=\"lazy\" decoding=\"async\" width=\"588\" height=\"588\" src=\"http:\/\/puntadelgallo.cl\/wp-content\/uploads\/2023\/06\/chanchito.png\" alt=\"\" class=\"wp-image-247\" style=\"width:345px;height:345px\" srcset=\"https:\/\/puntadelgallo.cl\/wp-content\/uploads\/2023\/06\/chanchito.png 588w, https:\/\/puntadelgallo.cl\/wp-content\/uploads\/2023\/06\/chanchito-300x300.png 300w, https:\/\/puntadelgallo.cl\/wp-content\/uploads\/2023\/06\/chanchito-150x150.png 150w\" sizes=\"auto, (max-width: 588px) 100vw, 588px\" \/><\/figure>\n\n\n\n<p>Nos hemos afiliado a un servicio denominado &#8220;Comunidad feliz&#8221;. <\/p>\n\n\n\n<p>Si quieres pagar, puedes hacerlo <a href=\"https:\/\/app.comunidadfeliz.com\/pago_facil\">aqu\u00ed<\/a>.<\/p>\n\n\n\n<p>Si quieres hacer una transferencia, aqu\u00ed van los datos: <br>Nombre: Comunidad Punta del Gallo<br>Banco: Santander<br>Cuenta corriente N\u00b0 69105270<br>RUT: 65.099.633-K<br>Correo: tesoreriapuntadelgallo@gmail.com<br><br>Agradecemos enviar el comprobante de la transferencia al correo indicado.<\/p>\n<\/div>\n\n\n\n<div class=\"wp-block-column is-layout-flow wp-block-column-is-layout-flow\" style=\"flex-basis:66.66%\">\n<p><strong>\u00bfComo se gestionan las finanzas de la comunidad?<\/strong><br>La OCF posee una <strong>Directiva <\/strong>con 3 miembros titulares y 3 suplentes, encabezado por un Presidente,  la que es elegida cada 3 a\u00f1os por la asamblea de vecinos.<\/p>\n\n\n\n<p>\u2022&nbsp;\u00bf<strong>Quien maneja el dinero?&nbsp;<\/strong><br>Tenemos un comit\u00e9 que toma las decisiones financieras, encabezado por un director(a), que posee el cargo de Tesorero (a) de la OCF.<\/p>\n\n\n\n<p><strong>\u2022\u00a0 \u00bfCuales son los principales destinos de los fondos recaudados?<\/strong><br>El dinero se ocupa b\u00e1sicamente en tres rubros:<br>1)\u00a0<strong>Operaci\u00f3n cotidiana:<\/strong>\u00a0son gastos que se repiten peri\u00f3dicamente, como las remuneraciones de porter\u00eda y administraci\u00f3n y el pago de leyes sociales.<br><strong>2) Mantenci\u00f3n:\u00a0<\/strong>Incluye los gastos necesarios para mantener en buena forma los caminos, las canalizaciones de aguas lluvias, las escalas de bajada a la playa, la reparaci\u00f3n de letreros, eventuales arreglos de port\u00f3n\u00a0el\u00e9ctrico, mejoras al centro de reciclaje, etc.<br><strong>3) Proyectos:\u00a0<\/strong>Surgen de necesidades que se acuerdan en forma consensuada con los vecinos y son de diversa naturaleza, desde las escalas para bajar a la playa, la construcci\u00f3n\u00a0del centro de reciclaje y acopio de basura, la instalaci\u00f3n\u00a0de letreros, etc.<br><br>\u2022\u00a0<strong>Importancia de estar al d\u00eda con sus pagos<\/strong><br>Como se puede apreciar, el dinero es necesario para poder mantener la operaci\u00f3n de la comunidad.\u00a0<br>La conservaci\u00f3n y cuidado de este lugar privilegiado es responsabilidad de todos: recuerda pagar los gastos comunes puntualmente para poder seguir disfrut\u00e1ndolo.<br>Las cuotas\u00a0son de <strong>$ 485.000<\/strong> al a\u00f1o por cada casa y\u00a0<strong>$100.000\u00a0<\/strong>al a\u00f1o por cada sitio vac\u00edo.<br>La forma de pago es flexible, en el sentido de que algunos prefieren pagar mensualmente, otros anualmente y otros en modos intermedios. <br>La modalidad de pago de las cuotas en cada caso es la siguiente:<\/p>\n\n\n\n<ul class=\"wp-block-list\">\n<li>Idealmente mensual<\/li>\n\n\n\n<li>Trimestral con pago al inicio del trimestre (Marzo, Junio, Septiembre, Diciembre) a fin de que coincida con nuestros ciclos de cierre anual OCF<\/li>\n\n\n\n<li>Semestralmente con pago al inicio del semestre (Marzo, Septiembre)<\/li>\n\n\n\n<li>Anualizado con pago al inicio del a\u00f1o (Marzo)<\/li>\n<\/ul>\n\n\n\n<p>Estos pagos pueden realizarse v\u00eda: <br>* Transferencia Bancaria a cuenta indicada (no existe cobro adicional), o bien<br>* Via Comunidad Feliz en <a href=\"https:\/\/www.comunidadfeliz.cl\/\">https:\/\/www.comunidadfeliz.cl\/<\/a> (Considera un costo adicional al valor de la cuota por concepto de servicio de la p\u00e1gina).<\/p>\n\n\n\n<p><\/p>\n<\/div>\n<\/div>\n\n\n\n<p><\/p>\n","protected":false},"excerpt":{"rendered":"<p>Nos hemos afiliado a un servicio denominado &#8220;Comunidad feliz&#8221;. Si quieres pagar, puedes hacerlo aqu\u00ed. Si quieres hacer una transferencia, aqu\u00ed van los datos: Nombre: Comunidad Punta del GalloBanco: SantanderCuenta corriente N\u00b0 69105270RUT: 65.099.633-KCorreo: tesoreriapuntadelgallo@gmail.com Agradecemos enviar el comprobante de la transferencia al correo indicado. \u00bfComo se gestionan las finanzas de la comunidad?La OCF posee&#8230;<\/p>\n","protected":false},"author":2,"featured_media":0,"parent":0,"menu_order":0,"comment_status":"closed","ping_status":"closed","template":"","meta":{"_kad_post_transparent":"","_kad_post_title":"","_kad_post_layout":"","_kad_post_sidebar_id":"","_kad_post_content_style":"","_kad_post_vertical_padding":"","_kad_post_feature":"","_kad_post_feature_position":"","_kad_post_header":false,"_kad_post_footer":false,"_kad_post_classname":"","footnotes":""},"class_list":["post-246","page","type-page","status-publish","hentry"],"_links":{"self":[{"href":"https:\/\/puntadelgallo.cl\/index.php\/wp-json\/wp\/v2\/pages\/246","targetHints":{"allow":["GET"]}}],"collection":[{"href":"https:\/\/puntadelgallo.cl\/index.php\/wp-json\/wp\/v2\/pages"}],"about":[{"href":"https:\/\/puntadelgallo.cl\/index.php\/wp-json\/wp\/v2\/types\/page"}],"author":[{"embeddable":true,"href":"https:\/\/puntadelgallo.cl\/index.php\/wp-json\/wp\/v2\/users\/2"}],"replies":[{"embeddable":true,"href":"https:\/\/puntadelgallo.cl\/index.php\/wp-json\/wp\/v2\/comments?post=246"}],"version-history":[{"count":12,"href":"https:\/\/puntadelgallo.cl\/index.php\/wp-json\/wp\/v2\/pages\/246\/revisions"}],"predecessor-version":[{"id":1967,"href":"https:\/\/puntadelgallo.cl\/index.php\/wp-json\/wp\/v2\/pages\/246\/revisions\/1967"}],"wp:attachment":[{"href":"https:\/\/puntadelgallo.cl\/index.php\/wp-json\/wp\/v2\/media?parent=246"}],"curies":[{"name":"wp","href":"https:\/\/api.w.org\/{rel}","templated":true}]}}