{"id":26,"date":"2023-06-08T23:31:34","date_gmt":"2023-06-09T03:31:34","guid":{"rendered":"http:\/\/puntadelgallo.cl\/?page_id=26"},"modified":"2023-06-14T23:37:26","modified_gmt":"2023-06-15T03:37:26","slug":"comunidad","status":"publish","type":"page","link":"https:\/\/puntadelgallo.cl\/index.php\/comunidad\/","title":{"rendered":"Comunidad"},"content":{"rendered":"\n<p>La convivencia en Punta del Gallo es un tesoro en s\u00ed misma: a\u00fana el esp\u00edritu de cada vecino con el respeto por la naturaleza y la vida en comunidad.<br>Mucho m\u00e1s all\u00e1 de ser un dec\u00e1logo de deberes y normas, entregamos recomendaciones que nacen desde la misma comunidad y que tienen sentido cuando se logra entender el lugar privilegiado en el que aplican.<br>Encuentran su fundamento en el cuidado y aprecio por la biodiversidad, as\u00ed como tambi\u00e9n en el respeto y conciencia por quienes compartimos aqu\u00ed.<br>En Punta del Gallo se comparte una cultura comunitaria responsable por todo lo que rodea: transe\u00fantes y vecinos, flora y fauna, amistad y convivencia.<\/p>\n","protected":false},"excerpt":{"rendered":"<p>La convivencia en Punta del Gallo es un tesoro en s\u00ed misma: a\u00fana el esp\u00edritu de cada vecino con el respeto por la naturaleza y la vida en comunidad.Mucho m\u00e1s all\u00e1 de ser un dec\u00e1logo de deberes y normas, entregamos recomendaciones que nacen desde la misma comunidad y que tienen sentido cuando se logra entender&#8230;<\/p>\n","protected":false},"author":2,"featured_media":0,"parent":0,"menu_order":0,"comment_status":"closed","ping_status":"closed","template":"","meta":{"_kad_post_transparent":"","_kad_post_title":"","_kad_post_layout":"","_kad_post_sidebar_id":"","_kad_post_content_style":"","_kad_post_vertical_padding":"","_kad_post_feature":"","_kad_post_feature_position":"","_kad_post_header":false,"_kad_post_footer":false,"_kad_post_classname":"","footnotes":""},"class_list":["post-26","page","type-page","status-publish","hentry"],"_links":{"self":[{"href":"https:\/\/puntadelgallo.cl\/index.php\/wp-json\/wp\/v2\/pages\/26","targetHints":{"allow":["GET"]}}],"collection":[{"href":"https:\/\/puntadelgallo.cl\/index.php\/wp-json\/wp\/v2\/pages"}],"about":[{"href":"https:\/\/puntadelgallo.cl\/index.php\/wp-json\/wp\/v2\/types\/page"}],"author":[{"embeddable":true,"href":"https:\/\/puntadelgallo.cl\/index.php\/wp-json\/wp\/v2\/users\/2"}],"replies":[{"embeddable":true,"href":"https:\/\/puntadelgallo.cl\/index.php\/wp-json\/wp\/v2\/comments?post=26"}],"version-history":[{"count":2,"href":"https:\/\/puntadelgallo.cl\/index.php\/wp-json\/wp\/v2\/pages\/26\/revisions"}],"predecessor-version":[{"id":188,"href":"https:\/\/puntadelgallo.cl\/index.php\/wp-json\/wp\/v2\/pages\/26\/revisions\/188"}],"wp:attachment":[{"href":"https:\/\/puntadelgallo.cl\/index.php\/wp-json\/wp\/v2\/media?parent=26"}],"curies":[{"name":"wp","href":"https:\/\/api.w.org\/{rel}","templated":true}]}}