{"id":30,"date":"2023-06-08T23:32:51","date_gmt":"2023-06-09T03:32:51","guid":{"rendered":"http:\/\/puntadelgallo.cl\/?page_id=30"},"modified":"2024-07-31T23:48:59","modified_gmt":"2024-08-01T03:48:59","slug":"finanzas","status":"publish","type":"page","link":"https:\/\/puntadelgallo.cl\/index.php\/finanzas\/","title":{"rendered":"Finanzas"},"content":{"rendered":"\n<p>Las finanzas son una tema de la mayor importancia en la OCF. Las distintas directivas han mantenido la pol\u00edtica de actuar con total transparencia en el manejo de los recursos financieros. Por una parte la OCF  brinda una serie de servicios a la comunidad y por otra se encarga de reunir los fondos para financiar los gastos que se generan.<\/p>\n\n\n\n<p>En el men\u00fa se puede encontrar una p\u00e1gina en la que se detalla en foma general la <strong>Gesti\u00f3n Financiera<\/strong> y en otra las <strong>Rendiciones<\/strong>  con un detalle de los ingresos y gastos de distintos per\u00edodos.<\/p>\n","protected":false},"excerpt":{"rendered":"<p>Las finanzas son una tema de la mayor importancia en la OCF. Las distintas directivas han mantenido la pol\u00edtica de actuar con total transparencia en el manejo de los recursos financieros. Por una parte la OCF brinda una serie de servicios a la comunidad y por otra se encarga de reunir los fondos para financiar&#8230;<\/p>\n","protected":false},"author":2,"featured_media":0,"parent":0,"menu_order":0,"comment_status":"closed","ping_status":"closed","template":"","meta":{"_kad_post_transparent":"","_kad_post_title":"","_kad_post_layout":"narrow","_kad_post_sidebar_id":"","_kad_post_content_style":"","_kad_post_vertical_padding":"","_kad_post_feature":"","_kad_post_feature_position":"","_kad_post_header":false,"_kad_post_footer":false,"_kad_post_classname":"","footnotes":""},"class_list":["post-30","page","type-page","status-publish","hentry"],"_links":{"self":[{"href":"https:\/\/puntadelgallo.cl\/index.php\/wp-json\/wp\/v2\/pages\/30","targetHints":{"allow":["GET"]}}],"collection":[{"href":"https:\/\/puntadelgallo.cl\/index.php\/wp-json\/wp\/v2\/pages"}],"about":[{"href":"https:\/\/puntadelgallo.cl\/index.php\/wp-json\/wp\/v2\/types\/page"}],"author":[{"embeddable":true,"href":"https:\/\/puntadelgallo.cl\/index.php\/wp-json\/wp\/v2\/users\/2"}],"replies":[{"embeddable":true,"href":"https:\/\/puntadelgallo.cl\/index.php\/wp-json\/wp\/v2\/comments?post=30"}],"version-history":[{"count":3,"href":"https:\/\/puntadelgallo.cl\/index.php\/wp-json\/wp\/v2\/pages\/30\/revisions"}],"predecessor-version":[{"id":1521,"href":"https:\/\/puntadelgallo.cl\/index.php\/wp-json\/wp\/v2\/pages\/30\/revisions\/1521"}],"wp:attachment":[{"href":"https:\/\/puntadelgallo.cl\/index.php\/wp-json\/wp\/v2\/media?parent=30"}],"curies":[{"name":"wp","href":"https:\/\/api.w.org\/{rel}","templated":true}]}}