{"id":38,"date":"2023-06-11T23:28:59","date_gmt":"2023-06-12T03:28:59","guid":{"rendered":"http:\/\/puntadelgallo.cl\/?page_id=38"},"modified":"2023-07-03T18:51:13","modified_gmt":"2023-07-03T22:51:13","slug":"quienes-somos","status":"publish","type":"page","link":"https:\/\/puntadelgallo.cl\/index.php\/quienes-somos\/","title":{"rendered":"\u00bfQui\u00e9nes somos?"},"content":{"rendered":"\n<h2 class=\"wp-block-heading\">HISTORIA DEL NOMBRE PUNTA DEL GALLO<\/h2>\n\n\n\n<p>La Historia del nombre de PDG tiene un detonante: \u201clos piratas\u201d. Esto lo relata muy bien el Manual de Convivencia edici\u00f3n 2018.<br>Tambi\u00e9n se\u00f1ala que \u201cLos que pernoctaban en el lugar, sol\u00edan despertarse con el canto del gallo al amanecer.\u201d<br>\u200bSe dice que una vez al a\u00f1o, se puede ver al mismo tiempo el amanecer y atardecer siendo este el verdadero tesoro del gallo. (Palabreo de amigos 30\/06\/20 en cuarentena).\u00a0<\/p>\n","protected":false},"excerpt":{"rendered":"<p>HISTORIA DEL NOMBRE PUNTA DEL GALLO La Historia del nombre de PDG tiene un detonante: \u201clos piratas\u201d. Esto lo relata muy bien el Manual de Convivencia edici\u00f3n 2018.Tambi\u00e9n se\u00f1ala que \u201cLos que pernoctaban en el lugar, sol\u00edan despertarse con el canto del gallo al amanecer.\u201d\u200bSe dice que una vez al a\u00f1o, se puede ver al&#8230;<\/p>\n","protected":false},"author":2,"featured_media":0,"parent":0,"menu_order":0,"comment_status":"closed","ping_status":"closed","template":"","meta":{"_kad_post_transparent":"","_kad_post_title":"","_kad_post_layout":"","_kad_post_sidebar_id":"","_kad_post_content_style":"","_kad_post_vertical_padding":"","_kad_post_feature":"","_kad_post_feature_position":"","_kad_post_header":false,"_kad_post_footer":false,"_kad_post_classname":"","footnotes":""},"class_list":["post-38","page","type-page","status-publish","hentry"],"_links":{"self":[{"href":"https:\/\/puntadelgallo.cl\/index.php\/wp-json\/wp\/v2\/pages\/38","targetHints":{"allow":["GET"]}}],"collection":[{"href":"https:\/\/puntadelgallo.cl\/index.php\/wp-json\/wp\/v2\/pages"}],"about":[{"href":"https:\/\/puntadelgallo.cl\/index.php\/wp-json\/wp\/v2\/types\/page"}],"author":[{"embeddable":true,"href":"https:\/\/puntadelgallo.cl\/index.php\/wp-json\/wp\/v2\/users\/2"}],"replies":[{"embeddable":true,"href":"https:\/\/puntadelgallo.cl\/index.php\/wp-json\/wp\/v2\/comments?post=38"}],"version-history":[{"count":4,"href":"https:\/\/puntadelgallo.cl\/index.php\/wp-json\/wp\/v2\/pages\/38\/revisions"}],"predecessor-version":[{"id":885,"href":"https:\/\/puntadelgallo.cl\/index.php\/wp-json\/wp\/v2\/pages\/38\/revisions\/885"}],"wp:attachment":[{"href":"https:\/\/puntadelgallo.cl\/index.php\/wp-json\/wp\/v2\/media?parent=38"}],"curies":[{"name":"wp","href":"https:\/\/api.w.org\/{rel}","templated":true}]}}