{"id":405,"date":"2023-06-22T18:15:31","date_gmt":"2023-06-22T22:15:31","guid":{"rendered":"http:\/\/puntadelgallo.cl\/?page_id=405"},"modified":"2025-10-24T18:01:19","modified_gmt":"2025-10-24T22:01:19","slug":"centro-de-reciclaje","status":"publish","type":"page","link":"https:\/\/puntadelgallo.cl\/index.php\/centro-de-reciclaje\/","title":{"rendered":"Centro de Acopio y Reciclaje"},"content":{"rendered":"\n<p>A unos 50 metros de la porter\u00eda est\u00e1 el Centro de Acopio y Reciclaje. Los camiones de la municipalidad vienen semanalmente y retiran la basura y lo reciclable.<\/p>\n\n\n\n<p>Los vecinos pueden dejar su basura domiciliaria general y el material reciclable en el centro de acopio y reciclaje seg\u00fan lo indicado por la se\u00f1al\u00e9tica, la que adem\u00e1s se aprecia en este esquema de distribuci\u00f3n:<\/p>\n\n\n\n<div class=\"wp-block-columns is-layout-flex wp-container-core-columns-is-layout-9d6595d7 wp-block-columns-is-layout-flex\">\n<div class=\"wp-block-column is-layout-flow wp-block-column-is-layout-flow\">\n<figure class=\"wp-block-image size-large\"><img loading=\"lazy\" decoding=\"async\" width=\"1024\" height=\"573\" src=\"http:\/\/puntadelgallo.cl\/wp-content\/uploads\/2025\/09\/Esquema-Centro-de-Acopio-1024x573.png\" alt=\"\" class=\"wp-image-1924\" srcset=\"https:\/\/puntadelgallo.cl\/wp-content\/uploads\/2025\/09\/Esquema-Centro-de-Acopio-1024x573.png 1024w, https:\/\/puntadelgallo.cl\/wp-content\/uploads\/2025\/09\/Esquema-Centro-de-Acopio-300x168.png 300w, https:\/\/puntadelgallo.cl\/wp-content\/uploads\/2025\/09\/Esquema-Centro-de-Acopio-768x430.png 768w, https:\/\/puntadelgallo.cl\/wp-content\/uploads\/2025\/09\/Esquema-Centro-de-Acopio.png 1131w\" sizes=\"auto, (max-width: 1024px) 100vw, 1024px\" \/><\/figure>\n<\/div>\n\n\n\n<div class=\"wp-block-column is-layout-flow wp-block-column-is-layout-flow\">\n<figure class=\"wp-block-image size-full is-resized\"><img loading=\"lazy\" decoding=\"async\" width=\"409\" height=\"308\" src=\"http:\/\/puntadelgallo.cl\/wp-content\/uploads\/2023\/06\/Centro-reciclaje.jpg\" alt=\"\" class=\"wp-image-711\" style=\"width:526px;height:auto\" srcset=\"https:\/\/puntadelgallo.cl\/wp-content\/uploads\/2023\/06\/Centro-reciclaje.jpg 409w, https:\/\/puntadelgallo.cl\/wp-content\/uploads\/2023\/06\/Centro-reciclaje-300x226.jpg 300w\" sizes=\"auto, (max-width: 409px) 100vw, 409px\" \/><\/figure>\n<\/div>\n<\/div>\n\n\n\n<p class=\"has-medium-font-size\"><strong>\u00a1Recordamos que no se puede dejar deshechos de construcci\u00f3n!<\/strong><\/p>\n\n\n\n<p>A continuaci\u00f3n se presenta informaci\u00f3n clave sobre el proceso de reciclaje y le pedimos a los vecinos encarecidamente que sigan los lineamientos aqu\u00ed establecidos.<\/p>\n\n\n\n<h2 class=\"wp-block-heading\"><strong>INFORME SESI\u00d3N DE CAPACITACION DE LA MUNICIPALIDAD DE CASABLANCA<\/strong><\/h2>\n\n\n\n<p>Este informe recorre un camino inverso: desde el destino de nuestros residuos a las indicaciones para su correcta disposici\u00f3n en el centro de reciclaje. Esto con el prop\u00f3sito de sensibilizar y contar con elementos que nos permitan asumir un compromiso informado.<\/p>\n\n\n\n<p>Somos un eslab\u00f3n de una cadena larga y extensa y es necesario tomar conciencia de esto para hacer concreto el discurso del cuidado de nuestro entorno y del planeta. Las indicaciones de este instructivo implican incorporar pr\u00e1cticas que, si bien no son complejas, nos van a tomar unos minutos m\u00e1s de tiempo.<\/p>\n\n\n\n<p>Nos gustar\u00eda tener la capacidad de reciclar mayor tipo de residuos, pero las capacidades, tanto municipales como nacionales, no lo permiten por el momento. En este contexto, si alguno de ustedes tiene la posibilidad de reciclar otro tipo de residuos en Santiago (u otro lugar) le sugerimos llevarlos hasta esos puntos.<\/p>\n\n\n\n<p><strong>I.- DESTINO DE LOS RESIDUOS<\/strong><\/p>\n\n\n\n<ol style=\"list-style-type:lower-alpha\" class=\"wp-block-list\">\n<li>Vidrio (Reciclaje): COANIQUEM (Corporaci\u00f3n de ayuda al ni\u00f1o quemado)<\/li>\n\n\n\n<li>Papel (Reciclaje): Fundaci\u00f3n San Jos\u00e9 para la Adopci\u00f3n<\/li>\n\n\n\n<li>Botellas desechables PET 1 (Reciclaje): El Refugio Mi Dulce Hogar, refugio de perros abandonados<\/li>\n\n\n\n<li>Botellas y bidones HDPE 2 (Reciclaje): Fundaci\u00f3n Revalora (reciclaje sostenible)<\/li>\n\n\n\n<li>Ecobotellas LDPE 4 (Reciclaje): &nbsp;Fundaci\u00f3n Revalora (reciclaje sostenible)<\/li>\n\n\n\n<li>Tetra pack (Reutilizaci\u00f3n) = \u00d3bolo Brick, estos no se reciclan, sino que se transforman en planchas aislantes para la construcci\u00f3n<\/li>\n\n\n\n<li>Latas = Acopio para posterior reciclaje.<\/li>\n<\/ol>\n\n\n\n<p>II.- <strong>CORRECTA DISPOSICI\u00d3N DE RESIDUOS EN CENTRO DE RECICLAJE \u2013 PUNTA DEL GALLO<\/strong><\/p>\n\n\n\n<p>a) <strong>Papeles y cartones: <\/strong>las cajas de cart\u00f3n deben ir sin la cinta de embalaje ni grapas de metal. &nbsp;Deben ir desarmados para disminuir volumen.<\/p>\n\n\n\n<p>Se pueden reciclar:<\/p>\n\n\n\n<ul class=\"wp-block-list\">\n<li>Cajas de cart\u00f3n<\/li>\n\n\n\n<li>Duplex<\/li>\n\n\n\n<li>Papel de diario<\/li>\n\n\n\n<li>Revistas<\/li>\n\n\n\n<li>Libros (sin tapas)<\/li>\n\n\n\n<li>Cuadernos<\/li>\n<\/ul>\n\n\n\n<p><strong>No son reciclables<\/strong> las cajas de cart\u00f3n con contenidos org\u00e1nicos (por ejemplo, pizza) o sacos de materiales que pueden contaminar (por ejemplo, sacos de cemento), boletas, papel de regalo.<\/p>\n\n\n\n<p>b) <strong>Botellas y bidones de pl\u00e1stico PET 1: <\/strong>estos est\u00e1n compuestos de 3 tipos de pol\u00edmeros de distinta densidad; tapa\/golletes (alta densidad \u2013 HDPE 2), etiqueta (baja densidad \u2013 LDPE 4) y botella (PET 1). Por esta raz\u00f3n deben ir separados y para eso hay en los canastos de dep\u00f3sito, un contendor peque\u00f1o para depositar tapas y golletes donde tambi\u00e9n se pueden poner las cajas pl\u00e1sticas de helados (respecto al pl\u00e1stico LDPE 4, ver m\u00e1s adelante).<\/p>\n\n\n\n<p>Deben ir aplastados para disminuir el volumen en los canastos.<\/p>\n\n\n\n<p>En la Planta Municipal de Segregaci\u00f3n se separan los pl\u00e1sticos por colores, pues reciben distinto tratamiento de reciclaje.<\/p>\n\n\n\n<p><strong>No son reciclables<\/strong>: bandejas de plumavit, potes de yogurt, pl\u00e1sticos con residuos org\u00e1nicos o t\u00f3xicos.<\/p>\n\n\n\n<p><strong>Sin embargo, <\/strong>tambi\u00e9n es posible rellenar bidones y botellas pl\u00e1sticos con pl\u00e1sticos con los n\u00fameros 2, 4, 5 y 7. Si se trata de material duro habr\u00eda que cortarlo en pedazos peque\u00f1os. Es importante compactar este material pl\u00e1stico dentro de los bidones y botellas (aplast\u00e1ndolos dentro de ellos con una varilla o una cucharra de &nbsp;palo). Estos residuos la Municipalidad los entrega a la Fundaci\u00f3n REVALORA que los procesa como \u201cecomadera\u201d o \u201cmadera pl\u00e1stica\u201d, con la cual se producen muebles de terraza, entre otros.<\/p>\n\n\n\n<p>c) <strong>Vidrios: <\/strong>deben ir enjuagados y sin corcho ni tapas. Los vidrios rotos deben ir en bolsas para evitar da\u00f1o en las personas que lo recogen.<\/p>\n\n\n\n<p><strong>No se reciben<\/strong> vidrios termolaminados.<\/p>\n\n\n\n<p>d) <strong>Latas: <\/strong>deben estar limpias y aplastadas para disminuir su volumen.<\/p>\n\n\n\n<p><strong>No se reciben<\/strong> otros residuos met\u00e1licos como latas de conserva o tarros de aerosol pues Casablanca no tienen mecanismos de reciclaje. Opciones: llevarlos a un punto limpio en Santiago o dejarlos en la basura general.<\/p>\n\n\n\n<p>e) <strong>Tetra pack: <\/strong>estas cajas tienen 3 materiales: cart\u00f3n, pl\u00e1stico y aluminio. Se deben abrir completamente, lavar y aplastar adem\u00e1s de sacar la tapa y el gollete pl\u00e1stico que contiene pegamento. Por esta combinaci\u00f3n de materiales, estas cajas no se reciclan, sino se reutilizan en la producci\u00f3n de material aislante para la construcci\u00f3n que lo hace la empresa \u00d3bolo Brick.<\/p>\n\n\n\n<p>III. <strong>LUGAR DE PRE-TRATAMIENTO<\/strong><\/p>\n\n\n\n<p>Esto se realiza en la Planta Municipal de Segregaci\u00f3n en Casablanca. All\u00ed se realizan tres procesos:<\/p>\n\n\n\n<ol style=\"list-style-type:lower-alpha\" class=\"wp-block-list\">\n<li>Separaci\u00f3n<\/li>\n\n\n\n<li>Compactaci\u00f3n<\/li>\n\n\n\n<li>Acopio y distribuci\u00f3n<\/li>\n<\/ol>\n\n\n\n<p>La separaci\u00f3n de residuos se realiza de forma manual, esto quiere decir que lo hacen personas como nosotros\/as y por eso es muy <strong>importante<\/strong> seguir las instrucciones para evitar que se vean expuestos a situaci\u00f3n de malos olores, descomposici\u00f3n del contenido o riegos de da\u00f1o f\u00edsico.<\/p>\n\n\n\n<p>Ejemplo:<\/p>\n\n\n\n<ul class=\"wp-block-list\">\n<li>Las cajas de tetra pack de leches deben ir lavadas para que los residuos l\u00e1cteos no se descompongan y generen malos olores.<\/li>\n<\/ul>\n\n\n\n<p class=\"has-text-align-center has-theme-palette-7-background-color has-background\" style=\"font-size:21px\"><strong>TODOS LOS RESIDUOS QUE NO SON RECICLABLES O REUTILIZABLES EN NUESTRO CENTRO DE RECICLAJE, ES BASURA NORMAL Y VA EN LOS CONTENEDORES DE BASURA GENERAL<\/strong><\/p>\n\n\n\n<p>IV. <strong>TIPO DE RESIDUOS QUE SE RECICLAN O REUTILIZAN (ilustraci\u00f3n)<\/strong><\/p>\n\n\n\n<div class=\"wp-block-columns is-layout-flex wp-container-core-columns-is-layout-9d6595d7 wp-block-columns-is-layout-flex\">\n<div class=\"wp-block-column is-layout-flow wp-block-column-is-layout-flow\">\n<div class=\"wp-block-buttons alignwide is-content-justification-center is-layout-flex wp-container-core-buttons-is-layout-16018d1d wp-block-buttons-is-layout-flex\">\n<div class=\"wp-block-button\"><a class=\"wp-block-button__link wp-element-button\">Cart\u00f3n:  <br>Cart\u00f3n corrugado y duplex<\/a><\/div>\n<\/div>\n<\/div>\n\n\n\n<div class=\"wp-block-column is-layout-flow wp-block-column-is-layout-flow\">\n<figure class=\"wp-block-image size-full is-resized\"><img loading=\"lazy\" decoding=\"async\" width=\"305\" height=\"231\" src=\"http:\/\/puntadelgallo.cl\/wp-content\/uploads\/2023\/06\/carton1.jpg\" alt=\"\" class=\"wp-image-413\" style=\"width:272px;height:206px\" srcset=\"https:\/\/puntadelgallo.cl\/wp-content\/uploads\/2023\/06\/carton1.jpg 305w, https:\/\/puntadelgallo.cl\/wp-content\/uploads\/2023\/06\/carton1-300x227.jpg 300w\" sizes=\"auto, (max-width: 305px) 100vw, 305px\" \/><\/figure>\n<\/div>\n\n\n\n<div class=\"wp-block-column is-layout-flow wp-block-column-is-layout-flow\">\n<figure class=\"wp-block-image size-full\"><img loading=\"lazy\" decoding=\"async\" width=\"233\" height=\"233\" src=\"http:\/\/puntadelgallo.cl\/wp-content\/uploads\/2023\/06\/carton2.jpg\" alt=\"\" class=\"wp-image-414\" srcset=\"https:\/\/puntadelgallo.cl\/wp-content\/uploads\/2023\/06\/carton2.jpg 233w, https:\/\/puntadelgallo.cl\/wp-content\/uploads\/2023\/06\/carton2-150x150.jpg 150w\" sizes=\"auto, (max-width: 233px) 100vw, 233px\" \/><\/figure>\n<\/div>\n<\/div>\n\n\n\n<div class=\"wp-block-columns is-layout-flex wp-container-core-columns-is-layout-9d6595d7 wp-block-columns-is-layout-flex\">\n<div class=\"wp-block-column is-layout-flow wp-block-column-is-layout-flow\">\n<div class=\"wp-block-buttons alignwide is-content-justification-center is-layout-flex wp-container-core-buttons-is-layout-16018d1d wp-block-buttons-is-layout-flex\">\n<div class=\"wp-block-button has-custom-width wp-block-button__width-75\"><a class=\"wp-block-button__link wp-element-button\"><br><strong>Papel:<\/strong><br>Papel blanco, diario, revista, cuadernos y libros<br><\/a><\/div>\n<\/div>\n<\/div>\n\n\n\n<div class=\"wp-block-column is-layout-flow wp-block-column-is-layout-flow\">\n<figure class=\"wp-block-image size-full\"><img loading=\"lazy\" decoding=\"async\" width=\"306\" height=\"194\" src=\"http:\/\/puntadelgallo.cl\/wp-content\/uploads\/2023\/06\/Papel-1.jpg\" alt=\"\" class=\"wp-image-417\" srcset=\"https:\/\/puntadelgallo.cl\/wp-content\/uploads\/2023\/06\/Papel-1.jpg 306w, https:\/\/puntadelgallo.cl\/wp-content\/uploads\/2023\/06\/Papel-1-300x190.jpg 300w\" sizes=\"auto, (max-width: 306px) 100vw, 306px\" \/><\/figure>\n<\/div>\n\n\n\n<div class=\"wp-block-column is-layout-flow wp-block-column-is-layout-flow\">\n<figure class=\"wp-block-image size-full\"><img loading=\"lazy\" decoding=\"async\" width=\"347\" height=\"192\" src=\"http:\/\/puntadelgallo.cl\/wp-content\/uploads\/2023\/06\/Papel-2.jpg\" alt=\"\" class=\"wp-image-418\" srcset=\"https:\/\/puntadelgallo.cl\/wp-content\/uploads\/2023\/06\/Papel-2.jpg 347w, https:\/\/puntadelgallo.cl\/wp-content\/uploads\/2023\/06\/Papel-2-300x166.jpg 300w\" sizes=\"auto, (max-width: 347px) 100vw, 347px\" \/><\/figure>\n<\/div>\n<\/div>\n\n\n\n<div class=\"wp-block-columns is-layout-flex wp-container-core-columns-is-layout-9d6595d7 wp-block-columns-is-layout-flex\">\n<div class=\"wp-block-column is-layout-flow wp-block-column-is-layout-flow\">\n<div class=\"wp-block-buttons is-content-justification-center is-layout-flex wp-container-core-buttons-is-layout-16018d1d wp-block-buttons-is-layout-flex\">\n<div class=\"wp-block-button has-custom-width wp-block-button__width-100\"><a class=\"wp-block-button__link has-theme-palette-6-background-color has-background wp-element-button\"><br><br>Pl\u00e1sticos:<br>PET, HDPE y LDPE.<br><br><\/a><\/div>\n<\/div>\n<\/div>\n\n\n\n<div class=\"wp-block-column is-layout-flow wp-block-column-is-layout-flow\">\n<figure class=\"wp-block-image size-full\"><img loading=\"lazy\" decoding=\"async\" width=\"282\" height=\"312\" src=\"http:\/\/puntadelgallo.cl\/wp-content\/uploads\/2023\/06\/Plasticos-1.jpg\" alt=\"\" class=\"wp-image-425\" srcset=\"https:\/\/puntadelgallo.cl\/wp-content\/uploads\/2023\/06\/Plasticos-1.jpg 282w, https:\/\/puntadelgallo.cl\/wp-content\/uploads\/2023\/06\/Plasticos-1-271x300.jpg 271w\" sizes=\"auto, (max-width: 282px) 100vw, 282px\" \/><\/figure>\n<\/div>\n\n\n\n<div class=\"wp-block-column is-layout-flow wp-block-column-is-layout-flow\">\n<figure class=\"wp-block-image size-full is-resized\"><img loading=\"lazy\" decoding=\"async\" width=\"165\" height=\"126\" src=\"http:\/\/puntadelgallo.cl\/wp-content\/uploads\/2023\/06\/Plasticos-2.jpg\" alt=\"\" class=\"wp-image-426\" style=\"width:338px;height:259px\"\/><\/figure>\n<\/div>\n<\/div>\n\n\n\n<div class=\"wp-block-columns is-layout-flex wp-container-core-columns-is-layout-9d6595d7 wp-block-columns-is-layout-flex\">\n<div class=\"wp-block-column is-layout-flow wp-block-column-is-layout-flow\">\n<div class=\"wp-block-buttons is-content-justification-center is-layout-flex wp-container-core-buttons-is-layout-16018d1d wp-block-buttons-is-layout-flex\">\n<div class=\"wp-block-button has-custom-width wp-block-button__width-100\"><a class=\"wp-block-button__link has-theme-palette-3-background-color has-background wp-element-button\"><br><br><strong>Vidrio:<\/strong><br>Botellas, frascos y ventanas no termolaminadas<br><br><\/a><\/div>\n<\/div>\n<\/div>\n\n\n\n<div class=\"wp-block-column is-layout-flow wp-block-column-is-layout-flow\"><div class=\"wp-block-image\">\n<figure class=\"aligncenter size-full is-resized\"><img loading=\"lazy\" decoding=\"async\" width=\"402\" height=\"302\" src=\"http:\/\/puntadelgallo.cl\/wp-content\/uploads\/2023\/06\/Botellas.jpg\" alt=\"\" class=\"wp-image-427\" style=\"width:404px;height:304px\" srcset=\"https:\/\/puntadelgallo.cl\/wp-content\/uploads\/2023\/06\/Botellas.jpg 402w, https:\/\/puntadelgallo.cl\/wp-content\/uploads\/2023\/06\/Botellas-300x225.jpg 300w\" sizes=\"auto, (max-width: 402px) 100vw, 402px\" \/><\/figure>\n<\/div><\/div>\n<\/div>\n\n\n\n<div class=\"wp-block-columns is-layout-flex wp-container-core-columns-is-layout-9d6595d7 wp-block-columns-is-layout-flex\">\n<div class=\"wp-block-column is-layout-flow wp-block-column-is-layout-flow\">\n<div class=\"wp-block-buttons is-layout-flex wp-block-buttons-is-layout-flex\">\n<div class=\"wp-block-button has-custom-width wp-block-button__width-100\"><a class=\"wp-block-button__link has-theme-palette-6-background-color has-background wp-element-button\"><br><br><strong>Latas de aluminio:<\/strong><br>Latas de bebidas y cerveza<br><br><\/a><\/div>\n<\/div>\n<\/div>\n\n\n\n<div class=\"wp-block-column is-layout-flow wp-block-column-is-layout-flow\"><div class=\"wp-block-image\">\n<figure class=\"aligncenter size-full is-resized\"><img loading=\"lazy\" decoding=\"async\" width=\"269\" height=\"269\" src=\"http:\/\/puntadelgallo.cl\/wp-content\/uploads\/2023\/06\/Latas.jpg\" alt=\"\" class=\"wp-image-428\" style=\"width:309px;height:309px\" srcset=\"https:\/\/puntadelgallo.cl\/wp-content\/uploads\/2023\/06\/Latas.jpg 269w, https:\/\/puntadelgallo.cl\/wp-content\/uploads\/2023\/06\/Latas-150x150.jpg 150w\" sizes=\"auto, (max-width: 269px) 100vw, 269px\" \/><\/figure>\n<\/div><\/div>\n<\/div>\n\n\n\n<div class=\"wp-block-columns is-layout-flex wp-container-core-columns-is-layout-9d6595d7 wp-block-columns-is-layout-flex\">\n<div class=\"wp-block-column is-layout-flow wp-block-column-is-layout-flow\">\n<div class=\"wp-block-buttons is-layout-flex wp-block-buttons-is-layout-flex\">\n<div class=\"wp-block-button has-custom-width wp-block-button__width-100\"><a class=\"wp-block-button__link wp-element-button\"><br>Cart\u00f3n para bebidas:<br>Tetrapack<br><\/a><\/div>\n<\/div>\n<\/div>\n\n\n\n<div class=\"wp-block-column is-layout-flow wp-block-column-is-layout-flow\"><div class=\"wp-block-image\">\n<figure class=\"aligncenter size-full is-resized\"><img loading=\"lazy\" decoding=\"async\" width=\"325\" height=\"325\" src=\"http:\/\/puntadelgallo.cl\/wp-content\/uploads\/2023\/06\/Tatrapack.jpg\" alt=\"\" class=\"wp-image-429\" style=\"width:235px;height:235px\" srcset=\"https:\/\/puntadelgallo.cl\/wp-content\/uploads\/2023\/06\/Tatrapack.jpg 325w, https:\/\/puntadelgallo.cl\/wp-content\/uploads\/2023\/06\/Tatrapack-300x300.jpg 300w, https:\/\/puntadelgallo.cl\/wp-content\/uploads\/2023\/06\/Tatrapack-150x150.jpg 150w\" sizes=\"auto, (max-width: 325px) 100vw, 325px\" \/><\/figure>\n<\/div><\/div>\n<\/div>\n\n\n\n<p><strong>V. Audiovisuales sobre CTI y reciclaje de Casablanca y ecobotellas<\/strong><\/p>\n\n\n\n<p><a href=\"https:\/\/municipalidadcasablanca.cl\/index.php\/unidades-municipales\/departamento-de-medioambiente\/reciclaje\">https:\/\/municipalidadcasablanca.cl\/index.php\/unidades-municipales\/departamento-de-medioambiente\/reciclaje<\/a><\/p>\n\n\n\n<figure class=\"wp-block-embed is-type-video is-provider-youtube wp-block-embed-youtube wp-embed-aspect-16-9 wp-has-aspect-ratio\"><div class=\"wp-block-embed__wrapper\">\n<iframe loading=\"lazy\" title=\"CTI: Centro de tratamiento intermedio de Residuos.\" width=\"720\" height=\"405\" src=\"https:\/\/www.youtube.com\/embed\/YZ9PngMdlbk?feature=oembed\" frameborder=\"0\" allow=\"accelerometer; autoplay; clipboard-write; encrypted-media; gyroscope; picture-in-picture; web-share\" referrerpolicy=\"strict-origin-when-cross-origin\" allowfullscreen><\/iframe>\n<\/div><\/figure>\n\n\n\n<figure class=\"wp-block-embed is-type-video is-provider-youtube wp-block-embed-youtube wp-embed-aspect-16-9 wp-has-aspect-ratio\"><div class=\"wp-block-embed__wrapper\">\n<iframe loading=\"lazy\" title=\"ECO BOTELLAS: \u00bfQue son y como hacemos una?\" width=\"720\" height=\"405\" src=\"https:\/\/www.youtube.com\/embed\/EwOcma1gJxA?feature=oembed\" frameborder=\"0\" allow=\"accelerometer; autoplay; clipboard-write; encrypted-media; gyroscope; picture-in-picture; web-share\" referrerpolicy=\"strict-origin-when-cross-origin\" allowfullscreen><\/iframe>\n<\/div><\/figure>\n\n\n\n<p><\/p>\n","protected":false},"excerpt":{"rendered":"<p>A unos 50 metros de la porter\u00eda est\u00e1 el Centro de Acopio y Reciclaje. Los camiones de la municipalidad vienen semanalmente y retiran la basura y lo reciclable. Los vecinos pueden dejar su basura domiciliaria general y el material reciclable en el centro de acopio y reciclaje seg\u00fan lo indicado por la se\u00f1al\u00e9tica, la que&#8230;<\/p>\n","protected":false},"author":2,"featured_media":0,"parent":0,"menu_order":0,"comment_status":"closed","ping_status":"closed","template":"","meta":{"_kad_post_transparent":"","_kad_post_title":"","_kad_post_layout":"","_kad_post_sidebar_id":"","_kad_post_content_style":"","_kad_post_vertical_padding":"","_kad_post_feature":"","_kad_post_feature_position":"","_kad_post_header":false,"_kad_post_footer":false,"_kad_post_classname":"","footnotes":""},"class_list":["post-405","page","type-page","status-publish","hentry"],"_links":{"self":[{"href":"https:\/\/puntadelgallo.cl\/index.php\/wp-json\/wp\/v2\/pages\/405","targetHints":{"allow":["GET"]}}],"collection":[{"href":"https:\/\/puntadelgallo.cl\/index.php\/wp-json\/wp\/v2\/pages"}],"about":[{"href":"https:\/\/puntadelgallo.cl\/index.php\/wp-json\/wp\/v2\/types\/page"}],"author":[{"embeddable":true,"href":"https:\/\/puntadelgallo.cl\/index.php\/wp-json\/wp\/v2\/users\/2"}],"replies":[{"embeddable":true,"href":"https:\/\/puntadelgallo.cl\/index.php\/wp-json\/wp\/v2\/comments?post=405"}],"version-history":[{"count":20,"href":"https:\/\/puntadelgallo.cl\/index.php\/wp-json\/wp\/v2\/pages\/405\/revisions"}],"predecessor-version":[{"id":1942,"href":"https:\/\/puntadelgallo.cl\/index.php\/wp-json\/wp\/v2\/pages\/405\/revisions\/1942"}],"wp:attachment":[{"href":"https:\/\/puntadelgallo.cl\/index.php\/wp-json\/wp\/v2\/media?parent=405"}],"curies":[{"name":"wp","href":"https:\/\/api.w.org\/{rel}","templated":true}]}}